{"id":4059,"date":"2022-06-07T14:39:04","date_gmt":"2022-06-07T17:39:04","guid":{"rendered":"https:\/\/letsgofitness.cl\/?post_type=product&#038;p=4059"},"modified":"2026-04-10T11:10:17","modified_gmt":"2026-04-10T14:10:17","slug":"rack-de-sentadillas","status":"publish","type":"product","link":"https:\/\/letsgofitness.cl\/index.php\/producto\/rack-de-sentadillas\/","title":{"rendered":"RACK DE SENTADILLAS"},"content":{"rendered":"<h6><em><strong>CARACTER\u00cdSTICAS T\u00c9CNICAS<\/strong><\/em><\/h6>\n<ul>\n<li><strong>Estructura<\/strong>\u00a0construida en tubo oval de acero de 3 mm.<\/li>\n<li>La tecnolog\u00eda de pulverizaci\u00f3n electrost\u00e1tica en polvo termoendurecible hace que la estructura sea brillante y tenga un fuerte impacto visual. Adem\u00e1s, tambi\u00e9n le aporta resistencia a la humedad.<\/li>\n<li>Todos los\u00a0<strong>pernos de uni\u00f3n<\/strong>\u00a0est\u00e1n hechos de acero inoxidable para garantizar la estabilidad y la resistencia de las conexiones de la m\u00e1quina.<\/li>\n<li><strong>Tacos<\/strong>\u00a0de PVC blando en las patas que garantizan la estabilidad y evitan el desgaste.<\/li>\n<li><strong>Los soportes de las barras<\/strong>\u00a0est\u00e1n hechos de poliuretano termopl\u00e1stico, un material altamente resistente y que amortigua el impacto de las barras.<\/li>\n<\/ul>\n<p>&nbsp;<\/p>\n<h6><em><strong>ESPECIFICACIONES T\u00c9CNICAS<\/strong><\/em><\/h6>\n<ul>\n<li><strong>Largo:<\/strong>\u00a0186 cm.<\/li>\n<li><strong>Ancho:<\/strong>\u00a0165 cm.<\/li>\n<li><strong>Alto:<\/strong>\u00a0201 cm.<\/li>\n<li><strong>Peso:<\/strong>\u00a0145 kg.<\/li>\n<\/ul>\n","protected":false},"excerpt":{"rendered":"<p>CARACTER\u00cdSTICAS T\u00c9CNICAS Estructura\u00a0construida en tubo oval de acero de 3 mm. La tecnolog\u00eda de pulverizaci\u00f3n electrost\u00e1tica en polvo termoendurecible hace que la estructura sea brillante y<span class=\"excerpt-hellip\"> [\u2026]<\/span><\/p>\n","protected":false},"featured_media":5872,"template":"","meta":{"_joinchat":[]},"product_brand":[],"product_cat":[140,134,155,122,32,47,51],"product_tag":[],"class_list":{"0":"post-4059","1":"product","2":"type-product","3":"status-publish","4":"has-post-thumbnail","6":"product_cat-bancos-rack-smith","7":"product_cat-bancos-y-racks","8":"product_cat-bancos-rack-smith-bancos-rack-smith","9":"product_cat-stock","10":"product_cat-profesional","11":"product_cat-peso-libre-profesional","12":"product_cat-bancos-rack-profesional","14":"first","15":"outofstock","16":"sale","17":"shipping-taxable","18":"purchasable","19":"product-type-simple"},"_links":{"self":[{"href":"https:\/\/letsgofitness.cl\/index.php\/wp-json\/wp\/v2\/product\/4059","targetHints":{"allow":["GET"]}}],"collection":[{"href":"https:\/\/letsgofitness.cl\/index.php\/wp-json\/wp\/v2\/product"}],"about":[{"href":"https:\/\/letsgofitness.cl\/index.php\/wp-json\/wp\/v2\/types\/product"}],"wp:featuredmedia":[{"embeddable":true,"href":"https:\/\/letsgofitness.cl\/index.php\/wp-json\/wp\/v2\/media\/5872"}],"wp:attachment":[{"href":"https:\/\/letsgofitness.cl\/index.php\/wp-json\/wp\/v2\/media?parent=4059"}],"wp:term":[{"taxonomy":"product_brand","embeddable":true,"href":"https:\/\/letsgofitness.cl\/index.php\/wp-json\/wp\/v2\/product_brand?post=4059"},{"taxonomy":"product_cat","embeddable":true,"href":"https:\/\/letsgofitness.cl\/index.php\/wp-json\/wp\/v2\/product_cat?post=4059"},{"taxonomy":"product_tag","embeddable":true,"href":"https:\/\/letsgofitness.cl\/index.php\/wp-json\/wp\/v2\/product_tag?post=4059"}],"curies":[{"name":"wp","href":"https:\/\/api.w.org\/{rel}","templated":true}]}}