{"id":3931,"date":"2022-05-24T20:15:48","date_gmt":"2022-05-24T23:15:48","guid":{"rendered":"https:\/\/letsgofitness.cl\/?post_type=product&#038;p=3931"},"modified":"2026-04-10T11:10:17","modified_gmt":"2026-04-10T14:10:17","slug":"seated-leg-press-boss-strength","status":"publish","type":"product","link":"https:\/\/letsgofitness.cl\/index.php\/producto\/seated-leg-press-boss-strength\/","title":{"rendered":"SEATED LEG PRESS BOSS STRENGTH PowerCrown"},"content":{"rendered":"<h6>Dise\u00f1o elegante y est\u00e9tico y una calidad para uso profesional. Est\u00e1 ergon\u00f3micamente dise\u00f1ada para proporcionar un movimiento natural y maximizar la efectividad de los ejercicios.<\/h6>\n<p>&nbsp;<\/p>\n<h6><em><strong>CARACTER\u00cdSTICAS T\u00c9CNICAS<\/strong><\/em><\/h6>\n<ul>\n<li>Estructura construida en tubo oval de acero de alta calidad de 3 mm. de espesor.<\/li>\n<li>Partes m\u00f3viles montadas con pletina de 0.5 cm. de espesor.<\/li>\n<li>Partes desmontables de acero macizo con el que se evitan problemas de desgaste.<\/li>\n<li>Las m\u00e1quinas est\u00e1n montadas sobre rodamientos (circulares o lineales) o ruedas de bronce y rodamientos.<\/li>\n<li>Brazos contrabalanceados. Anulan el peso de la parte de la estructura que hay que mover, para levantar s\u00f3lo el peso seleccionado con las placas.<\/li>\n<li>Uso de sistema de levas para desarrollar un peso uniforme. Mantiene el brazo de fuerza con una resistencia constante durante todo el recorrido.<\/li>\n<li>El proceso de pintado de las m\u00e1quinas se realiza en t\u00fanel de tratamiento de cuatro capas, que ofrece una absoluta garant\u00eda contra la corrosi\u00f3n. En la primera capa se procede al desengrasado y fosfatado en caliente. La segunda se trata de un pre fosfatado a temperatura ambiente. En la tercera se procede a fosfatar en caliente. Y por \u00faltimo, se cubre la estructura con pintura epoxi en polvo.<\/li>\n<li>Las placas son de acero calibrado, pintadas en negro, estas tienen anillos de tefl\u00f3n de una calidad superior, lo cual produce un deslizamiento correcto y evita ruidos por fricci\u00f3n.<\/li>\n<li>Selectores de placas magnetizados. Los imanes evitan que el selector se salga durante el ejercicio.<\/li>\n<li>Torre de placas con indicadores de peso en kg. y en lbs.<\/li>\n<li>Las barras gu\u00edas son de acero inoxidable.<\/li>\n<li>Transmisi\u00f3n por cable.<\/li>\n<li>Carenados delantero y trasero para evitar accidentes mientras las placas est\u00e1n en movimiento.<\/li>\n<li>Ajustes del asiento, del respaldo y de los rodillos acolchados. Permite la adaptaci\u00f3n de las m\u00e1quinas a cualquier usuario y ayuda a realizar los ejercicios con la postura correcta.<\/li>\n<li>Selectores de ajuste de color rojo para localizarlos f\u00e1cilmente.<\/li>\n<li>Agarres de goma no absorbente y antideslizante. Son altamente resistentes.<\/li>\n<li>Incluye dos bandejas de gran dimensi\u00f3n como soporte botellero y portaobjetos.<\/li>\n<li>Tapizado con relleno viscoel\u00e1stico y polipiel antibacteriana e ign\u00edfuga.<\/li>\n<li>Pictograma explicativo sobre la postura correcta para la realizaci\u00f3n del ejercicio y los m\u00fasculos implicados en el mismo.<\/li>\n<li>Garant\u00eda estructura: 7 a\u00f1os<\/li>\n<\/ul>\n<p>&nbsp;<\/p>\n<h6><em><strong>ESPECIFICACIONES T\u00c9CNICAS<\/strong><\/em><\/h6>\n<ul>\n<li><strong>Largo:<\/strong>\u00a0186.4 cm.<\/li>\n<li><strong>Ancho:<\/strong>\u00a0118.4 cm.<\/li>\n<li><strong>Alto:<\/strong>\u00a0150 cm.<\/li>\n<li><strong>Peso:<\/strong>\u00a0346 kg.<\/li>\n<li><strong>Carga de placas:<\/strong>\u00a016 placas (20 LB)<\/li>\n<li><strong>Total carga de placas:<\/strong> 150 kg.<\/li>\n<li><strong>Peso m\u00e1ximo usuario:<\/strong>\u00a0180 kg.<\/li>\n<\/ul>\n","protected":false},"excerpt":{"rendered":"<p>COLORES DISPONIBLES:<\/p>\n<ul>\n<li>1 GRIS<\/li>\n<\/ul>\n","protected":false},"featured_media":3898,"template":"","meta":{"_joinchat":[]},"product_brand":[],"product_cat":[132,69,122,32,48],"product_tag":[],"class_list":{"0":"post-3931","1":"product","2":"type-product","3":"status-publish","4":"has-post-thumbnail","6":"product_cat-powercrown","7":"product_cat-profesional-pesointegrado-seated-leg-press","8":"product_cat-stock","9":"product_cat-profesional","10":"product_cat-peso-integrado-profesional","12":"first","13":"outofstock","14":"sale","15":"shipping-taxable","16":"purchasable","17":"product-type-simple"},"_links":{"self":[{"href":"https:\/\/letsgofitness.cl\/index.php\/wp-json\/wp\/v2\/product\/3931","targetHints":{"allow":["GET"]}}],"collection":[{"href":"https:\/\/letsgofitness.cl\/index.php\/wp-json\/wp\/v2\/product"}],"about":[{"href":"https:\/\/letsgofitness.cl\/index.php\/wp-json\/wp\/v2\/types\/product"}],"wp:featuredmedia":[{"embeddable":true,"href":"https:\/\/letsgofitness.cl\/index.php\/wp-json\/wp\/v2\/media\/3898"}],"wp:attachment":[{"href":"https:\/\/letsgofitness.cl\/index.php\/wp-json\/wp\/v2\/media?parent=3931"}],"wp:term":[{"taxonomy":"product_brand","embeddable":true,"href":"https:\/\/letsgofitness.cl\/index.php\/wp-json\/wp\/v2\/product_brand?post=3931"},{"taxonomy":"product_cat","embeddable":true,"href":"https:\/\/letsgofitness.cl\/index.php\/wp-json\/wp\/v2\/product_cat?post=3931"},{"taxonomy":"product_tag","embeddable":true,"href":"https:\/\/letsgofitness.cl\/index.php\/wp-json\/wp\/v2\/product_tag?post=3931"}],"curies":[{"name":"wp","href":"https:\/\/api.w.org\/{rel}","templated":true}]}}