{"id":3925,"date":"2022-05-24T19:14:10","date_gmt":"2022-05-24T22:14:10","guid":{"rendered":"https:\/\/letsgofitness.cl\/?post_type=product&#038;p=3925"},"modified":"2026-04-10T11:17:24","modified_gmt":"2026-04-10T14:17:24","slug":"pectoral-fly-boss-strength","status":"publish","type":"product","link":"https:\/\/letsgofitness.cl\/index.php\/producto\/pectoral-fly-boss-strength\/","title":{"rendered":"PECTORAL FLY PowerCrown Linea KING &#8211; BOSS STRENGTH"},"content":{"rendered":"<p>Peck Fly<strong> Boss Strength<\/strong> ha sido fabricada para uso profesional. Se caracteriza por tener un dise\u00f1o elegante y funcional. Ha sido ergon\u00f3micamente dise\u00f1ada para proporcionar un movimiento natural y maximizar la efectividad de los ejercicios.<\/p>\n<p><strong>CARACTER\u00cdSTICAS T\u00c9CNICAS<\/strong><\/p>\n<ul>\n<li>Estructura construida en tubo oval de acero de alta calidad de 3mm. de espesor.<\/li>\n<li>Partes desmontables de acero macizo con el que se evitan problemas de desgaste.<\/li>\n<li>Las m\u00e1quinas est\u00e1n montadas sobre rodamientos (circulares o lineales) o ruedas de bronce y rodamientos.<\/li>\n<li>Las barras gu\u00edas son de acero inoxidable con tratamiento a alta temperatura.<\/li>\n<li>Poleas con rodamientos que aseguran un movimiento fluido.<\/li>\n<li>Las placas son de acero calibrado de alta calidad laminadas en caliente, cortadas al l\u00e1ser y resistentes a la corrosi\u00f3n. Incluyen casquillos para evitar fricciones y ruido durante el ejercicio.<\/li>\n<li>Transmisi\u00f3n por cable de acero resistente a una carga m\u00e1xima de 1.000 kg.<\/li>\n<li>Pasador de selecci\u00f3n de placas en acero inoxidable con cabezal imantado para evitar que el selector se salga durante el ejercicio.<\/li>\n<li>Contrapeso de acero resistente de alta calidad.<\/li>\n<li>El proceso de pintado de las m\u00e1quinas se realiza en t\u00fanel de tratamiento de dos capas.<\/li>\n<li>Carenado protector en la torre de placas para evitar posibles accidentes mientras las placas est\u00e1n en movimiento.<\/li>\n<li>Regulaciones tanto en el asiento como en el respaldo y los rodillos, lo que permite la adaptaci\u00f3n de las m\u00e1quinas a cualquier usuario y ayuda a realizar los ejercicios con la postura correcta. Regulaci\u00f3n mediante sistema de palanca f\u00e1cil.<\/li>\n<li>Tapizado realizado en goma espuma de 3 cm. de espesor con 150 kg. de presi\u00f3n, y polipiel ignifuga.<\/li>\n<li>Pictogramas explicativos sobre la postura correcta para la realizaci\u00f3n del ejercicio y los m\u00fasculos implicados en el mismo.<\/li>\n<li>Garant\u00eda en la estructura de 7 a\u00f1os.<\/li>\n<\/ul>\n<p>MEDIDAS Y PESO:<\/p>\n<ul>\n<li><strong>Largo:<\/strong> 125 cm<\/li>\n<li><strong>Ancho:<\/strong> 153 cm<\/li>\n<li><strong>Altura:<\/strong> 165 cm<\/li>\n<li><strong>Peso del equipo:<\/strong> 115kg<\/li>\n<\/ul>\n","protected":false},"excerpt":{"rendered":"<p>Peck Fly Boss Strength ha sido fabricada para uso profesional. Se caracteriza por tener un dise\u00f1o elegante y funcional. Ha sido ergon\u00f3micamente dise\u00f1ada para proporcionar un<span class=\"excerpt-hellip\"> [\u2026]<\/span><\/p>\n","protected":false},"featured_media":3921,"template":"","meta":{"_joinchat":[]},"product_brand":[],"product_cat":[135,122,32,48],"product_tag":[],"class_list":{"0":"post-3925","1":"product","2":"type-product","3":"status-publish","4":"has-post-thumbnail","6":"product_cat-oferta","7":"product_cat-stock","8":"product_cat-profesional","9":"product_cat-peso-integrado-profesional","11":"first","12":"instock","13":"sale","14":"shipping-taxable","15":"purchasable","16":"product-type-simple"},"_links":{"self":[{"href":"https:\/\/letsgofitness.cl\/index.php\/wp-json\/wp\/v2\/product\/3925","targetHints":{"allow":["GET"]}}],"collection":[{"href":"https:\/\/letsgofitness.cl\/index.php\/wp-json\/wp\/v2\/product"}],"about":[{"href":"https:\/\/letsgofitness.cl\/index.php\/wp-json\/wp\/v2\/types\/product"}],"wp:featuredmedia":[{"embeddable":true,"href":"https:\/\/letsgofitness.cl\/index.php\/wp-json\/wp\/v2\/media\/3921"}],"wp:attachment":[{"href":"https:\/\/letsgofitness.cl\/index.php\/wp-json\/wp\/v2\/media?parent=3925"}],"wp:term":[{"taxonomy":"product_brand","embeddable":true,"href":"https:\/\/letsgofitness.cl\/index.php\/wp-json\/wp\/v2\/product_brand?post=3925"},{"taxonomy":"product_cat","embeddable":true,"href":"https:\/\/letsgofitness.cl\/index.php\/wp-json\/wp\/v2\/product_cat?post=3925"},{"taxonomy":"product_tag","embeddable":true,"href":"https:\/\/letsgofitness.cl\/index.php\/wp-json\/wp\/v2\/product_tag?post=3925"}],"curies":[{"name":"wp","href":"https:\/\/api.w.org\/{rel}","templated":true}]}}