{"id":3812,"date":"2022-04-29T19:03:55","date_gmt":"2022-04-29T22:03:55","guid":{"rendered":"https:\/\/letsgofitness.cl\/?post_type=product&#038;p=3812"},"modified":"2026-04-10T11:13:04","modified_gmt":"2026-04-10T14:13:04","slug":"par-discos-ziva-20kg","status":"publish","type":"product","link":"https:\/\/letsgofitness.cl\/index.php\/producto\/par-discos-ziva-20kg\/","title":{"rendered":"PAR DISCOS ZIVA 20KG"},"content":{"rendered":"<p>Discos especialmente fabricados en hierro con revestimiento de<strong> Uretano Premium<\/strong> y aro met\u00e1lico central. Permiten 3 posturas de agarre para una amplia variedad de ejercicios. Di\u00e1metro interior de 50 mm (medida ol\u00edmpica).<\/p>\n<ul>\n<li>Su dise\u00f1o con agarre permite usarlos para ejercicios de acondicionamiento, entrenamiento funcional y entrenamiento de fuerza.<\/li>\n<li>Los discos ol\u00edmpicos con agarre siempre ser\u00e1n bienvenidos en tus rutinas diarias.<\/li>\n<li>Son el complemento ideal de tus barras ol\u00edmpicas, todo tipo de racks, bancas de ejercicios o tu propio cuerpo al usarlo con sus agarres para ejercicios de acondicionamiento, u otras disciplinas.<\/li>\n<li>Los entrenamientos enfocados en fuerza &amp; potencia y ejercicios cotidianos como el press de banca y los squat ahora tendr\u00e1n una experiencia m\u00e1s satisfactoria,<\/li>\n<li>Cualquier tipo de usuario puede ejercitarse con ellos, no importando su edad, tama\u00f1o o peso. Funcionales al m\u00e1ximo no solo en tu Home Gym, tambi\u00e9n en entornos comerciales.<\/li>\n<li>Un dise\u00f1o ergon\u00f3mico superior, enfocado en el buen agarre es la clave de nuestra diferencia; cada disco cuenta con tomadas bien contorneadas y c\u00f3modas.<\/li>\n<li>Los orificios centrales de 50MM se adaptar\u00e1n perfecto a cualquier barra ol\u00edmpica est\u00e1ndar.<\/li>\n<\/ul>\n","protected":false},"excerpt":{"rendered":"<p>Discos especialmente fabricados en hierro con revestimiento de Uretano Premium y aro met\u00e1lico central. Permiten 3 posturas de agarre para una amplia variedad de ejercicios. Di\u00e1metro<span class=\"excerpt-hellip\"> [\u2026]<\/span><\/p>\n","protected":false},"featured_media":5742,"template":"","meta":{"_joinchat":[]},"product_brand":[],"product_cat":[106,114,122,32],"product_tag":[],"class_list":{"0":"post-3812","1":"product","2":"type-product","3":"status-publish","4":"has-post-thumbnail","6":"product_cat-accesorios","7":"product_cat-discos","8":"product_cat-stock","9":"product_cat-profesional","11":"first","12":"outofstock","13":"shipping-taxable","14":"purchasable","15":"product-type-simple"},"_links":{"self":[{"href":"https:\/\/letsgofitness.cl\/index.php\/wp-json\/wp\/v2\/product\/3812","targetHints":{"allow":["GET"]}}],"collection":[{"href":"https:\/\/letsgofitness.cl\/index.php\/wp-json\/wp\/v2\/product"}],"about":[{"href":"https:\/\/letsgofitness.cl\/index.php\/wp-json\/wp\/v2\/types\/product"}],"wp:featuredmedia":[{"embeddable":true,"href":"https:\/\/letsgofitness.cl\/index.php\/wp-json\/wp\/v2\/media\/5742"}],"wp:attachment":[{"href":"https:\/\/letsgofitness.cl\/index.php\/wp-json\/wp\/v2\/media?parent=3812"}],"wp:term":[{"taxonomy":"product_brand","embeddable":true,"href":"https:\/\/letsgofitness.cl\/index.php\/wp-json\/wp\/v2\/product_brand?post=3812"},{"taxonomy":"product_cat","embeddable":true,"href":"https:\/\/letsgofitness.cl\/index.php\/wp-json\/wp\/v2\/product_cat?post=3812"},{"taxonomy":"product_tag","embeddable":true,"href":"https:\/\/letsgofitness.cl\/index.php\/wp-json\/wp\/v2\/product_tag?post=3812"}],"curies":[{"name":"wp","href":"https:\/\/api.w.org\/{rel}","templated":true}]}}