{"id":3792,"date":"2022-04-26T10:20:52","date_gmt":"2022-04-26T13:20:52","guid":{"rendered":"https:\/\/letsgofitness.cl\/?post_type=product&#038;p=3792"},"modified":"2026-04-10T11:17:24","modified_gmt":"2026-04-10T14:17:24","slug":"preventa-hack-squat","status":"publish","type":"product","link":"https:\/\/letsgofitness.cl\/index.php\/producto\/preventa-hack-squat\/","title":{"rendered":"HACK SQUAT PRO STRENGTH **OFERTA PAGO CONTADO $1.390.000** (Transferencia)"},"content":{"rendered":"<h5><strong>CARACTERISTICAS T\u00c9CNICAS:<\/strong><\/h5>\n<ul>\n<li>Forjado en<strong> acero de alta resistencia<\/strong>, incorporando agarres engomados, apoyo para espalda y para hombros con tapiz de cuero artificial.<\/li>\n<li>Estructura de <b>acero de alta calidad ,\u00a0 cuatro soportes para almacenar discos ol\u00edmpicos.<\/b><\/li>\n<li>El Hack Squat ajusta el cuerpo en una posici\u00f3n correcta para lograr m\u00e1xima flexi\u00f3n de rodillas maximizando la tensi\u00f3n y estiramiento de los cu\u00e1driceps.<\/li>\n<li>Soporte para pies ajustable. Cuenta con <strong>5 posiciones de ajustes para modificar el \u00e1ngulo de inclinaci\u00f3n<\/strong> del apoyo de los pies y as\u00ed acomodarse a distintas estructuras corporales.<\/li>\n<\/ul>\n<p>Apto para trabajos con cargas elevadas en quienes buscan intensidad en su entrenamiento.<\/p>\n<p>&nbsp;<\/p>\n<p><strong>DIMENSIONES Y PESO:\u00a0<\/strong><\/p>\n<ul>\n<li>LARGO: 255 cm.<\/li>\n<li>ANCHO: 165 cm.<\/li>\n<li>ALTO: 140 cm.<\/li>\n<li>PESO: 200 Kg.<\/li>\n<li>ANGULO DE INCLINACI\u00d3N: 45\u00b0<\/li>\n<\/ul>\n<p>&nbsp;<\/p>\n","protected":false},"excerpt":{"rendered":"<p>CARACTERISTICAS T\u00c9CNICAS: Forjado en acero de alta resistencia, incorporando agarres engomados, apoyo para espalda y para hombros con tapiz de cuero artificial. Estructura de acero de<span class=\"excerpt-hellip\"> [\u2026]<\/span><\/p>\n","protected":false},"featured_media":12592,"template":"","meta":{"_joinchat":[]},"product_brand":[],"product_cat":[276,135,122,32,50],"product_tag":[],"class_list":{"0":"post-3792","1":"product","2":"type-product","3":"status-publish","4":"has-post-thumbnail","6":"product_cat-oferta-pago-contado","7":"product_cat-oferta","8":"product_cat-stock","9":"product_cat-profesional","10":"product_cat-funcional-profesional","12":"first","13":"outofstock","14":"sale","15":"shipping-taxable","16":"purchasable","17":"product-type-simple"},"_links":{"self":[{"href":"https:\/\/letsgofitness.cl\/index.php\/wp-json\/wp\/v2\/product\/3792","targetHints":{"allow":["GET"]}}],"collection":[{"href":"https:\/\/letsgofitness.cl\/index.php\/wp-json\/wp\/v2\/product"}],"about":[{"href":"https:\/\/letsgofitness.cl\/index.php\/wp-json\/wp\/v2\/types\/product"}],"wp:featuredmedia":[{"embeddable":true,"href":"https:\/\/letsgofitness.cl\/index.php\/wp-json\/wp\/v2\/media\/12592"}],"wp:attachment":[{"href":"https:\/\/letsgofitness.cl\/index.php\/wp-json\/wp\/v2\/media?parent=3792"}],"wp:term":[{"taxonomy":"product_brand","embeddable":true,"href":"https:\/\/letsgofitness.cl\/index.php\/wp-json\/wp\/v2\/product_brand?post=3792"},{"taxonomy":"product_cat","embeddable":true,"href":"https:\/\/letsgofitness.cl\/index.php\/wp-json\/wp\/v2\/product_cat?post=3792"},{"taxonomy":"product_tag","embeddable":true,"href":"https:\/\/letsgofitness.cl\/index.php\/wp-json\/wp\/v2\/product_tag?post=3792"}],"curies":[{"name":"wp","href":"https:\/\/api.w.org\/{rel}","templated":true}]}}