{"id":3746,"date":"2022-04-19T12:09:38","date_gmt":"2022-04-19T15:09:38","guid":{"rendered":"https:\/\/letsgofitness.cl\/?post_type=product&#038;p=3746"},"modified":"2026-04-10T11:17:24","modified_gmt":"2026-04-10T14:17:24","slug":"cerakote-multi-cross-bar","status":"publish","type":"product","link":"https:\/\/letsgofitness.cl\/index.php\/producto\/cerakote-multi-cross-bar\/","title":{"rendered":"Barra OLIMIPCA Cerakote RED &#8211; 8 RODAMIENTOS"},"content":{"rendered":"<p><strong><em>Cerakote Multi Cross Bar <\/em><em>Roja<\/em><\/strong><\/p>\n<p>Barra BOSS STRENGTH cerakote, es ideal para todo tipo de entrenamiento, el revestimiento de Cerakote , como muchas otras innovaciones, se hizo con fines \u00a0militares y luego se avanz\u00f3 para uso civil. El revestimiento de cer\u00e1mica se caracteriza por un alto grado de protecci\u00f3n contra la corrosi\u00f3n, el desgaste y tambi\u00e9n mejora la resistencia ante impactos y ca\u00eddas de la barra en esos duros entrenamientos, lo que garantiza una vida \u00fatil muy larga si se mantiene adecuadamente.<\/p>\n<p><strong>Peso<\/strong> 20 Kg<\/p>\n<p><strong>Carga m\u00e1xima<\/strong> 1500 libras (680 Kilos)<\/p>\n<p><strong>\u00danica<\/strong> con 8 rodamientos aguja (4 por lado)<\/p>\n<p><strong>Longitud<\/strong> de la Barra 2200 mm<\/p>\n<p><strong>Di\u00e1metro<\/strong> de la barra \u00f8 28 mm<\/p>\n<p><strong>Bujes de bronce<\/strong><\/p>\n<p><strong>Seguros seger<\/strong><\/p>\n<p><strong>Resistencia<\/strong> a la tracci\u00f3n del eje es de 190.000 PSI<\/p>\n<p><strong>\u00a1Look impresionante con grabado laser,<\/strong> <strong>se tu propio BOSS en cada entrenamiento!<\/strong><\/p>\n<p>&nbsp;<\/p>\n","protected":false},"excerpt":{"rendered":"<p>Cerakote Multi Cross Bar Roja Barra BOSS STRENGTH cerakote, es ideal para todo tipo de entrenamiento, el revestimiento de Cerakote , como muchas otras innovaciones, se<span class=\"excerpt-hellip\"> [\u2026]<\/span><\/p>\n","protected":false},"featured_media":3743,"template":"","meta":{"_joinchat":[]},"product_brand":[],"product_cat":[106,107,276,108,122,32,47],"product_tag":[],"class_list":{"0":"post-3746","1":"product","2":"type-product","3":"status-publish","4":"has-post-thumbnail","6":"product_cat-accesorios","7":"product_cat-accesorios-barras","8":"product_cat-oferta-pago-contado","9":"product_cat-accesorios-barras-olimpicas","10":"product_cat-stock","11":"product_cat-profesional","12":"product_cat-peso-libre-profesional","14":"first","15":"outofstock","16":"sale","17":"shipping-taxable","18":"purchasable","19":"product-type-simple"},"_links":{"self":[{"href":"https:\/\/letsgofitness.cl\/index.php\/wp-json\/wp\/v2\/product\/3746","targetHints":{"allow":["GET"]}}],"collection":[{"href":"https:\/\/letsgofitness.cl\/index.php\/wp-json\/wp\/v2\/product"}],"about":[{"href":"https:\/\/letsgofitness.cl\/index.php\/wp-json\/wp\/v2\/types\/product"}],"wp:featuredmedia":[{"embeddable":true,"href":"https:\/\/letsgofitness.cl\/index.php\/wp-json\/wp\/v2\/media\/3743"}],"wp:attachment":[{"href":"https:\/\/letsgofitness.cl\/index.php\/wp-json\/wp\/v2\/media?parent=3746"}],"wp:term":[{"taxonomy":"product_brand","embeddable":true,"href":"https:\/\/letsgofitness.cl\/index.php\/wp-json\/wp\/v2\/product_brand?post=3746"},{"taxonomy":"product_cat","embeddable":true,"href":"https:\/\/letsgofitness.cl\/index.php\/wp-json\/wp\/v2\/product_cat?post=3746"},{"taxonomy":"product_tag","embeddable":true,"href":"https:\/\/letsgofitness.cl\/index.php\/wp-json\/wp\/v2\/product_tag?post=3746"}],"curies":[{"name":"wp","href":"https:\/\/api.w.org\/{rel}","templated":true}]}}