{"id":3607,"date":"2022-04-06T21:07:24","date_gmt":"2022-04-07T00:07:24","guid":{"rendered":"https:\/\/letsgofitness.cl\/?post_type=product&#038;p=3607"},"modified":"2026-04-10T11:17:24","modified_gmt":"2026-04-10T14:17:24","slug":"boss-strength-seated-row-2","status":"publish","type":"product","link":"https:\/\/letsgofitness.cl\/index.php\/producto\/boss-strength-seated-row-2\/","title":{"rendered":"BOSS STRENGTH CHEST PRESS PowerCrown"},"content":{"rendered":"<p>SEATED CHEST PRESS es convergente. Tiene un dise\u00f1o elegante y est\u00e9tico y su calidad es apta para un <strong>uso profesional.<\/strong>\u00a0Est\u00e1 dise\u00f1ado <strong>ergon\u00f3micamente<\/strong> para proporcionar un movimiento natural, maximizar la efectividad de los ejercicios y cumplir con EN-957 Clase S.<\/p>\n<p><strong>CARACTER\u00cdSTICAS T\u00c9CNICAS<\/strong><\/p>\n<ul>\n<li>Construido en <strong>tubo de acero<\/strong> ovalado de 3 mm de espesor de alta calidad.<\/li>\n<li>Piezas m\u00f3viles montadas con placa de 0,5 cm de espesor.<\/li>\n<li>Piezas desmontables de <strong>acero macizo<\/strong> que evitan problemas de desgaste<\/li>\n<li>Las m\u00e1quinas est\u00e1n montadas sobre cojinetes (circulares o lineales) o ruedas y cojinetes de bronce.<\/li>\n<li>Brazos contrapesados que compensan el peso de la parte de la estructura a mover, de manera que el usuario solo levanta el peso seleccionado con las placas.<\/li>\n<li>Uso del sistema de levas para desarrollar un <strong>peso uniforme<\/strong>.\u00a0Mantiene una resistencia constante para el brazo de potencia durante todo el ejercicio.<\/li>\n<li>El proceso de <strong>pintura y anticorrosi\u00f3n<\/strong> de 4 etapas brinda garant\u00eda contra la corrosi\u00f3n.\u00a0La primera capa es donde la estructura se desengrasa y fosfata a temperatura.\u00a0La segunda es una aplicaci\u00f3n de prefosfato a temperatura ambiente.\u00a0En el tercero se realiza el fosfatado en caliente.\u00a0Y por \u00faltimo, la estructura se recubre con acabado epoxi power Coated.<\/li>\n<li>Las placas son de <strong>acero calibrado<\/strong>, pintadas de negro, cuentan con anillos de tefl\u00f3n de calidad superior, lo que produce un correcto deslizamiento y evita ruidos de fricci\u00f3n.<\/li>\n<li>Selectores de <strong>placa imantada<\/strong>.\u00a0Los imanes evitan que el selector se suelte durante el ejercicio.<\/li>\n<li>Torre de platos con<strong> indicadores de peso<\/strong> en kg.\u00a0y libras<\/li>\n<li>Las barras gu\u00eda est\u00e1n hechas de <strong>acero inoxidable<\/strong>.<\/li>\n<li>transmisi\u00f3n por cable<\/li>\n<li>Carenados delantero y trasero para evitar accidentes mientras las placas est\u00e1n en movimiento.<\/li>\n<li>Respaldo de asiento acolchado y ajustes de rodillos.\u00a0Las m\u00e1quinas se pueden adaptar a cualquier usuario, ayud\u00e1ndole a realizar los ejercicios desde la postura correcta.<\/li>\n<li>Perillas de ajuste rojas para una f\u00e1cil ubicaci\u00f3n.<\/li>\n<li>Mangos de goma no absorbentes y antideslizantes.\u00a0Son altamente resistentes.<\/li>\n<li>Incluye dos bandejas de gran tama\u00f1o que sirven como botellero y portaobjetos.<\/li>\n<li>Tapizado con acolchado viscoel\u00e1stico y <strong>polipiel antibacteriana e ign\u00edfuga<\/strong>.<\/li>\n<li>Pictograma explicativo que explica la postura correcta para el ejercicio y qu\u00e9 m\u00fasculos intervienen.<\/li>\n<li><strong>Garant\u00eda estructura: 7 a\u00f1os.<\/strong><\/li>\n<\/ul>\n<div class=\"resp-tabs-container\">\n<div class=\"resp-tab-content resp-tab-content-active\" aria-labelledby=\"tab_item-1\"><\/div>\n<\/div>\n","protected":false},"excerpt":{"rendered":"<p><strong>DIMENSIONES Y PESO<\/strong><\/p>\n<div class=\"resp-tabs-container\">\n<div class=\"resp-tab-content resp-tab-content-active\" aria-labelledby=\"tab_item-1\">\n<ul>\n<li><strong>Longitud:<\/strong>\u00a0155,5 cm.<\/li>\n<li><strong>Ancho:<\/strong>\u00a098,5 cm.<\/li>\n<li><strong>Altura:<\/strong>\u00a0181,5 cm.<\/li>\n<li><strong>Peso:<\/strong>\u00a0182 kg.<\/li>\n<li><strong>Carga total placa:<\/strong> 109 kg.<\/li>\n<li><strong>Peso m\u00e1ximo del usuario:<\/strong>\u00a0180 kg.<\/li>\n<\/ul>\n<\/div>\n<\/div>\n","protected":false},"featured_media":3907,"template":"","meta":{"_joinchat":[]},"product_brand":[],"product_cat":[132,122,32,48],"product_tag":[],"class_list":{"0":"post-3607","1":"product","2":"type-product","3":"status-publish","4":"has-post-thumbnail","6":"product_cat-powercrown","7":"product_cat-stock","8":"product_cat-profesional","9":"product_cat-peso-integrado-profesional","11":"first","12":"outofstock","13":"sale","14":"shipping-taxable","15":"purchasable","16":"product-type-simple"},"_links":{"self":[{"href":"https:\/\/letsgofitness.cl\/index.php\/wp-json\/wp\/v2\/product\/3607","targetHints":{"allow":["GET"]}}],"collection":[{"href":"https:\/\/letsgofitness.cl\/index.php\/wp-json\/wp\/v2\/product"}],"about":[{"href":"https:\/\/letsgofitness.cl\/index.php\/wp-json\/wp\/v2\/types\/product"}],"wp:featuredmedia":[{"embeddable":true,"href":"https:\/\/letsgofitness.cl\/index.php\/wp-json\/wp\/v2\/media\/3907"}],"wp:attachment":[{"href":"https:\/\/letsgofitness.cl\/index.php\/wp-json\/wp\/v2\/media?parent=3607"}],"wp:term":[{"taxonomy":"product_brand","embeddable":true,"href":"https:\/\/letsgofitness.cl\/index.php\/wp-json\/wp\/v2\/product_brand?post=3607"},{"taxonomy":"product_cat","embeddable":true,"href":"https:\/\/letsgofitness.cl\/index.php\/wp-json\/wp\/v2\/product_cat?post=3607"},{"taxonomy":"product_tag","embeddable":true,"href":"https:\/\/letsgofitness.cl\/index.php\/wp-json\/wp\/v2\/product_tag?post=3607"}],"curies":[{"name":"wp","href":"https:\/\/api.w.org\/{rel}","templated":true}]}}