{"id":3606,"date":"2022-04-06T20:55:56","date_gmt":"2022-04-06T23:55:56","guid":{"rendered":"https:\/\/letsgofitness.cl\/?post_type=product&#038;p=3606"},"modified":"2026-04-10T11:17:24","modified_gmt":"2026-04-10T14:17:24","slug":"boss-strength-seated-row","status":"publish","type":"product","link":"https:\/\/letsgofitness.cl\/index.php\/producto\/boss-strength-seated-row\/","title":{"rendered":"BOSS STRENGTH SEATED ROW PowerCrown"},"content":{"rendered":"<p><strong>SEATED ROW<\/strong>\u00a0 es convergente. Tiene un dise\u00f1o elegante y est\u00e9tico y su calidad es apta para un<strong> uso profesional<\/strong>.\u00a0Est\u00e1 dise\u00f1ado <strong>ergon\u00f3micamente<\/strong> para proporcionar un movimiento natural, maximizar la efectividad de los ejercicios.<\/p>\n<p><strong>CARACTER\u00cdSTICAS T\u00c9CNICAS<\/strong><\/p>\n<ul>\n<li>Construido en tubo de<strong> acero ovalado de 3 mm de espeso<\/strong>r de alta calidad.<\/li>\n<li>Piezas m\u00f3viles montadas con placa de 0,5 cm de espesor.<\/li>\n<li>Piezas desmontables de acero macizo que evitan problemas de desgaste<\/li>\n<li>Las m\u00e1quinas est\u00e1n montadas sobre cojinetes (circulares o lineales) o ruedas y cojinetes de bronce.<\/li>\n<li>Brazos contrapesados que compensan el peso de la parte de la estructura a mover, de manera que el usuario solo levanta el peso seleccionado con las placas.<\/li>\n<li>Uso del sistema de levas para desarrollar un peso uniforme.\u00a0Mantiene una resistencia constante para el brazo de potencia durante todo el ejercicio.<\/li>\n<li>El proceso de <strong>pintura y anticorrosi\u00f3n de 4 etapas<\/strong> brinda garant\u00eda contra la corrosi\u00f3n.\u00a0La primera capa es donde la estructura se desengrasa y fosfata a temperatura.\u00a0La segunda es una aplicaci\u00f3n de prefosfato a temperatura ambiente.\u00a0En el tercero se realiza el fosfatado en caliente.\u00a0Y por \u00faltimo, la estructura se recubre con acabado epoxi power Coated.<\/li>\n<li>Las placas son de acero calibrado, pintadas de negro, cuentan con anillos de tefl\u00f3n de calidad superior, lo que produce un <strong>correcto deslizamiento y evita ruidos de fricci\u00f3n.<\/strong><\/li>\n<li>Selectores de placa imantada.\u00a0Los imanes evitan que el selector se suelte durante el ejercicio.<\/li>\n<li>Torre de platos con <strong>indicadores de peso en Kg y Lb.<\/strong><\/li>\n<li>Las barras gu\u00eda est\u00e1n hechas de<strong> acero inoxidable<\/strong>.<\/li>\n<li>Transmisi\u00f3n por cable<\/li>\n<li>Carenados delantero y trasero para evitar accidentes mientras las placas est\u00e1n en movimiento.<\/li>\n<\/ul>\n<p>&nbsp;<\/p>\n<p><strong>DIMENSIONES Y PESO<\/strong><\/p>\n<ul>\n<li><strong>Longitud:<\/strong>\u00a0159 cm.<\/li>\n<li><strong>Ancho:<\/strong>\u00a0111,5 cm.<\/li>\n<li><strong>Altura:<\/strong>\u00a0150 cm.<\/li>\n<li><strong>Peso:<\/strong>\u00a0196 kg.<\/li>\n<li><strong>Carga de platos:<\/strong>\u00a06 platos (10 LB) \u2013 8 platos (20 LB)<\/li>\n<li><strong>Carga total placa:<\/strong> 114 kg.<\/li>\n<li><strong>Peso m\u00e1ximo del usuario:<\/strong>\u00a0180 kg.<\/li>\n<\/ul>\n","protected":false},"excerpt":{"rendered":"<p>SEATED ROW\u00a0 es convergente. Tiene un dise\u00f1o elegante y est\u00e9tico y su calidad es apta para un uso profesional.\u00a0Est\u00e1 dise\u00f1ado ergon\u00f3micamente para proporcionar un movimiento natural,<span class=\"excerpt-hellip\"> [\u2026]<\/span><\/p>\n","protected":false},"featured_media":5931,"template":"","meta":{"_joinchat":[]},"product_brand":[],"product_cat":[130,132,122,32,48],"product_tag":[],"class_list":{"0":"post-3606","1":"product","2":"type-product","3":"status-publish","4":"has-post-thumbnail","6":"product_cat-boss-strength","7":"product_cat-powercrown","8":"product_cat-stock","9":"product_cat-profesional","10":"product_cat-peso-integrado-profesional","12":"first","13":"instock","14":"sale","15":"shipping-taxable","16":"purchasable","17":"product-type-simple"},"_links":{"self":[{"href":"https:\/\/letsgofitness.cl\/index.php\/wp-json\/wp\/v2\/product\/3606","targetHints":{"allow":["GET"]}}],"collection":[{"href":"https:\/\/letsgofitness.cl\/index.php\/wp-json\/wp\/v2\/product"}],"about":[{"href":"https:\/\/letsgofitness.cl\/index.php\/wp-json\/wp\/v2\/types\/product"}],"wp:featuredmedia":[{"embeddable":true,"href":"https:\/\/letsgofitness.cl\/index.php\/wp-json\/wp\/v2\/media\/5931"}],"wp:attachment":[{"href":"https:\/\/letsgofitness.cl\/index.php\/wp-json\/wp\/v2\/media?parent=3606"}],"wp:term":[{"taxonomy":"product_brand","embeddable":true,"href":"https:\/\/letsgofitness.cl\/index.php\/wp-json\/wp\/v2\/product_brand?post=3606"},{"taxonomy":"product_cat","embeddable":true,"href":"https:\/\/letsgofitness.cl\/index.php\/wp-json\/wp\/v2\/product_cat?post=3606"},{"taxonomy":"product_tag","embeddable":true,"href":"https:\/\/letsgofitness.cl\/index.php\/wp-json\/wp\/v2\/product_tag?post=3606"}],"curies":[{"name":"wp","href":"https:\/\/api.w.org\/{rel}","templated":true}]}}