{"id":3534,"date":"2022-03-20T21:52:54","date_gmt":"2022-03-21T00:52:54","guid":{"rendered":"https:\/\/letsgofitness.cl\/?post_type=product&#038;p=3534"},"modified":"2026-05-05T11:26:18","modified_gmt":"2026-05-05T14:26:18","slug":"multipress-shoulder-chest-press-shoulder-press","status":"publish","type":"product","link":"https:\/\/letsgofitness.cl\/index.php\/producto\/multipress-shoulder-chest-press-shoulder-press\/","title":{"rendered":"MULTIPRESS  CHEST PRESS \/ SHOULDER PRESS STACK 132KG SilverBack"},"content":{"rendered":"<p>La <strong>MULTIPRESS CHEST PRESS \u00a0<\/strong>est\u00e1 fabricada para <strong>uso profesional<\/strong>. Tiene un cuidado dise\u00f1o y est\u00e1 <strong>ergon\u00f3micamente<\/strong> dise\u00f1ada para proporcionar un movimiento natural, maximizar la efectividad de los ejercicios.<\/p>\n<p><strong>CARACTER\u00cdSTICAS T\u00c9CNICAS<\/strong><\/p>\n<ul>\n<li>Estructura construida en tubo oval de acero de alta calidad de 3 mm. de espesor.<\/li>\n<li>Partes m\u00f3viles montadas con<strong> pletina de 0.5 cm. de espesor<\/strong>.<\/li>\n<li>Partes desmontables de acero macizo con el que se evitan problemas de desgaste.<\/li>\n<li>Las m\u00e1quinas est\u00e1n montadas sobre rodamientos (circulares o lineales) o ruedas de bronce y rodamientos.<\/li>\n<li>Brazos contrabalanceados. Anulan el peso de la parte de la estructura que hay que mover, para levantar s\u00f3lo el peso seleccionado con las placas.<\/li>\n<li>Uso de sistema de levas para desarrollar un peso uniforme. Mantiene el brazo de fuerza con una resistencia constante durante todo el recorrido.<\/li>\n<li><strong>El proceso de pintado<\/strong> de las m\u00e1quinas se realiza en t\u00fanel de <strong>tratamiento de cuatro capas<\/strong>, que ofrece una absoluta garant\u00eda contra la corrosi\u00f3n. En la primera capa se procede al desengrasado y fosfatado en caliente. La segunda se trata de un pre fosfatado a temperatura ambiente. En la tercera se procede a fosfatar en caliente. Y por \u00faltimo, se cubre la estructura con pintura epoxi en polvo.<\/li>\n<li>Las placas son de acero calibrado, pintadas en negro, estas tienen anillos de tefl\u00f3n de una calidad superior, lo cual produce un deslizamiento correcto y evita ruidos por fricci\u00f3n.<\/li>\n<li>S<strong>electores de placas magnetizado<\/strong>s. Los imanes evitan que el selector se salga durante el ejercicio.<\/li>\n<li>Torre de placas con indicadores de peso en kg y en lbs.<\/li>\n<li>Las barras gu\u00edas son de acero inoxidable.<\/li>\n<li><strong>Transmisi\u00f3n por cable<\/strong>.<\/li>\n<li>Carenados delantero y trasero para evitar accidentes mientras las placas est\u00e1n en movimiento.<\/li>\n<li>Ajustes del asiento, del respaldo y de los rodillos acolchados. Permite la adaptaci\u00f3n de las m\u00e1quinas a cualquier usuario y ayuda a realizar los ejercicios con la postura correcta.<\/li>\n<li>Agarres de goma no absorbente y antideslizante. Son altamente resistentes.<\/li>\n<li>Tapizado realizado en <strong>goma espuma de 3 cm. de espeso<\/strong>r con 150 kg. de presi\u00f3n y polipiel ign\u00edfuga.<\/li>\n<li>Pictograma explicativo sobre la postura correcta para la realizaci\u00f3n del ejercicio y los m\u00fasculos implicados en el mismo.<\/li>\n<li><strong>Garant\u00eda estructura: 5 a\u00f1os.<\/strong><\/li>\n<\/ul>\n","protected":false},"excerpt":{"rendered":"<p><strong>COLOR DISPONIBLE:<\/strong><\/p>\n<ul>\n<li>NEGRO<\/li>\n<\/ul>\n<p>&nbsp;<\/p>\n<p><strong>DIMENSIONES Y PESO:<\/strong><\/p>\n<div class=\"resp-tabs-container\">\n<div class=\"resp-tab-content resp-tab-content-active\" aria-labelledby=\"tab_item-1\">\n<ul>\n<li><b>Largo:\u00a0<\/b>136 cm.<\/li>\n<li><b>Ancho:\u00a0<\/b>198 cm.<\/li>\n<li><b>Alto:\u00a0<\/b>168 cm.<\/li>\n<li><b>Peso:\u00a0<\/b>143 kg.<\/li>\n<li><b>Peso m\u00e1ximo del usuario:\u00a0<\/b>180 kg.<\/li>\n<li><strong>Carga de placas:<\/strong> 113,5 kg.<\/li>\n<li><strong>STACK:<\/strong> 122 kg.<\/li>\n<\/ul>\n<\/div>\n<\/div>\n","protected":false},"featured_media":5905,"template":"","meta":{"_joinchat":[]},"product_brand":[],"product_cat":[122,32,48],"product_tag":[],"class_list":{"0":"post-3534","1":"product","2":"type-product","3":"status-publish","4":"has-post-thumbnail","6":"product_cat-stock","7":"product_cat-profesional","8":"product_cat-peso-integrado-profesional","10":"first","11":"outofstock","12":"sale","13":"shipping-taxable","14":"purchasable","15":"product-type-simple"},"_links":{"self":[{"href":"https:\/\/letsgofitness.cl\/index.php\/wp-json\/wp\/v2\/product\/3534","targetHints":{"allow":["GET"]}}],"collection":[{"href":"https:\/\/letsgofitness.cl\/index.php\/wp-json\/wp\/v2\/product"}],"about":[{"href":"https:\/\/letsgofitness.cl\/index.php\/wp-json\/wp\/v2\/types\/product"}],"wp:featuredmedia":[{"embeddable":true,"href":"https:\/\/letsgofitness.cl\/index.php\/wp-json\/wp\/v2\/media\/5905"}],"wp:attachment":[{"href":"https:\/\/letsgofitness.cl\/index.php\/wp-json\/wp\/v2\/media?parent=3534"}],"wp:term":[{"taxonomy":"product_brand","embeddable":true,"href":"https:\/\/letsgofitness.cl\/index.php\/wp-json\/wp\/v2\/product_brand?post=3534"},{"taxonomy":"product_cat","embeddable":true,"href":"https:\/\/letsgofitness.cl\/index.php\/wp-json\/wp\/v2\/product_cat?post=3534"},{"taxonomy":"product_tag","embeddable":true,"href":"https:\/\/letsgofitness.cl\/index.php\/wp-json\/wp\/v2\/product_tag?post=3534"}],"curies":[{"name":"wp","href":"https:\/\/api.w.org\/{rel}","templated":true}]}}