{"id":3522,"date":"2022-03-17T16:37:32","date_gmt":"2022-03-17T19:37:32","guid":{"rendered":"https:\/\/letsgofitness.cl\/?post_type=product&#038;p=3522"},"modified":"2026-04-10T11:17:24","modified_gmt":"2026-04-10T14:17:24","slug":"squat-standing-calf-boss-strength","status":"publish","type":"product","link":"https:\/\/letsgofitness.cl\/index.php\/producto\/squat-standing-calf-boss-strength\/","title":{"rendered":"SQUAT &#8211; STANDING CALF BOSS STRENGTH PowerCrown"},"content":{"rendered":"<p><em><strong>CARACTER\u00cdSTICAS T\u00c9CNICAS<\/strong><\/em><\/p>\n<ul>\n<li>Estructura construida en tubo oval de<strong> acero de alta calidad de 3 mm. de espesor<\/strong>.<\/li>\n<li>Partes m\u00f3viles montadas con <strong>pletina de 0.5 cm. de espesor.<\/strong><\/li>\n<li>Partes desmontables de acero macizo con el que se evitan problemas de desgaste.<\/li>\n<li>Las m\u00e1quinas est\u00e1n montadas sobre rodamientos (circulares o lineales) o ruedas de bronce y rodamientos.<\/li>\n<li>Brazos contrabalanceados. Anulan el peso de la parte de la estructura que hay que mover, para levantar s\u00f3lo el peso seleccionado con las placas.<\/li>\n<li>Uso de sistema de levas para desarrollar un <strong>peso uniforme<\/strong>. Mantiene el brazo de fuerza con una resistencia constante durante todo el recorrido.<\/li>\n<li>El proceso de pintado de las m\u00e1quinas se realiza en t\u00fanel de tratamiento de cuatro capas, que ofrece una absoluta garant\u00eda contra la corrosi\u00f3n.<\/li>\n<li>Las placas son de acero calibrado, pintadas en negro, estas tienen anillos de tefl\u00f3n de una calidad superior, lo cual produce un deslizamiento correcto y evita ruidos por fricci\u00f3n.<\/li>\n<li>Selectores de placas magnetizados. Los imanes evitan que el selector se salga durante el ejercicio.<\/li>\n<li>Torre de placas con <strong>indicadores de peso en kg. y en lbs.<\/strong><\/li>\n<li>Las barras gu\u00edas son de<strong> acero inoxidable<\/strong>.<\/li>\n<li><strong>Transmisi\u00f3n por cable.<\/strong><\/li>\n<li>Selectores de ajuste de color rojo para localizarlos f\u00e1cilmente.<\/li>\n<li>Agarres de goma no absorbente y antideslizante. Son altamente resistentes.<\/li>\n<li>Pictograma explicativo sobre la postura correcta para la realizaci\u00f3n del ejercicio y los m\u00fasculos implicados en el mismo.<\/li>\n<li><strong>Garant\u00eda estructura: 5 a\u00f1os<\/strong><\/li>\n<\/ul>\n<p>&nbsp;<\/p>\n<p><em><strong>ESPECIFICACIONES T\u00c9CNICAS<\/strong><\/em><\/p>\n<ul>\n<li><strong>Largo:<\/strong>\u00a0133.2 cm.<\/li>\n<li><strong>Ancho:<\/strong>\u00a0117 cm.<\/li>\n<li><strong>Alto:<\/strong>\u00a0151.3 cm.<\/li>\n<li><strong>Peso:<\/strong>\u00a0166 kg.<\/li>\n<li><strong>Total carga de placas:<\/strong>\u00a0122.58 kg.<\/li>\n<\/ul>\n","protected":false},"excerpt":{"rendered":"<p>CARACTER\u00cdSTICAS T\u00c9CNICAS Estructura construida en tubo oval de acero de alta calidad de 3 mm. de espesor. Partes m\u00f3viles montadas con pletina de 0.5 cm. de<span class=\"excerpt-hellip\"> [\u2026]<\/span><\/p>\n","protected":false},"featured_media":5866,"template":"","meta":{"_joinchat":[]},"product_brand":[],"product_cat":[132,122,32,48,49],"product_tag":[],"class_list":{"0":"post-3522","1":"product","2":"type-product","3":"status-publish","4":"has-post-thumbnail","6":"product_cat-powercrown","7":"product_cat-stock","8":"product_cat-profesional","9":"product_cat-peso-integrado-profesional","10":"product_cat-dual-profesional","12":"first","13":"outofstock","14":"sale","15":"shipping-taxable","16":"purchasable","17":"product-type-simple"},"_links":{"self":[{"href":"https:\/\/letsgofitness.cl\/index.php\/wp-json\/wp\/v2\/product\/3522","targetHints":{"allow":["GET"]}}],"collection":[{"href":"https:\/\/letsgofitness.cl\/index.php\/wp-json\/wp\/v2\/product"}],"about":[{"href":"https:\/\/letsgofitness.cl\/index.php\/wp-json\/wp\/v2\/types\/product"}],"wp:featuredmedia":[{"embeddable":true,"href":"https:\/\/letsgofitness.cl\/index.php\/wp-json\/wp\/v2\/media\/5866"}],"wp:attachment":[{"href":"https:\/\/letsgofitness.cl\/index.php\/wp-json\/wp\/v2\/media?parent=3522"}],"wp:term":[{"taxonomy":"product_brand","embeddable":true,"href":"https:\/\/letsgofitness.cl\/index.php\/wp-json\/wp\/v2\/product_brand?post=3522"},{"taxonomy":"product_cat","embeddable":true,"href":"https:\/\/letsgofitness.cl\/index.php\/wp-json\/wp\/v2\/product_cat?post=3522"},{"taxonomy":"product_tag","embeddable":true,"href":"https:\/\/letsgofitness.cl\/index.php\/wp-json\/wp\/v2\/product_tag?post=3522"}],"curies":[{"name":"wp","href":"https:\/\/api.w.org\/{rel}","templated":true}]}}