{"id":3390,"date":"2022-02-14T17:53:31","date_gmt":"2022-02-14T20:53:31","guid":{"rendered":"https:\/\/letsgofitness.cl\/?post_type=product&#038;p=3390"},"modified":"2026-04-10T11:17:24","modified_gmt":"2026-04-10T14:17:24","slug":"dual-polea-alta-remo","status":"publish","type":"product","link":"https:\/\/letsgofitness.cl\/index.php\/producto\/dual-polea-alta-remo\/","title":{"rendered":"DUAL POLEA ALTA \/ REMO  M5-LGF"},"content":{"rendered":"<p><strong>CARACTER\u00cdSTICAS T\u00c9CNICAS<\/strong><\/p>\n<ul>\n<li>Estructura construida en tubo ovalado de acero de alta calidad de 3 mm de espesor.<\/li>\n<li>Poleas con rodamientos que aseguran un movimiento suave.<\/li>\n<li>Piezas de acero macizo desmontables para evitar problemas de desgaste.<\/li>\n<li>Las barras gu\u00eda est\u00e1n fabricadas en acero inoxidable con tratamiento a alta temperatura.<\/li>\n<li>Placas de acero calibradas resistentes a la corrosi\u00f3n, cortadas con l\u00e1ser y laminadas en caliente de alta calidad.\u00a0Incluyen casquillos para evitar roces y ruidos durante el ejercicio.<\/li>\n<li>Transmisi\u00f3n por cable de acero resistente a una carga m\u00e1xima de 1000 kg.<\/li>\n<li>Contrapeso de acero de alta calidad para trabajo pesado.<\/li>\n<li>Embellecedor de protecci\u00f3n en la torre de placas para evitar posibles accidentes durante el movimiento de las placas.<\/li>\n<li>Pasador selector de placa de acero inoxidable con cabeza imantada para evitar que el selector se suelte durante el ejercicio.<\/li>\n<li>Tapizado en espuma de 3 cm de espesor con 150 kg de presi\u00f3n y piel sint\u00e9tica ign\u00edfuga.<\/li>\n<li>Las m\u00e1quinas est\u00e1n montadas sobre cojinetes (circulares o lineales) o ruedas y cojinetes de bronce<\/li>\n<li>El proceso de pintado de las m\u00e1quinas se realiza en un t\u00fanel de tratamiento de dos capas.<\/li>\n<li>Regulaci\u00f3n aplicable tanto a asientos, respaldos y rodillos, permitiendo la adaptaci\u00f3n de las m\u00e1quinas a cualquier usuario ayuda a realizar ejercicios con la postura correcta.<\/li>\n<li>F\u00e1cil ajuste gracias a un sistema de palanca.<\/li>\n<li>Mangos de PVC impermeables con forma anat\u00f3mica.<\/li>\n<\/ul>\n<p>* 7 a\u00f1os de garant\u00eda estructural.<\/p>\n<ul>\n<li>Largo: 190cm.<\/li>\n<li>Ancho: 152cm.<\/li>\n<li>Altura: 210cm.<\/li>\n<li>Peso: 295 kg.<\/li>\n<li>Peso m\u00e1ximo del usuario: 150 kg.<\/li>\n<li>Carga total placa: 100 kg.<\/li>\n<li>Pictograma explicativo sobre la postura correcta para realizar el ejercicio y los m\u00fasculos implicados.<\/li>\n<li>Incluye un porta botellas y un toallero.<\/li>\n<\/ul>\n","protected":false},"excerpt":{"rendered":"<p>CARACTER\u00cdSTICAS T\u00c9CNICAS Estructura construida en tubo ovalado de acero de alta calidad de 3 mm de espesor. Poleas con rodamientos que aseguran un movimiento suave. Piezas<span class=\"excerpt-hellip\"> [\u2026]<\/span><\/p>\n","protected":false},"featured_media":5853,"template":"","meta":{"_joinchat":[]},"product_brand":[],"product_cat":[73,122,32],"product_tag":[],"class_list":{"0":"post-3390","1":"product","2":"type-product","3":"status-publish","4":"has-post-thumbnail","6":"product_cat-profesional-dual-lat-pulldown-highrow","7":"product_cat-stock","8":"product_cat-profesional","10":"first","11":"outofstock","12":"shipping-taxable","13":"purchasable","14":"product-type-simple"},"_links":{"self":[{"href":"https:\/\/letsgofitness.cl\/index.php\/wp-json\/wp\/v2\/product\/3390","targetHints":{"allow":["GET"]}}],"collection":[{"href":"https:\/\/letsgofitness.cl\/index.php\/wp-json\/wp\/v2\/product"}],"about":[{"href":"https:\/\/letsgofitness.cl\/index.php\/wp-json\/wp\/v2\/types\/product"}],"wp:featuredmedia":[{"embeddable":true,"href":"https:\/\/letsgofitness.cl\/index.php\/wp-json\/wp\/v2\/media\/5853"}],"wp:attachment":[{"href":"https:\/\/letsgofitness.cl\/index.php\/wp-json\/wp\/v2\/media?parent=3390"}],"wp:term":[{"taxonomy":"product_brand","embeddable":true,"href":"https:\/\/letsgofitness.cl\/index.php\/wp-json\/wp\/v2\/product_brand?post=3390"},{"taxonomy":"product_cat","embeddable":true,"href":"https:\/\/letsgofitness.cl\/index.php\/wp-json\/wp\/v2\/product_cat?post=3390"},{"taxonomy":"product_tag","embeddable":true,"href":"https:\/\/letsgofitness.cl\/index.php\/wp-json\/wp\/v2\/product_tag?post=3390"}],"curies":[{"name":"wp","href":"https:\/\/api.w.org\/{rel}","templated":true}]}}