{"id":3328,"date":"2022-02-10T10:35:25","date_gmt":"2022-02-10T13:35:25","guid":{"rendered":"https:\/\/letsgofitness.cl\/?post_type=product&#038;p=3328"},"modified":"2026-04-10T11:08:48","modified_gmt":"2026-04-10T14:08:48","slug":"functional-trainer-pulley-disponioble-desde-el-27-de-febrero","status":"publish","type":"product","link":"https:\/\/letsgofitness.cl\/index.php\/producto\/functional-trainer-pulley-disponioble-desde-el-27-de-febrero\/","title":{"rendered":"FUNCTIONAL TRAINER STREGTH ST1 **OFERTA PAGO CONTADO $1.590.000** (TRANSFERENCIA)"},"content":{"rendered":"<p><strong>CARACTERISTICAS T\u00c9CNICAS:<\/strong><\/p>\n<ul>\n<li><b>ESTRUCTURA<\/b>\u00a0construida en tubo oval de acero de 100 x 3 mm de grosor.<\/li>\n<li><b>LAS BARRAS GU\u00cdAS<\/b>\u00a0son de acero rectificado y normalizado.<\/li>\n<li><b>LAS PLACAS<\/b>\u00a0son de acero calibrado, con anillos de tefl\u00f3n de calidad superior, lo cual produce un deslizamiento correcto evitando ruidos por fricci\u00f3n.<\/li>\n<li><b>EL PROCESO DE PINTADO<\/b>\u00a0de las m\u00e1quinas se realiza en t\u00fanel de tratamiento de cuatro capas, que ofrece una absoluta garant\u00eda contra la corrosi\u00f3n.<\/li>\n<li><b>TRANSMISI\u00d3N<\/b>\u00a0por cable de 4.8 mm.<\/li>\n<li><strong>INCLUYE ACCESORIOS<\/strong><\/li>\n<li><strong>Construcci\u00f3n Robusta<\/strong>: Fabricada con materiales de alta calidad y una estructura resistente para soportar entrenamientos intensivos.<\/li>\n<li><strong>STACK DE PLACA:<\/strong> 120 KG POR TORRE<\/li>\n<\/ul>\n<p>&nbsp;<\/p>\n","protected":false},"excerpt":{"rendered":"<p>CARACTERISTICAS T\u00c9CNICAS: ESTRUCTURA\u00a0construida en tubo oval de acero de 100 x 3 mm de grosor. LAS BARRAS GU\u00cdAS\u00a0son de acero rectificado y normalizado. LAS PLACAS\u00a0son de<span class=\"excerpt-hellip\"> [\u2026]<\/span><\/p>\n","protected":false},"featured_media":12716,"template":"","meta":{"_joinchat":[]},"product_brand":[],"product_cat":[135,288,122,247,32,47],"product_tag":[],"class_list":{"0":"post-3328","1":"product","2":"type-product","3":"status-publish","4":"has-post-thumbnail","6":"product_cat-oferta","7":"product_cat-proximamente","8":"product_cat-stock","9":"product_cat-strength","10":"product_cat-profesional","11":"product_cat-peso-libre-profesional","13":"first","14":"instock","15":"sale","16":"shipping-taxable","17":"purchasable","18":"product-type-simple"},"_links":{"self":[{"href":"https:\/\/letsgofitness.cl\/index.php\/wp-json\/wp\/v2\/product\/3328","targetHints":{"allow":["GET"]}}],"collection":[{"href":"https:\/\/letsgofitness.cl\/index.php\/wp-json\/wp\/v2\/product"}],"about":[{"href":"https:\/\/letsgofitness.cl\/index.php\/wp-json\/wp\/v2\/types\/product"}],"wp:featuredmedia":[{"embeddable":true,"href":"https:\/\/letsgofitness.cl\/index.php\/wp-json\/wp\/v2\/media\/12716"}],"wp:attachment":[{"href":"https:\/\/letsgofitness.cl\/index.php\/wp-json\/wp\/v2\/media?parent=3328"}],"wp:term":[{"taxonomy":"product_brand","embeddable":true,"href":"https:\/\/letsgofitness.cl\/index.php\/wp-json\/wp\/v2\/product_brand?post=3328"},{"taxonomy":"product_cat","embeddable":true,"href":"https:\/\/letsgofitness.cl\/index.php\/wp-json\/wp\/v2\/product_cat?post=3328"},{"taxonomy":"product_tag","embeddable":true,"href":"https:\/\/letsgofitness.cl\/index.php\/wp-json\/wp\/v2\/product_tag?post=3328"}],"curies":[{"name":"wp","href":"https:\/\/api.w.org\/{rel}","templated":true}]}}