{"id":3197,"date":"2021-12-14T12:15:17","date_gmt":"2021-12-14T15:15:17","guid":{"rendered":"https:\/\/letsgofitness.cl\/?post_type=product&#038;p=3197"},"modified":"2026-04-10T11:17:25","modified_gmt":"2026-04-10T14:17:25","slug":"ab-crunch-oblicuos","status":"publish","type":"product","link":"https:\/\/letsgofitness.cl\/index.php\/producto\/ab-crunch-oblicuos\/","title":{"rendered":"AB CRUNCH +OBLICUOS IMPULSE STERLING"},"content":{"rendered":"<div class=\"product__content\">\n<p>La familia\u00a0<strong>Impulse Fitness\u00ae SL<\/strong> es la mejor opci\u00f3n. Durable, confiable, satisface todas las necesidades<\/p>\n<p>La\u00a0M\u00e1quina de\u00a0<strong>Prensa<\/strong>\u00a0Abdominal\u00a0<strong>Impulse Fitness\u00ae SL 7036<\/strong>\u00a0es un modelo dise\u00f1ado para uso en el gimnasio, con gran capacidad de carga, dise\u00f1o sofisticado y una estructura de marco estable.<\/p>\n<p><b>Caracter\u00edsticas<\/b>\u00a0:<\/p>\n<ul>\n<li>Acolchado c\u00f3modo y duradero<\/li>\n<li>Asiento f\u00e1cil de girar<\/li>\n<li>F\u00e1cil fijaci\u00f3n para cambiar \u00e1ngulo<\/li>\n<li>Rodamientos de calidad<\/li>\n<li>Soportes de disco integrados<\/li>\n<li>Alta capacidad de carga<\/li>\n<li>Estructura de marco sofisticado<\/li>\n<\/ul>\n<p><strong>Datos de Transferencia:<\/strong><\/p>\n<ul>\n<li>Cuenta corriente Banco de Chile N\u00b0\u00a0<strong>2780129801<\/strong><\/li>\n<li>Nombre:<strong>\u00a0Lets Go Fitness SpA\u00a0<\/strong>\u00a0Rut:<strong>\u00a076.631.524-0<\/strong><\/li>\n<li>Email:\u00a0<strong>ventas@letsgofitness.cl<\/strong><\/li>\n<\/ul>\n<\/div>\n<div class=\"product__parameters\">\n<p>&nbsp;<\/p>\n<\/div>\n","protected":false},"excerpt":{"rendered":"<p><strong>*OFERTA PAGO CONTADO $1.370.000 (Transferencia)*\u00a0<\/strong><\/p>\n<p>Datos de Transferencia en\u00a0<strong>DESCRIPCI\u00d3N\u00a0 DEL PRODUCTO.<\/strong><\/p>\n<p>. La placa abdominal cargada est\u00e1 dise\u00f1ada para desarrollar los m\u00fasculos rectos abdominales. Sostenga las empu\u00f1aduras, ll\u00e9velo hacia su hombro y enganche la espuma convenientemente con sus pies, entrenando efectivamente los m\u00fasculos abdominales mediante el movimiento de contracci\u00f3n.<\/p>\n<p><strong>Especificaciones t\u00e9cnicas:<\/strong><\/p>\n<ul>\n<li><strong>Dimensiones:<\/strong> (L x An x Al): 1623 x 1267 x 1642 mm<\/li>\n<li><strong>Peso:<\/strong> 120kg<\/li>\n<li><strong>Capacidad m\u00e1xima de peso:<\/strong> 120 kg<\/li>\n<li><strong>ESTRUCTURA COLOR NEGRO \/ TAPIZ COLOR NEGRO<\/strong><\/li>\n<\/ul>\n","protected":false},"featured_media":10715,"template":"","meta":{"_joinchat":[]},"product_brand":[],"product_cat":[122,32,47],"product_tag":[],"class_list":{"0":"post-3197","1":"product","2":"type-product","3":"status-publish","4":"has-post-thumbnail","6":"product_cat-stock","7":"product_cat-profesional","8":"product_cat-peso-libre-profesional","10":"first","11":"outofstock","12":"sale","13":"shipping-taxable","14":"purchasable","15":"product-type-simple"},"_links":{"self":[{"href":"https:\/\/letsgofitness.cl\/index.php\/wp-json\/wp\/v2\/product\/3197","targetHints":{"allow":["GET"]}}],"collection":[{"href":"https:\/\/letsgofitness.cl\/index.php\/wp-json\/wp\/v2\/product"}],"about":[{"href":"https:\/\/letsgofitness.cl\/index.php\/wp-json\/wp\/v2\/types\/product"}],"wp:featuredmedia":[{"embeddable":true,"href":"https:\/\/letsgofitness.cl\/index.php\/wp-json\/wp\/v2\/media\/10715"}],"wp:attachment":[{"href":"https:\/\/letsgofitness.cl\/index.php\/wp-json\/wp\/v2\/media?parent=3197"}],"wp:term":[{"taxonomy":"product_brand","embeddable":true,"href":"https:\/\/letsgofitness.cl\/index.php\/wp-json\/wp\/v2\/product_brand?post=3197"},{"taxonomy":"product_cat","embeddable":true,"href":"https:\/\/letsgofitness.cl\/index.php\/wp-json\/wp\/v2\/product_cat?post=3197"},{"taxonomy":"product_tag","embeddable":true,"href":"https:\/\/letsgofitness.cl\/index.php\/wp-json\/wp\/v2\/product_tag?post=3197"}],"curies":[{"name":"wp","href":"https:\/\/api.w.org\/{rel}","templated":true}]}}