{"id":3194,"date":"2021-12-14T12:04:20","date_gmt":"2021-12-14T15:04:20","guid":{"rendered":"https:\/\/letsgofitness.cl\/?post_type=product&#038;p=3194"},"modified":"2026-04-10T11:08:56","modified_gmt":"2026-04-10T14:08:56","slug":"multi-press-impulse-disponible-desde-el-5-de-enero-2022","status":"publish","type":"product","link":"https:\/\/letsgofitness.cl\/index.php\/producto\/multi-press-impulse-disponible-desde-el-5-de-enero-2022\/","title":{"rendered":"MULTI PRESS IMPULSE"},"content":{"rendered":"<div class=\"product__content\">\n<p>La serie\u00a0<strong>Impulse Fitness IT 95<\/strong> es la elecci\u00f3n perfecta para cualquiera que busque m\u00e1quinas de uso comercial resistentes y dise\u00f1adas para uso en gimnasios con una excelente relaci\u00f3n calidad-precio y garant\u00eda de f\u00e1brica.<\/p>\n<p>La familia de productos Impulse Fitness IT 95 consta de 21 m\u00e1quinas.<\/p>\n<p>Las m\u00e1quinas Impulse Fitness se someten a una prueba de fatiga con 300.000 repeticiones y todos los productos cumplen con la norma EN957.<\/p>\n<p>Se\u00a0utiliza\u00a0espec\u00edficamente\u00a0para entrenar los\u00a0<strong>m\u00fasculos del pecho, ( hombros) deltoides y tr\u00edceps<\/strong>\u00a0.\u00a0El usuario puede ajustar la posici\u00f3n para un entrenamiento efectivo de los m\u00fasculos del pecho y hombros\u00a0 usando las asas.<\/p>\n<p><strong>Caracter\u00edsticas del producto<\/strong><\/p>\n<ul>\n<li>La parte funcional proporciona una durabilidad y estabilidad extremas.<\/li>\n<li>La cubierta de ABS transparente de 3,2 mm de espesor es extremadamente duradera y resistente a los impactos<\/li>\n<li>Tapicer\u00eda: la espuma de alta densidad y las costuras dobles ofrecen comodidad y durabilidad<\/li>\n<li>Cable: El cable\u00a0<strong>autolubricante<\/strong>\u00a0American\u00a0<strong>Loos \u2122<\/strong>\u00a0con 12 complejos alambres recubiertos de nailon\u00a0<strong>dura<\/strong>\u00a0m\u00e1s de 250.000 veces<\/li>\n<li>Ajuste de la posici\u00f3n del asiento<\/li>\n<li>Las piezas m\u00f3viles est\u00e1n provistas de una cubierta protectora segura<\/li>\n<li>Los rodamientos premium garantizan un movimiento suave<\/li>\n<li>Seguridad Cumple los requisitos de seguridad de EN957<\/li>\n<\/ul>\n<\/div>\n<div class=\"product__parameters\">\n<ul class=\"product__parameter-items\">\n<li><span class=\"product__parameter-label\">Dimensiones: <\/span><strong>144 x 167 x 183<\/strong><\/li>\n<li>Stack: <strong>200 lbs\u00a0<\/strong><\/li>\n<\/ul>\n<\/div>\n","protected":false},"excerpt":{"rendered":"<p>La serie\u00a0Impulse Fitness IT 95 es la elecci\u00f3n perfecta para cualquiera que busque m\u00e1quinas de uso comercial resistentes y dise\u00f1adas para uso en gimnasios con una<span class=\"excerpt-hellip\"> [\u2026]<\/span><\/p>\n","protected":false},"featured_media":6030,"template":"","meta":{"_joinchat":[]},"product_brand":[],"product_cat":[122,32,48,49,50],"product_tag":[],"class_list":{"0":"post-3194","1":"product","2":"type-product","3":"status-publish","4":"has-post-thumbnail","6":"product_cat-stock","7":"product_cat-profesional","8":"product_cat-peso-integrado-profesional","9":"product_cat-dual-profesional","10":"product_cat-funcional-profesional","12":"first","13":"outofstock","14":"sale","15":"shipping-taxable","16":"purchasable","17":"product-type-simple"},"_links":{"self":[{"href":"https:\/\/letsgofitness.cl\/index.php\/wp-json\/wp\/v2\/product\/3194","targetHints":{"allow":["GET"]}}],"collection":[{"href":"https:\/\/letsgofitness.cl\/index.php\/wp-json\/wp\/v2\/product"}],"about":[{"href":"https:\/\/letsgofitness.cl\/index.php\/wp-json\/wp\/v2\/types\/product"}],"wp:featuredmedia":[{"embeddable":true,"href":"https:\/\/letsgofitness.cl\/index.php\/wp-json\/wp\/v2\/media\/6030"}],"wp:attachment":[{"href":"https:\/\/letsgofitness.cl\/index.php\/wp-json\/wp\/v2\/media?parent=3194"}],"wp:term":[{"taxonomy":"product_brand","embeddable":true,"href":"https:\/\/letsgofitness.cl\/index.php\/wp-json\/wp\/v2\/product_brand?post=3194"},{"taxonomy":"product_cat","embeddable":true,"href":"https:\/\/letsgofitness.cl\/index.php\/wp-json\/wp\/v2\/product_cat?post=3194"},{"taxonomy":"product_tag","embeddable":true,"href":"https:\/\/letsgofitness.cl\/index.php\/wp-json\/wp\/v2\/product_tag?post=3194"}],"curies":[{"name":"wp","href":"https:\/\/api.w.org\/{rel}","templated":true}]}}