{"id":3182,"date":"2021-12-14T10:59:47","date_gmt":"2021-12-14T13:59:47","guid":{"rendered":"https:\/\/letsgofitness.cl\/?post_type=product&#038;p=3182"},"modified":"2026-04-10T11:17:26","modified_gmt":"2026-04-10T14:17:26","slug":"leg-extension-sterling-disponible-desde-el-5-de-enero-2022","status":"publish","type":"product","link":"https:\/\/letsgofitness.cl\/index.php\/producto\/leg-extension-sterling-disponible-desde-el-5-de-enero-2022\/","title":{"rendered":"LEG EXTENSION IMPULSE STERLING **OFERTA PAGO CONTADO $1.190.000** (Transferencia)"},"content":{"rendered":"<p>El Impulse Fitness\u00ae SL 7025 Leg Extension &#8211; Leg Tensioner es un modelo dise\u00f1ado para uso en el gimnasio, con gran capacidad de carga, dise\u00f1o sofisticado y una estructura de marco estable.<\/p>\n<p>M\u00e1quina de extensi\u00f3n de piernas cargada con placa con una acci\u00f3n s\u00faper suave independientemente de la cantidad de peso cargado.<\/p>\n<p><strong>Especificaciones t\u00e9cnicas:<\/strong><\/p>\n<ul>\n<li><strong>Dimensiones<\/strong> (L x An x Al): 1270 x 1690 x 1005 mm<\/li>\n<li><strong>Peso:<\/strong> 131kg<\/li>\n<li><strong>Capacidad m\u00e1xima de peso:<\/strong> 300 kg<\/li>\n<\/ul>\n<p><strong>Caracter\u00edsticas:<\/strong><\/p>\n<ul>\n<li>Acolchado c\u00f3modo y duradero<\/li>\n<li>Asas de acero inoxidable<\/li>\n<li>Alta capacidad de carga<\/li>\n<li>Estructura de marco sofisticada<\/li>\n<li>Robusto, eficiente y est\u00e9tico<\/li>\n<li>Construcci\u00f3n para usuarios exigentes<\/li>\n<li>El rango de movimiento es biomec\u00e1nicamente perfecto.<\/li>\n<li>El dispositivo fue dise\u00f1ado teniendo en cuenta el movimiento fisiol\u00f3gico natural de las articulaciones.<\/li>\n<li><strong>ESTRUCTURA COLOR NEGRO \/ TAPIZ COLOR NEGRO<\/strong><\/li>\n<\/ul>\n<p><strong>Datos de Transferencia:<\/strong><\/p>\n<ul>\n<li>Cuenta corriente Banco de Chile N\u00b0\u00a0<strong>2780129801<\/strong><\/li>\n<li>Nombre:<strong>\u00a0Lets Go Fitness SpA\u00a0<\/strong>\u00a0Rut:<strong>\u00a076.631.524-0<\/strong><\/li>\n<li>Email:\u00a0<strong>ventas@letsgofitness.cl<\/strong><\/li>\n<\/ul>\n","protected":false},"excerpt":{"rendered":"<ul>\n<li><strong>*OFERTA PAGO CONTADO $1.190.000(Transferencia)*\u00a0<\/strong><\/li>\n<li>Datos de Transferencia en\u00a0<strong>DESCRIPCI\u00d3N\u00a0 DEL PRODUCTO.<\/strong><\/li>\n<\/ul>\n","protected":false},"featured_media":5967,"template":"","meta":{"_joinchat":[]},"product_brand":[],"product_cat":[276,122,32,47],"product_tag":[],"class_list":{"0":"post-3182","1":"product","2":"type-product","3":"status-publish","4":"has-post-thumbnail","6":"product_cat-oferta-pago-contado","7":"product_cat-stock","8":"product_cat-profesional","9":"product_cat-peso-libre-profesional","11":"first","12":"outofstock","13":"sale","14":"shipping-taxable","15":"purchasable","16":"product-type-simple"},"_links":{"self":[{"href":"https:\/\/letsgofitness.cl\/index.php\/wp-json\/wp\/v2\/product\/3182","targetHints":{"allow":["GET"]}}],"collection":[{"href":"https:\/\/letsgofitness.cl\/index.php\/wp-json\/wp\/v2\/product"}],"about":[{"href":"https:\/\/letsgofitness.cl\/index.php\/wp-json\/wp\/v2\/types\/product"}],"wp:featuredmedia":[{"embeddable":true,"href":"https:\/\/letsgofitness.cl\/index.php\/wp-json\/wp\/v2\/media\/5967"}],"wp:attachment":[{"href":"https:\/\/letsgofitness.cl\/index.php\/wp-json\/wp\/v2\/media?parent=3182"}],"wp:term":[{"taxonomy":"product_brand","embeddable":true,"href":"https:\/\/letsgofitness.cl\/index.php\/wp-json\/wp\/v2\/product_brand?post=3182"},{"taxonomy":"product_cat","embeddable":true,"href":"https:\/\/letsgofitness.cl\/index.php\/wp-json\/wp\/v2\/product_cat?post=3182"},{"taxonomy":"product_tag","embeddable":true,"href":"https:\/\/letsgofitness.cl\/index.php\/wp-json\/wp\/v2\/product_tag?post=3182"}],"curies":[{"name":"wp","href":"https:\/\/api.w.org\/{rel}","templated":true}]}}