{"id":3175,"date":"2021-12-14T10:39:54","date_gmt":"2021-12-14T13:39:54","guid":{"rendered":"https:\/\/letsgofitness.cl\/?post_type=product&#038;p=3175"},"modified":"2026-05-05T11:26:19","modified_gmt":"2026-05-05T14:26:19","slug":"standing-calf-raise-impulse-sterling-disponible-desde-el-5-de-enero","status":"publish","type":"product","link":"https:\/\/letsgofitness.cl\/index.php\/producto\/standing-calf-raise-impulse-sterling-disponible-desde-el-5-de-enero\/","title":{"rendered":"STANDING CALF RAISE &#8211; IMPULSE STERLING"},"content":{"rendered":"<table id=\"alternatecolor\" class=\"altrowstable\" width=\"100%\">\n<tbody>\n<tr class=\"evenrowcolor\">\n<th colspan=\"2\">Especificaciones<\/th>\n<\/tr>\n<tr class=\"oddrowcolor\">\n<td align=\"center\" width=\"19%\">Tama\u00f1o del producto L * W * H?<\/td>\n<td class=\"td_right\" width=\"81%\"><i><\/i>1615 * 1375 * 1730 ?mil\u00edmetro?<\/td>\n<\/tr>\n<tr class=\"evenrowcolor\">\n<td align=\"center\" width=\"19%\">Peso del Producto<\/td>\n<td class=\"td_right\" width=\"81%\"><i><\/i>175kg<\/td>\n<\/tr>\n<tr class=\"oddrowcolor\">\n<td align=\"center\" width=\"19%\">Capacidad de carga m\u00e1xima<\/td>\n<td class=\"td_right\" width=\"81%\"><i><\/i>300 kg<\/td>\n<\/tr>\n<tr class=\"evenrowcolor\">\n<th colspan=\"2\">Caracter\u00edsticas del producto<\/th>\n<\/tr>\n<tr class=\"oddrowcolor\">\n<td align=\"center\" width=\"19%\">Marco principal<\/td>\n<td class=\"td_right\" width=\"81%\"><i><\/i>Tuber\u00eda cuadrada de 50 mm * 100 mm * 2,5 mm de grado comercial con revestimiento de pintura en polvo electrost\u00e1tica que garantiza una durabilidad superior.<\/td>\n<\/tr>\n<tr class=\"evenrowcolor\">\n<td align=\"center\" width=\"19%\">Tapicer\u00eda<\/td>\n<td class=\"td_right\" width=\"81%\"><i><\/i>La poliespuma de alta densidad ofrece comodidad y durabilidad.<\/td>\n<\/tr>\n<tr class=\"oddrowcolor\">\n<td align=\"center\" width=\"19%\">Soporte<\/td>\n<td class=\"td_right\" width=\"81%\"><i><\/i>El rodamiento de bolas de grado industrial de alta precisi\u00f3n garantiza un funcionamiento suave y protecci\u00f3n contra la oxidaci\u00f3n<\/td>\n<\/tr>\n<tr class=\"evenrowcolor\">\n<td align=\"center\" width=\"19%\">Ajustamiento<\/td>\n<td class=\"td_right\" width=\"81%\"><i><\/i>El ajuste el\u00e1stico permite a los usuarios ajustar la tapicer\u00eda de manera f\u00e1cil y precisa.<\/td>\n<\/tr>\n<tr class=\"oddrowcolor\">\n<td align=\"center\" width=\"19%\">Manejas<\/td>\n<td class=\"td_right\" width=\"81%\"><i><\/i>Manillar de aluminio moleteado antideslizante<\/td>\n<\/tr>\n<\/tbody>\n<\/table>\n","protected":false},"excerpt":{"rendered":"<p>Especificaciones Tama\u00f1o del producto L * W * H? 1615 * 1375 * 1730 ?mil\u00edmetro? Peso del Producto 175kg Capacidad de carga m\u00e1xima 300 kg Caracter\u00edsticas<span class=\"excerpt-hellip\"> [\u2026]<\/span><\/p>\n","protected":false},"featured_media":3176,"template":"","meta":{"_joinchat":[]},"product_brand":[],"product_cat":[122,32,47],"product_tag":[],"class_list":{"0":"post-3175","1":"product","2":"type-product","3":"status-publish","4":"has-post-thumbnail","6":"product_cat-stock","7":"product_cat-profesional","8":"product_cat-peso-libre-profesional","10":"first","11":"instock","12":"sale","13":"shipping-taxable","14":"purchasable","15":"product-type-simple"},"_links":{"self":[{"href":"https:\/\/letsgofitness.cl\/index.php\/wp-json\/wp\/v2\/product\/3175","targetHints":{"allow":["GET"]}}],"collection":[{"href":"https:\/\/letsgofitness.cl\/index.php\/wp-json\/wp\/v2\/product"}],"about":[{"href":"https:\/\/letsgofitness.cl\/index.php\/wp-json\/wp\/v2\/types\/product"}],"wp:featuredmedia":[{"embeddable":true,"href":"https:\/\/letsgofitness.cl\/index.php\/wp-json\/wp\/v2\/media\/3176"}],"wp:attachment":[{"href":"https:\/\/letsgofitness.cl\/index.php\/wp-json\/wp\/v2\/media?parent=3175"}],"wp:term":[{"taxonomy":"product_brand","embeddable":true,"href":"https:\/\/letsgofitness.cl\/index.php\/wp-json\/wp\/v2\/product_brand?post=3175"},{"taxonomy":"product_cat","embeddable":true,"href":"https:\/\/letsgofitness.cl\/index.php\/wp-json\/wp\/v2\/product_cat?post=3175"},{"taxonomy":"product_tag","embeddable":true,"href":"https:\/\/letsgofitness.cl\/index.php\/wp-json\/wp\/v2\/product_tag?post=3175"}],"curies":[{"name":"wp","href":"https:\/\/api.w.org\/{rel}","templated":true}]}}