{"id":3174,"date":"2021-12-14T10:27:40","date_gmt":"2021-12-14T13:27:40","guid":{"rendered":"https:\/\/letsgofitness.cl\/?post_type=product&#038;p=3174"},"modified":"2026-05-05T11:26:19","modified_gmt":"2026-05-05T14:26:19","slug":"sl7034-hack-squat-impulse-sterling-disponible-desde-el-5-de-enero","status":"publish","type":"product","link":"https:\/\/letsgofitness.cl\/index.php\/producto\/sl7034-hack-squat-impulse-sterling-disponible-desde-el-5-de-enero\/","title":{"rendered":"HACK SQUAT &#8211; IMPULSE STERLING"},"content":{"rendered":"<p>La serie de entrenamiento de fuerza con carga de discos Impulse SL es un equipo de entrenamiento de fuerza con carga de discos puramente comercial con un dise\u00f1o superior y funciones profesionales proporcionadas por Impulse. Esta serie es el producto de energ\u00eda colgante de nivel superior en el mundo, con una apariencia excelente, un dise\u00f1o extremo y una curva de movimiento ergon\u00f3mica, brindando a los usuarios la experiencia de entrenamiento de fuerza m\u00e1s intensa.<\/p>\n<p>El equipo de entrenamiento de fuerza cargado con placa SL7034 est\u00e1 hecho de tubos de gran tama\u00f1o, y cada parte se procesa mediante m\u00faltiples procesos para garantizar que el equipo sea duradero.<\/p>\n<p>El entrenador de sentadillas SL7034 es un producto exclusivo para ejercitar los grupos musculares de piernas y caderas. Impulse invita a equipos de profesionales del fitness y el culturismo a optimizar su trayectoria ergon\u00f3mica para contraer los m\u00fasculos objetivo y brindar una experiencia de entrenamiento segura y efectiva.<\/p>\n<p>&nbsp;<\/p>\n<h6><strong>CARACTER\u00cdSTICAS T\u00c9CNICAS:<\/strong><\/h6>\n<ul>\n<li>Los cojines de espalda y hombros est\u00e1n rellenos con almohadillas de alta densidad, que se adaptan al contorno del cuerpo humano y brindan un efecto estable y la m\u00e1xima comodidad durante el ejercicio.<\/li>\n<li>El exclusivo patr\u00f3n de rodadura en la superficie del mango de aluminio aumenta efectivamente el agarre y evita el deslizamiento. La superficie del mango est\u00e1 envuelta y extendida con guantes antideslizantes.<\/li>\n<li>El pedal antideslizante de acero de gran superficie hace que el ejercicio sea m\u00e1s estable, c\u00f3modo y eficaz.<\/li>\n<li>La altura del equipo se puede ajustar en m\u00faltiples niveles para satisfacer las necesidades de entrenamiento de usuarios de diferentes alturas; hay dos \u00e1ngulos para colgar la barra en la parte posterior del equipo, lo que hace que sea m\u00e1s conveniente y r\u00e1pido para los usuarios acceder a la barra durante el entrenamiento.<\/li>\n<li>TAPICER\u00cdA: La poliespuma de alta densidad ofrece comodidad y durabilidad.<\/li>\n<li>SOPORTE: El rodamiento de bolas de grado industrial de alta precisi\u00f3n garantiza un funcionamiento suave y protecci\u00f3n contra la oxidaci\u00f3n.<\/li>\n<li>AJUSTAMIENTO: El ajuste el\u00e1stico permite a los usuarios ajustar la tapicer\u00eda de manera f\u00e1cil y precisa.<\/li>\n<li>MANEJAS: Manillar de aluminio moleteado antideslizante.<\/li>\n<\/ul>\n<p>&nbsp;<\/p>\n<h6><strong>DIMENSIONES Y PESOS:<\/strong><\/h6>\n<p>Medidas: 2,26 x 1,26 x 1,80 cm<\/p>\n<p>Peso: 300 kg<\/p>\n<p>Capacidad de carga m\u00e1xima: 400 kg<\/p>\n<p>Marco Principal: Tuber\u00eda cuadrada de 50 x 100 x 2,5 mm<\/p>\n","protected":false},"excerpt":{"rendered":"<p>La serie de entrenamiento de fuerza con carga de discos Impulse SL es un equipo de entrenamiento de fuerza con carga de discos puramente comercial con<span class=\"excerpt-hellip\"> [\u2026]<\/span><\/p>\n","protected":false},"featured_media":5973,"template":"","meta":{"_joinchat":[]},"product_brand":[],"product_cat":[212,211,291,32,47],"product_tag":[],"class_list":{"0":"post-3174","1":"product","2":"type-product","3":"status-publish","4":"has-post-thumbnail","6":"product_cat-hack","7":"product_cat-impulse","8":"product_cat-sterling","9":"product_cat-profesional","10":"product_cat-peso-libre-profesional","12":"first","13":"instock","14":"sale","15":"shipping-taxable","16":"purchasable","17":"product-type-simple"},"_links":{"self":[{"href":"https:\/\/letsgofitness.cl\/index.php\/wp-json\/wp\/v2\/product\/3174","targetHints":{"allow":["GET"]}}],"collection":[{"href":"https:\/\/letsgofitness.cl\/index.php\/wp-json\/wp\/v2\/product"}],"about":[{"href":"https:\/\/letsgofitness.cl\/index.php\/wp-json\/wp\/v2\/types\/product"}],"wp:featuredmedia":[{"embeddable":true,"href":"https:\/\/letsgofitness.cl\/index.php\/wp-json\/wp\/v2\/media\/5973"}],"wp:attachment":[{"href":"https:\/\/letsgofitness.cl\/index.php\/wp-json\/wp\/v2\/media?parent=3174"}],"wp:term":[{"taxonomy":"product_brand","embeddable":true,"href":"https:\/\/letsgofitness.cl\/index.php\/wp-json\/wp\/v2\/product_brand?post=3174"},{"taxonomy":"product_cat","embeddable":true,"href":"https:\/\/letsgofitness.cl\/index.php\/wp-json\/wp\/v2\/product_cat?post=3174"},{"taxonomy":"product_tag","embeddable":true,"href":"https:\/\/letsgofitness.cl\/index.php\/wp-json\/wp\/v2\/product_tag?post=3174"}],"curies":[{"name":"wp","href":"https:\/\/api.w.org\/{rel}","templated":true}]}}