{"id":3168,"date":"2021-12-13T13:42:02","date_gmt":"2021-12-13T16:42:02","guid":{"rendered":"https:\/\/letsgofitness.cl\/?post_type=product&#038;p=3168"},"modified":"2026-04-10T11:17:26","modified_gmt":"2026-04-10T14:17:26","slug":"seated-calf-raise-sterling-disponible-desde-el-5-de-enero-2022","status":"publish","type":"product","link":"https:\/\/letsgofitness.cl\/index.php\/producto\/seated-calf-raise-sterling-disponible-desde-el-5-de-enero-2022\/","title":{"rendered":"SEATED CALF RAISE IMPULSE STERLING"},"content":{"rendered":"<p>El levantamiento de pantorrillas sentado es adecuado para fortalecer las pantorrillas y los pies.\u00a0Tiene soportes ajustables para las piernas para un posicionamiento adecuado y una base ancha proporciona la estabilidad necesaria.<\/p>\n<h6><strong>CARACTER\u00cdSTICAS T\u00c9CNICAS:<\/strong><\/h6>\n<ul>\n<li>Los simuladores Sterling brindan un funcionamiento ininterrumpido, intensivo y a largo plazo en una sala de fitness, se caracterizan por un alto grado de comodidad y seguridad durante el ejercicio, una biomec\u00e1nica ideal y ajustes convenientes para el usuario.<\/li>\n<li>Los movimientos \u00fanicos y aislados son totalmente compatibles con la biomec\u00e1nica del cuerpo humano, lo que ayuda a prevenir lesiones y aliviar la tensi\u00f3n no deseada en las articulaciones.<\/li>\n<li>C\u00f3modo sistema de ajuste de la altura del asiento con bloqueo semiautom\u00e1tico.<\/li>\n<li>La tecnolog\u00eda de marco con doble recubrimiento de polvo pulido previamente con chorro de arena mejora significativamente la adhesi\u00f3n del metal a la pintura, lo que da como resultado un acabado duradero y de alta calidad.<\/li>\n<li>La tapicer\u00eda del asiento, el respaldo y los cojines est\u00e1 hecha de cuero artificial duradero.\u00a0Acolchado de espuma de poliuretano para mayor comodidad y seguridad.\u00a0La tapicer\u00eda tiene costuras dobles para mayor durabilidad.<\/li>\n<li>Los mangos ergon\u00f3micos y c\u00f3modos con un agarre ancho est\u00e1n hechos con un dise\u00f1o profesional &#8211; metal con una profundidad media moleteada, revestimiento &#8211; cromo de dos capas<\/li>\n<li>Proporciona un entrenamiento concentrado para los m\u00fasculos de la pantorrilla.<\/li>\n<li>Palancas de ajuste de color amarillo brillante.<\/li>\n<\/ul>\n<h6><strong>DIMENSIONES Y PESOS:<\/strong><\/h6>\n<p>Medidas: 147,5 x 76,5 x 84,5 cm<\/p>\n<p>Peso: 56kg<\/p>\n<p>Capacidad m\u00e1xima de peso: 150kg<\/p>\n","protected":false},"excerpt":{"rendered":"<p>El levantamiento de pantorrillas sentado es adecuado para fortalecer las pantorrillas y los pies.\u00a0Tiene soportes ajustables para las piernas para un posicionamiento adecuado y una base<span class=\"excerpt-hellip\"> [\u2026]<\/span><\/p>\n","protected":false},"featured_media":5940,"template":"","meta":{"_joinchat":[]},"product_brand":[],"product_cat":[211,72,291,32,47],"product_tag":[],"class_list":{"0":"post-3168","1":"product","2":"type-product","3":"status-publish","4":"has-post-thumbnail","6":"product_cat-impulse","7":"product_cat-profesional-dual-sentadilla-gemelo","8":"product_cat-sterling","9":"product_cat-profesional","10":"product_cat-peso-libre-profesional","12":"first","13":"instock","14":"sale","15":"shipping-taxable","16":"purchasable","17":"product-type-simple"},"_links":{"self":[{"href":"https:\/\/letsgofitness.cl\/index.php\/wp-json\/wp\/v2\/product\/3168","targetHints":{"allow":["GET"]}}],"collection":[{"href":"https:\/\/letsgofitness.cl\/index.php\/wp-json\/wp\/v2\/product"}],"about":[{"href":"https:\/\/letsgofitness.cl\/index.php\/wp-json\/wp\/v2\/types\/product"}],"wp:featuredmedia":[{"embeddable":true,"href":"https:\/\/letsgofitness.cl\/index.php\/wp-json\/wp\/v2\/media\/5940"}],"wp:attachment":[{"href":"https:\/\/letsgofitness.cl\/index.php\/wp-json\/wp\/v2\/media?parent=3168"}],"wp:term":[{"taxonomy":"product_brand","embeddable":true,"href":"https:\/\/letsgofitness.cl\/index.php\/wp-json\/wp\/v2\/product_brand?post=3168"},{"taxonomy":"product_cat","embeddable":true,"href":"https:\/\/letsgofitness.cl\/index.php\/wp-json\/wp\/v2\/product_cat?post=3168"},{"taxonomy":"product_tag","embeddable":true,"href":"https:\/\/letsgofitness.cl\/index.php\/wp-json\/wp\/v2\/product_tag?post=3168"}],"curies":[{"name":"wp","href":"https:\/\/api.w.org\/{rel}","templated":true}]}}