{"id":3158,"date":"2021-12-13T13:09:07","date_gmt":"2021-12-13T16:09:07","guid":{"rendered":"https:\/\/letsgofitness.cl\/?post_type=product&#038;p=3158"},"modified":"2026-04-10T11:17:26","modified_gmt":"2026-04-10T14:17:26","slug":"functional-bench-sterling","status":"publish","type":"product","link":"https:\/\/letsgofitness.cl\/index.php\/producto\/functional-bench-sterling\/","title":{"rendered":"FUNCTIONAL BENCH STERLING"},"content":{"rendered":"<p>El banco FID de la serie Impulse SL7011 Sterling es compacto con un dise\u00f1o que ahorra espacio, con un respaldo ajustable a 6 posiciones diferentes con asiento ajustable en \u00e1ngulo y altura.<\/p>\n<h6><strong>CARACTER\u00cdSTICAS T\u00c9CNICAS:<\/strong><\/h6>\n<ul>\n<li>Banco plano, inclinado y declinado tapizado de alta resistencia con asiento y respaldo ajustables.\u00a0Tambi\u00e9n viene con ruedas para facilitar el transporte por el piso del gimnasio.<\/li>\n<li>M\u00faltiples ajustes f\u00e1ciles de usar que permiten posiciones de ejercicio \u00f3ptimas.<\/li>\n<li>Construcci\u00f3n de acero de calibre pesado<\/li>\n<li>Electro-soldados para m\u00e1xima integridad estructural y rigidez.<\/li>\n<li>Acabado electrost\u00e1tico con recubrimiento en polvo<\/li>\n<li>Compacto: el dise\u00f1o que ahorra espacio requiere un espacio m\u00ednimo<\/li>\n<\/ul>\n<h6><strong>DIMESIONES Y PESOS:<\/strong><\/h6>\n<p>Medidas: 1,35 x 67 x 1,35 cm<\/p>\n<p>Peso: 44 KG<\/p>\n<p>&nbsp;<\/p>\n","protected":false},"excerpt":{"rendered":"<p>El banco FID de la serie Impulse SL7011 Sterling es compacto con un dise\u00f1o que ahorra espacio, con un respaldo ajustable a 6 posiciones diferentes con<span class=\"excerpt-hellip\"> [\u2026]<\/span><\/p>\n","protected":false},"featured_media":5963,"template":"","meta":{"_joinchat":[]},"product_brand":[],"product_cat":[106,140,211,291,32],"product_tag":[],"class_list":{"0":"post-3158","1":"product","2":"type-product","3":"status-publish","4":"has-post-thumbnail","6":"product_cat-accesorios","7":"product_cat-bancos-rack-smith","8":"product_cat-impulse","9":"product_cat-sterling","10":"product_cat-profesional","12":"first","13":"outofstock","14":"shipping-taxable","15":"purchasable","16":"product-type-simple"},"_links":{"self":[{"href":"https:\/\/letsgofitness.cl\/index.php\/wp-json\/wp\/v2\/product\/3158","targetHints":{"allow":["GET"]}}],"collection":[{"href":"https:\/\/letsgofitness.cl\/index.php\/wp-json\/wp\/v2\/product"}],"about":[{"href":"https:\/\/letsgofitness.cl\/index.php\/wp-json\/wp\/v2\/types\/product"}],"wp:featuredmedia":[{"embeddable":true,"href":"https:\/\/letsgofitness.cl\/index.php\/wp-json\/wp\/v2\/media\/5963"}],"wp:attachment":[{"href":"https:\/\/letsgofitness.cl\/index.php\/wp-json\/wp\/v2\/media?parent=3158"}],"wp:term":[{"taxonomy":"product_brand","embeddable":true,"href":"https:\/\/letsgofitness.cl\/index.php\/wp-json\/wp\/v2\/product_brand?post=3158"},{"taxonomy":"product_cat","embeddable":true,"href":"https:\/\/letsgofitness.cl\/index.php\/wp-json\/wp\/v2\/product_cat?post=3158"},{"taxonomy":"product_tag","embeddable":true,"href":"https:\/\/letsgofitness.cl\/index.php\/wp-json\/wp\/v2\/product_tag?post=3158"}],"curies":[{"name":"wp","href":"https:\/\/api.w.org\/{rel}","templated":true}]}}