{"id":3147,"date":"2021-12-13T12:51:34","date_gmt":"2021-12-13T15:51:34","guid":{"rendered":"https:\/\/letsgofitness.cl\/?post_type=product&#038;p=3147"},"modified":"2026-04-10T11:17:26","modified_gmt":"2026-04-10T14:17:26","slug":"pulldown-impulse-disponible-desde-el-5-de-enero-2022","status":"publish","type":"product","link":"https:\/\/letsgofitness.cl\/index.php\/producto\/pulldown-impulse-disponible-desde-el-5-de-enero-2022\/","title":{"rendered":"PULLDOWN IMPULSE STERLING"},"content":{"rendered":"<p>Los usuarios se beneficiar\u00e1n de una trayectoria de movimiento biomec\u00e1nicamente precisa y un dise\u00f1o que replica la sensaci\u00f3n de las pesas libres al tiempo que se enfoca con precisi\u00f3n en m\u00faltiples m\u00fasculos de la espalda y b\u00edceps. Los ajustes de un solo toque significan que este equipo es f\u00e1cil de ajustar, lo que permite a los usuarios de todas las formas y tama\u00f1os tener una experiencia de entrenamiento personalizada con rapidez y facilidad. Para los levantadores m\u00e1s pesados, una carga m\u00e1xima de 300 kg significa que pueden sentirse seguros al levantar a su m\u00e1ximo rendimiento.<\/p>\n<p>Utilizado en todo el mundo, el pulldown Impulse Sterling es parte de la gama PROFESIONAL Impulse Sterling<\/p>\n<h6><strong>CARACTER\u00cdSTICAS T\u00c9CNICAS:<\/strong><\/h6>\n<ul>\n<li>Carga de placa ol\u00edmpicas, asegura un bajo mantenimiento<\/li>\n<li>La tuber\u00eda cuadrada gruesa ha sido electrosoldada para m\u00e1xima integridad<\/li>\n<li>Recubierto de polvo electrost\u00e1tico y curado con calor para una durabilidad superior<\/li>\n<li>Asientos c\u00f3modos de 60 mm de grosor y acolchado con vinilo industrial, respaldo de madera contrachapada gruesa y n\u00facleo de espuma de 38 mm<\/li>\n<\/ul>\n<h6><strong>DIMENSIONES Y PESOS:<\/strong><\/h6>\n<p>Medidas: 148,2 x 148,9 x 196,7 cm<\/p>\n<p>Peso: 164 KG<\/p>\n<p>Peso inicial (un brazo): 2 KG<\/p>\n<p>Peso m\u00e1ximo de usuario: 150 KG<\/p>\n","protected":false},"excerpt":{"rendered":"<p>Los usuarios se beneficiar\u00e1n de una trayectoria de movimiento biomec\u00e1nicamente precisa y un dise\u00f1o que replica la sensaci\u00f3n de las pesas libres al tiempo que se<span class=\"excerpt-hellip\"> [\u2026]<\/span><\/p>\n","protected":false},"featured_media":5974,"template":"","meta":{"_joinchat":[]},"product_brand":[],"product_cat":[211,291,32,47],"product_tag":[],"class_list":{"0":"post-3147","1":"product","2":"type-product","3":"status-publish","4":"has-post-thumbnail","6":"product_cat-impulse","7":"product_cat-sterling","8":"product_cat-profesional","9":"product_cat-peso-libre-profesional","11":"first","12":"outofstock","13":"sale","14":"shipping-taxable","15":"purchasable","16":"product-type-simple"},"_links":{"self":[{"href":"https:\/\/letsgofitness.cl\/index.php\/wp-json\/wp\/v2\/product\/3147","targetHints":{"allow":["GET"]}}],"collection":[{"href":"https:\/\/letsgofitness.cl\/index.php\/wp-json\/wp\/v2\/product"}],"about":[{"href":"https:\/\/letsgofitness.cl\/index.php\/wp-json\/wp\/v2\/types\/product"}],"wp:featuredmedia":[{"embeddable":true,"href":"https:\/\/letsgofitness.cl\/index.php\/wp-json\/wp\/v2\/media\/5974"}],"wp:attachment":[{"href":"https:\/\/letsgofitness.cl\/index.php\/wp-json\/wp\/v2\/media?parent=3147"}],"wp:term":[{"taxonomy":"product_brand","embeddable":true,"href":"https:\/\/letsgofitness.cl\/index.php\/wp-json\/wp\/v2\/product_brand?post=3147"},{"taxonomy":"product_cat","embeddable":true,"href":"https:\/\/letsgofitness.cl\/index.php\/wp-json\/wp\/v2\/product_cat?post=3147"},{"taxonomy":"product_tag","embeddable":true,"href":"https:\/\/letsgofitness.cl\/index.php\/wp-json\/wp\/v2\/product_tag?post=3147"}],"curies":[{"name":"wp","href":"https:\/\/api.w.org\/{rel}","templated":true}]}}