{"id":3145,"date":"2021-12-13T12:44:16","date_gmt":"2021-12-13T15:44:16","guid":{"rendered":"https:\/\/letsgofitness.cl\/?post_type=product&#038;p=3145"},"modified":"2026-04-10T11:17:26","modified_gmt":"2026-04-10T14:17:26","slug":"chest-press-impulse-disponible-desde-el-5-de-enero-2022","status":"publish","type":"product","link":"https:\/\/letsgofitness.cl\/index.php\/producto\/chest-press-impulse-disponible-desde-el-5-de-enero-2022\/","title":{"rendered":"CHEST PRESS IMPULSE STERLING"},"content":{"rendered":"<p>Impulse Sterling Chest Press es uno de los productos clave dentro de la gama Impulse Sterling que se ha dise\u00f1ado pensando tanto en el propietario como en el usuario de una instalaci\u00f3n comercial. La prensa de pecho Impulse Sterling est\u00e1 dise\u00f1ada para satisfacer las demandas de un entorno de alto uso. Para carga de placas ol\u00edmpicas,\u00a0 garantiza un bajo mantenimiento y caracter\u00edsticas de almacenamiento de placas integradas para ahorrar espacio en sus instalaciones.<\/p>\n<p>Los usuarios se beneficiar\u00e1n de los ajustes codificados por colores de un solo toque para una experiencia de entrenamiento perfecta y personalizada. Adem\u00e1s, los usuarios se beneficiar\u00e1n de los asientos y respaldos de espuma extra gruesos para una comodidad superior al usar esta m\u00e1quina de prensa de pecho de primera calidad.<\/p>\n<h6><strong>CARACTER\u00cdSTICAS T\u00c9CNICAS:<\/strong><\/h6>\n<ul>\n<li>Carga de placas ol\u00edmpicas, asegura un bajo mantenimiento<\/li>\n<li>La tuber\u00eda cuadrada gruesa ha sido electrosoldada para m\u00e1xima integridad<\/li>\n<li>Recubierto de polvo electrost\u00e1tico y curado con calor para una durabilidad superior<\/li>\n<li>Asientos c\u00f3modos de 60 mm de grosor y acolchado con vinilo industrial, respaldo de madera contrachapada gruesa y n\u00facleo de espuma de 38 mm<\/li>\n<\/ul>\n<h6><strong>DIMENSIONES Y PESOS:<\/strong><\/h6>\n<p>Medidas: 140,3 x 104,5 x 120,2 cm<\/p>\n<p>Peso: 112,2 KG<\/p>\n<p>Grosor: 10 mm<\/p>\n<p>Peso m\u00e1ximo de usuario: 150 KG<\/p>\n","protected":false},"excerpt":{"rendered":"<p>Impulse Sterling Chest Press es uno de los productos clave dentro de la gama Impulse Sterling que se ha dise\u00f1ado pensando tanto en el propietario como<span class=\"excerpt-hellip\"> [\u2026]<\/span><\/p>\n","protected":false},"featured_media":6084,"template":"","meta":{"_joinchat":[]},"product_brand":[],"product_cat":[65,211,32,47],"product_tag":[],"class_list":{"0":"post-3145","1":"product","2":"type-product","3":"status-publish","4":"has-post-thumbnail","6":"product_cat-profesional-pesolibre-chest-press","7":"product_cat-impulse","8":"product_cat-profesional","9":"product_cat-peso-libre-profesional","11":"first","12":"outofstock","13":"shipping-taxable","14":"purchasable","15":"product-type-simple"},"_links":{"self":[{"href":"https:\/\/letsgofitness.cl\/index.php\/wp-json\/wp\/v2\/product\/3145","targetHints":{"allow":["GET"]}}],"collection":[{"href":"https:\/\/letsgofitness.cl\/index.php\/wp-json\/wp\/v2\/product"}],"about":[{"href":"https:\/\/letsgofitness.cl\/index.php\/wp-json\/wp\/v2\/types\/product"}],"wp:featuredmedia":[{"embeddable":true,"href":"https:\/\/letsgofitness.cl\/index.php\/wp-json\/wp\/v2\/media\/6084"}],"wp:attachment":[{"href":"https:\/\/letsgofitness.cl\/index.php\/wp-json\/wp\/v2\/media?parent=3145"}],"wp:term":[{"taxonomy":"product_brand","embeddable":true,"href":"https:\/\/letsgofitness.cl\/index.php\/wp-json\/wp\/v2\/product_brand?post=3145"},{"taxonomy":"product_cat","embeddable":true,"href":"https:\/\/letsgofitness.cl\/index.php\/wp-json\/wp\/v2\/product_cat?post=3145"},{"taxonomy":"product_tag","embeddable":true,"href":"https:\/\/letsgofitness.cl\/index.php\/wp-json\/wp\/v2\/product_tag?post=3145"}],"curies":[{"name":"wp","href":"https:\/\/api.w.org\/{rel}","templated":true}]}}