{"id":3133,"date":"2021-12-10T12:46:44","date_gmt":"2021-12-10T15:46:44","guid":{"rendered":"https:\/\/letsgofitness.cl\/?post_type=product&#038;p=3133"},"modified":"2026-04-10T11:17:26","modified_gmt":"2026-04-10T14:17:26","slug":"rack-porta-mancuernas-profesional-boss-strength","status":"publish","type":"product","link":"https:\/\/letsgofitness.cl\/index.php\/producto\/rack-porta-mancuernas-profesional-boss-strength\/","title":{"rendered":"RACK PORTA MANCUERNAS PROFESIONAL BOSS STRENGTH"},"content":{"rendered":"<h6><strong>CARACTER\u00cdSTICAS T\u00c9CNICAS:<\/strong><\/h6>\n<ul>\n<li>Capacidad para 10 pares de mancuernas profesional<\/li>\n<li>Dise\u00f1ados para la protecci\u00f3n de las mancuernas, los sillines de nuevo dise\u00f1o cuentan con un labio c\u00f3ncavo que distribuye el contacto de manera uniforme, prolongando la vida \u00fatil de las mancuernas<\/li>\n<li>Gomas antideslizantes de caucho moldeado en los soportes del rack.<\/li>\n<\/ul>\n","protected":false},"excerpt":{"rendered":"<p>CARACTER\u00cdSTICAS T\u00c9CNICAS: Capacidad para 10 pares de mancuernas profesional Dise\u00f1ados para la protecci\u00f3n de las mancuernas, los sillines de nuevo dise\u00f1o cuentan con un labio c\u00f3ncavo<span class=\"excerpt-hellip\"> [\u2026]<\/span><\/p>\n","protected":false},"featured_media":5837,"template":"","meta":{"_joinchat":[]},"product_brand":[],"product_cat":[106,140,130,117,32],"product_tag":[],"class_list":{"0":"post-3133","1":"product","2":"type-product","3":"status-publish","4":"has-post-thumbnail","6":"product_cat-accesorios","7":"product_cat-bancos-rack-smith","8":"product_cat-boss-strength","9":"product_cat-mancuernas","10":"product_cat-profesional","12":"first","13":"outofstock","14":"sale","15":"shipping-taxable","16":"purchasable","17":"product-type-simple"},"_links":{"self":[{"href":"https:\/\/letsgofitness.cl\/index.php\/wp-json\/wp\/v2\/product\/3133","targetHints":{"allow":["GET"]}}],"collection":[{"href":"https:\/\/letsgofitness.cl\/index.php\/wp-json\/wp\/v2\/product"}],"about":[{"href":"https:\/\/letsgofitness.cl\/index.php\/wp-json\/wp\/v2\/types\/product"}],"wp:featuredmedia":[{"embeddable":true,"href":"https:\/\/letsgofitness.cl\/index.php\/wp-json\/wp\/v2\/media\/5837"}],"wp:attachment":[{"href":"https:\/\/letsgofitness.cl\/index.php\/wp-json\/wp\/v2\/media?parent=3133"}],"wp:term":[{"taxonomy":"product_brand","embeddable":true,"href":"https:\/\/letsgofitness.cl\/index.php\/wp-json\/wp\/v2\/product_brand?post=3133"},{"taxonomy":"product_cat","embeddable":true,"href":"https:\/\/letsgofitness.cl\/index.php\/wp-json\/wp\/v2\/product_cat?post=3133"},{"taxonomy":"product_tag","embeddable":true,"href":"https:\/\/letsgofitness.cl\/index.php\/wp-json\/wp\/v2\/product_tag?post=3133"}],"curies":[{"name":"wp","href":"https:\/\/api.w.org\/{rel}","templated":true}]}}