{"id":3132,"date":"2021-12-10T12:29:50","date_gmt":"2021-12-10T15:29:50","guid":{"rendered":"https:\/\/letsgofitness.cl\/?post_type=product&#038;p=3132"},"modified":"2026-04-10T11:17:26","modified_gmt":"2026-04-10T14:17:26","slug":"porta-discos-olimpico-boss-strength","status":"publish","type":"product","link":"https:\/\/letsgofitness.cl\/index.php\/producto\/porta-discos-olimpico-boss-strength\/","title":{"rendered":"PORTA DISCOS OL\u00cdMPICO BOSS STRENGTH"},"content":{"rendered":"<h6><strong>CARACTER\u00cdSTICAS T\u00c9CNICAS:<\/strong><\/h6>\n<ul>\n<li>Soporte para discos de di\u00e1metro 50 mm.<\/li>\n<li>Fabricado en hierro con terminaci\u00f3n en epoxi color negro.<\/li>\n<li>Bases engomadas.<\/li>\n<li>Barras de almacenaje recubiertas de PVC.<\/li>\n<li>Uso profesional.<\/li>\n<\/ul>\n<p>&nbsp;<\/p>\n<h6><strong>DIMENSIONES Y PESOS:<\/strong><\/h6>\n<p>Medidas: 81 x 66.6 x 132 cm<\/p>\n<p>Peso: 26 KG<\/p>\n","protected":false},"excerpt":{"rendered":"<p>COLOR DISPONIBLE:<\/p>\n<p>NEGRO<\/p>\n","protected":false},"featured_media":5835,"template":"","meta":{"_joinchat":[]},"product_brand":[],"product_cat":[106,140,130,114,135,122,32],"product_tag":[],"class_list":{"0":"post-3132","1":"product","2":"type-product","3":"status-publish","4":"has-post-thumbnail","6":"product_cat-accesorios","7":"product_cat-bancos-rack-smith","8":"product_cat-boss-strength","9":"product_cat-discos","10":"product_cat-oferta","11":"product_cat-stock","12":"product_cat-profesional","14":"first","15":"outofstock","16":"sale","17":"shipping-taxable","18":"purchasable","19":"product-type-simple"},"_links":{"self":[{"href":"https:\/\/letsgofitness.cl\/index.php\/wp-json\/wp\/v2\/product\/3132","targetHints":{"allow":["GET"]}}],"collection":[{"href":"https:\/\/letsgofitness.cl\/index.php\/wp-json\/wp\/v2\/product"}],"about":[{"href":"https:\/\/letsgofitness.cl\/index.php\/wp-json\/wp\/v2\/types\/product"}],"wp:featuredmedia":[{"embeddable":true,"href":"https:\/\/letsgofitness.cl\/index.php\/wp-json\/wp\/v2\/media\/5835"}],"wp:attachment":[{"href":"https:\/\/letsgofitness.cl\/index.php\/wp-json\/wp\/v2\/media?parent=3132"}],"wp:term":[{"taxonomy":"product_brand","embeddable":true,"href":"https:\/\/letsgofitness.cl\/index.php\/wp-json\/wp\/v2\/product_brand?post=3132"},{"taxonomy":"product_cat","embeddable":true,"href":"https:\/\/letsgofitness.cl\/index.php\/wp-json\/wp\/v2\/product_cat?post=3132"},{"taxonomy":"product_tag","embeddable":true,"href":"https:\/\/letsgofitness.cl\/index.php\/wp-json\/wp\/v2\/product_tag?post=3132"}],"curies":[{"name":"wp","href":"https:\/\/api.w.org\/{rel}","templated":true}]}}