{"id":3076,"date":"2021-11-18T13:50:33","date_gmt":"2021-11-18T16:50:33","guid":{"rendered":"https:\/\/letsgofitness.cl\/?post_type=product&#038;p=3076"},"modified":"2026-04-10T11:08:48","modified_gmt":"2026-04-10T14:08:48","slug":"seated-biceps-curl-realleader-usa","status":"publish","type":"product","link":"https:\/\/letsgofitness.cl\/index.php\/producto\/seated-biceps-curl-realleader-usa\/","title":{"rendered":"SEATED BICEPS CURL REALLEADER USA"},"content":{"rendered":"<h5><strong>\u00a0<\/strong><\/h5>\n<h6><strong>\u00a0 \u00a0CARACTER\u00cdSTICAS T\u00c9CNICAS:<\/strong><\/h6>\n<ul>\n<li>Codo y almohadilla para el pecho c\u00f3modos y en \u00e1ngulo preciso.<\/li>\n<li>La acci\u00f3n de leva natural coincide con la curva de fuerza de los m\u00fasculos del b\u00edceps para aislar los b\u00edceps de manera efectiva.<\/li>\n<li>Un reposapi\u00e9s antideslizante hace que la m\u00e1quina sea muy c\u00f3moda de usar.<\/li>\n<li>Mangos giratorios para adaptarse a diferentes usuarios.<\/li>\n<li>Las asas est\u00e1n perfectamente dise\u00f1adas para un agarre natural para obtener el m\u00e1ximo beneficio del ejercicio.<\/li>\n<li>Estructura de acero m\u00e1xima calidad.<\/li>\n<li>Cojines tapizados con espuma alta calidad de 40 MM de grosor.<\/li>\n<li>Grosor perfiles 3MM.<\/li>\n<\/ul>\n<p>&nbsp;<\/p>\n<p>BENEFICIOS:<\/p>\n<ul>\n<li>Esta m\u00e1quina apunta con precisi\u00f3n a los b\u00edceps, ya que las coderas en \u00e1ngulo preciso y los agarres giratorios ayudan a aislar los b\u00edceps de manera efectiva.<\/li>\n<li>Tener b\u00edceps fuertes ayuda a una persona a recoger y transportar objetos en su vida cotidiana f\u00e1cilmente.<\/li>\n<li>Los b\u00edceps bien tonificados y bien construidos dan un aspecto atractivo a la parte superior de los brazos tanto para hombres como para mujeres.<\/li>\n<li>La construcci\u00f3n de los b\u00edceps puede ayudar a tensar la carne \/ grasas en la parte superior del brazo para una persona que tiene la piel fl\u00e1cida despu\u00e9s de la p\u00e9rdida de peso o debido al envejecimiento.<\/li>\n<\/ul>\n<p>&nbsp;<\/p>\n<h6><strong>\u00a0 DIMENSIONES Y PESOS:<\/strong><\/h6>\n<ul>\n<li>Medidas: 115 X 107 X 127CM<\/li>\n<li>Peso: 92 KG<\/li>\n<li>Tama\u00f1o de tubo: 8 x 4 x 0,3 CM<\/li>\n<\/ul>\n","protected":false},"excerpt":{"rendered":"<p>\u00a0 \u00a0 \u00a0CARACTER\u00cdSTICAS T\u00c9CNICAS: Codo y almohadilla para el pecho c\u00f3modos y en \u00e1ngulo preciso. La acci\u00f3n de leva natural coincide con la curva de fuerza<span class=\"excerpt-hellip\"> [\u2026]<\/span><\/p>\n","protected":false},"featured_media":3071,"template":"","meta":{"_joinchat":[]},"product_brand":[],"product_cat":[283,32,47],"product_tag":[],"class_list":{"0":"post-3076","1":"product","2":"type-product","3":"status-publish","4":"has-post-thumbnail","6":"product_cat-realleader","7":"product_cat-profesional","8":"product_cat-peso-libre-profesional","10":"first","11":"outofstock","12":"sale","13":"shipping-taxable","14":"purchasable","15":"product-type-simple"},"_links":{"self":[{"href":"https:\/\/letsgofitness.cl\/index.php\/wp-json\/wp\/v2\/product\/3076","targetHints":{"allow":["GET"]}}],"collection":[{"href":"https:\/\/letsgofitness.cl\/index.php\/wp-json\/wp\/v2\/product"}],"about":[{"href":"https:\/\/letsgofitness.cl\/index.php\/wp-json\/wp\/v2\/types\/product"}],"wp:featuredmedia":[{"embeddable":true,"href":"https:\/\/letsgofitness.cl\/index.php\/wp-json\/wp\/v2\/media\/3071"}],"wp:attachment":[{"href":"https:\/\/letsgofitness.cl\/index.php\/wp-json\/wp\/v2\/media?parent=3076"}],"wp:term":[{"taxonomy":"product_brand","embeddable":true,"href":"https:\/\/letsgofitness.cl\/index.php\/wp-json\/wp\/v2\/product_brand?post=3076"},{"taxonomy":"product_cat","embeddable":true,"href":"https:\/\/letsgofitness.cl\/index.php\/wp-json\/wp\/v2\/product_cat?post=3076"},{"taxonomy":"product_tag","embeddable":true,"href":"https:\/\/letsgofitness.cl\/index.php\/wp-json\/wp\/v2\/product_tag?post=3076"}],"curies":[{"name":"wp","href":"https:\/\/api.w.org\/{rel}","templated":true}]}}