{"id":3070,"date":"2021-11-18T13:35:34","date_gmt":"2021-11-18T16:35:34","guid":{"rendered":"https:\/\/letsgofitness.cl\/?post_type=product&#038;p=3070"},"modified":"2026-04-10T11:08:49","modified_gmt":"2026-04-10T14:08:49","slug":"iso-lateral-chest-back-realleader-usa","status":"publish","type":"product","link":"https:\/\/letsgofitness.cl\/index.php\/producto\/iso-lateral-chest-back-realleader-usa\/","title":{"rendered":"ISO-LATERAL CHEST\/BACK REALLEADER USA"},"content":{"rendered":"<p>Esta unidad es una de las pocas m\u00e1quinas duales cargadas con placas que lo ayuda a trabajar tanto los m\u00fasculos del pecho como de la espalda, lo que la convierte en una soluci\u00f3n ideal para un gimnasio que tiene limitaciones de espacio. Una m\u00e1quina compacta con un dise\u00f1o excepcional que permite movimientos naturales con ejercicios reales de empujar\/jalar para el pecho y la espalda a trav\u00e9s de su robusto dise\u00f1o combinado.<\/p>\n<p>&nbsp;<\/p>\n<h6><strong>\u00a0 \u00a0CARACTER\u00cdSTICAS T\u00c9CNICAS:<\/strong><\/h6>\n<ul>\n<li>Una almohadilla trasera en \u00e1ngulo de 10 grados para prensa de pecho proporciona suficiente apoyo.<\/li>\n<li>Los mangos fijos centralmente estabilizan el cuerpo del usuario mientras realiza los ejercicios ISO laterales.<\/li>\n<li>El movimiento ISO lateral permite un desarrollo de fuerza igual.<\/li>\n<li>Los asientos precisos brindan la m\u00e1xima comodidad.<\/li>\n<li>Estructura de acero m\u00e1xima calidad.<\/li>\n<li>Cojines tapizados con espuma alta calidad de 40 MM de grosor.<\/li>\n<li>Grosor perfiles 3MM.<\/li>\n<\/ul>\n<p>&nbsp;<\/p>\n<p>BENEFICIOS:<\/p>\n<ul>\n<li>Mientras trabaja en el pecho, esta m\u00e1quina se enfoca en el pectoral mayor, el tr\u00edceps y el deltoides anterior, de manera similar, el ejercicio de espalda ayuda a apuntar al dorsal ancho, romboides, deltoides posteriores, trapecio, redondo mayor-menor y b\u00edceps.<\/li>\n<li>Esta es una de las pocas m\u00e1quinas dobles que ayuda a trabajar los m\u00fasculos del pecho y la espalda.<\/li>\n<li>En su vida cotidiana, es posible que deba colocar objetos en estantes sobre su cabeza, y este ejercicio le ayudar\u00e1 a desarrollar la fuerza para realizar estos movimientos de manera segura.<\/li>\n<li>La prensa de pecho tambi\u00e9n recluta los b\u00edceps y los m\u00fasculos principales de los hombros y la espalda.<\/li>\n<\/ul>\n<p>&nbsp;<\/p>\n<h6><strong>DIMENSIONES Y PESOS:<\/strong><\/h6>\n<ul>\n<li>Medidas<strong>:<\/strong> 185 x 177 x 200 CM<\/li>\n<li>Peso<strong>:<\/strong> 167KG<\/li>\n<\/ul>\n","protected":false},"excerpt":{"rendered":"<p>Esta unidad es una de las pocas m\u00e1quinas duales cargadas con placas que lo ayuda a trabajar tanto los m\u00fasculos del pecho como de la espalda,<span class=\"excerpt-hellip\"> [\u2026]<\/span><\/p>\n","protected":false},"featured_media":3069,"template":"","meta":{"_joinchat":[]},"product_brand":[],"product_cat":[283,32,47],"product_tag":[],"class_list":{"0":"post-3070","1":"product","2":"type-product","3":"status-publish","4":"has-post-thumbnail","6":"product_cat-realleader","7":"product_cat-profesional","8":"product_cat-peso-libre-profesional","10":"first","11":"outofstock","12":"sale","13":"shipping-taxable","14":"purchasable","15":"product-type-simple"},"_links":{"self":[{"href":"https:\/\/letsgofitness.cl\/index.php\/wp-json\/wp\/v2\/product\/3070","targetHints":{"allow":["GET"]}}],"collection":[{"href":"https:\/\/letsgofitness.cl\/index.php\/wp-json\/wp\/v2\/product"}],"about":[{"href":"https:\/\/letsgofitness.cl\/index.php\/wp-json\/wp\/v2\/types\/product"}],"wp:featuredmedia":[{"embeddable":true,"href":"https:\/\/letsgofitness.cl\/index.php\/wp-json\/wp\/v2\/media\/3069"}],"wp:attachment":[{"href":"https:\/\/letsgofitness.cl\/index.php\/wp-json\/wp\/v2\/media?parent=3070"}],"wp:term":[{"taxonomy":"product_brand","embeddable":true,"href":"https:\/\/letsgofitness.cl\/index.php\/wp-json\/wp\/v2\/product_brand?post=3070"},{"taxonomy":"product_cat","embeddable":true,"href":"https:\/\/letsgofitness.cl\/index.php\/wp-json\/wp\/v2\/product_cat?post=3070"},{"taxonomy":"product_tag","embeddable":true,"href":"https:\/\/letsgofitness.cl\/index.php\/wp-json\/wp\/v2\/product_tag?post=3070"}],"curies":[{"name":"wp","href":"https:\/\/api.w.org\/{rel}","templated":true}]}}