{"id":3006,"date":"2021-10-24T11:19:47","date_gmt":"2021-10-24T14:19:47","guid":{"rendered":"https:\/\/letsgofitness.cl\/?post_type=product&#038;p=3006"},"modified":"2026-04-10T11:17:27","modified_gmt":"2026-04-10T14:17:27","slug":"glute-kick-boss-strength-alta-calidad","status":"publish","type":"product","link":"https:\/\/letsgofitness.cl\/index.php\/producto\/glute-kick-boss-strength-alta-calidad\/","title":{"rendered":"GLUTE KICK BOSS STRENGTH"},"content":{"rendered":"<h6><strong>CARACTER\u00cdSTICAS T\u00c9CNICAS:<\/strong><\/h6>\n<ul>\n<li>Soporte carga de discos ol\u00edmpicos cromados .<\/li>\n<li>Dos soportes para almacenar discos.<\/li>\n<li>Tapizado ign\u00edfugo y resistente al sudor.<\/li>\n<li>Estructura con pintura en polvo para una fijaci\u00f3n total y alta resistencia a la corrosi\u00f3n.<\/li>\n<li>Rodamientos industriales y de alta calidad.<\/li>\n<li>Configuraci\u00f3n de la estructura en \u00e1ngulo recto para garantizar una perfecta adaptaci\u00f3n estructural.<\/li>\n<li>Material: Acero Q235 como el resto de m\u00e1quinas de la gama BOSS STRENGTH.<\/li>\n<\/ul>\n<h6><strong>DIMENSIONES Y PESO:<\/strong><\/h6>\n<p>Medidas: 160 x 114 x 164.5 cm<\/p>\n<p>Peso: 135 KG<\/p>\n<p>Tubo de 50 x 80 mm.<\/p>\n","protected":false},"excerpt":{"rendered":"<p>CARACTER\u00cdSTICAS T\u00c9CNICAS: Soporte carga de discos ol\u00edmpicos cromados . Dos soportes para almacenar discos. Tapizado ign\u00edfugo y resistente al sudor. Estructura con pintura en polvo para<span class=\"excerpt-hellip\"> [\u2026]<\/span><\/p>\n","protected":false},"featured_media":5983,"template":"","meta":{"_joinchat":[]},"product_brand":[],"product_cat":[130,213,32,47],"product_tag":[],"class_list":{"0":"post-3006","1":"product","2":"type-product","3":"status-publish","4":"has-post-thumbnail","6":"product_cat-boss-strength","7":"product_cat-gluteo","8":"product_cat-profesional","9":"product_cat-peso-libre-profesional","11":"first","12":"outofstock","13":"sale","14":"shipping-taxable","15":"purchasable","16":"product-type-simple"},"_links":{"self":[{"href":"https:\/\/letsgofitness.cl\/index.php\/wp-json\/wp\/v2\/product\/3006","targetHints":{"allow":["GET"]}}],"collection":[{"href":"https:\/\/letsgofitness.cl\/index.php\/wp-json\/wp\/v2\/product"}],"about":[{"href":"https:\/\/letsgofitness.cl\/index.php\/wp-json\/wp\/v2\/types\/product"}],"wp:featuredmedia":[{"embeddable":true,"href":"https:\/\/letsgofitness.cl\/index.php\/wp-json\/wp\/v2\/media\/5983"}],"wp:attachment":[{"href":"https:\/\/letsgofitness.cl\/index.php\/wp-json\/wp\/v2\/media?parent=3006"}],"wp:term":[{"taxonomy":"product_brand","embeddable":true,"href":"https:\/\/letsgofitness.cl\/index.php\/wp-json\/wp\/v2\/product_brand?post=3006"},{"taxonomy":"product_cat","embeddable":true,"href":"https:\/\/letsgofitness.cl\/index.php\/wp-json\/wp\/v2\/product_cat?post=3006"},{"taxonomy":"product_tag","embeddable":true,"href":"https:\/\/letsgofitness.cl\/index.php\/wp-json\/wp\/v2\/product_tag?post=3006"}],"curies":[{"name":"wp","href":"https:\/\/api.w.org\/{rel}","templated":true}]}}