{"id":2774,"date":"2021-08-30T10:46:43","date_gmt":"2021-08-30T13:46:43","guid":{"rendered":"https:\/\/letsgofitness.cl\/?post_type=product&#038;p=2774"},"modified":"2026-04-10T11:08:49","modified_gmt":"2026-04-10T14:08:49","slug":"banco-ajustable-realleader-profesional","status":"publish","type":"product","link":"https:\/\/letsgofitness.cl\/index.php\/producto\/banco-ajustable-realleader-profesional\/","title":{"rendered":"BANCO AJUSTABLE PROFESIONAL REALLEADER USA"},"content":{"rendered":"<p>El banco ajustable es un equipo de ejercicios m\u00faltiples que es ideal para aquellos que buscan desarrollar la fuerza de la parte superior del cuerpo.<\/p>\n<p>&nbsp;<\/p>\n<h6><strong>\u00a0 \u00a0CARACTER\u00cdSTICAS T\u00c9CNICAS:<\/strong><\/h6>\n<ul>\n<li>Almohadilla trasera f\u00e1cilmente ajustable que se puede ajustar a siete \u00e1ngulos diferentes.<\/li>\n<li>Construcci\u00f3n resistente para soportar entrenamientos intensos.<\/li>\n<li>Banco de espuma reforzada para mayor comodidad del usuario.<\/li>\n<li>Estructura de acero m\u00e1xima calidad.<\/li>\n<li>Cojines tapizados con espuma alta calidad de 40 MM de grosor.<\/li>\n<\/ul>\n<p>&nbsp;<\/p>\n<p>BENEFICIOS:<\/p>\n<ul>\n<li>El banco ajustable tiene una almohadilla trasera f\u00e1cilmente ajustable que crea siete \u00e1ngulos diferentes, para que pueda adaptar su entrenamiento a grupos de m\u00fasculos espec\u00edficos.<\/li>\n<li>Es un equipo de peso libre ideal para instalaciones de fitness con limitaciones de espacio que ofrece m\u00faltiples posibilidades de entrenamiento.<\/li>\n<\/ul>\n<p>&nbsp;<\/p>\n<h6><strong>\u00a0 \u00a0DIMENSIONES Y PESOS:<\/strong><\/h6>\n<p>Medidas: 130 x 76 x 48 CM<\/p>\n<p>Peso: 36 KG<\/p>\n<p>Tama\u00f1o del tubo: 5 x 10 x 0.3 CM<\/p>\n<p>Grosor perfiles 3MM.<\/p>\n","protected":false},"excerpt":{"rendered":"<p>El banco ajustable es un equipo de ejercicios m\u00faltiples que es ideal para aquellos que buscan desarrollar la fuerza de la parte superior del cuerpo. &nbsp;<span class=\"excerpt-hellip\"> [\u2026]<\/span><\/p>\n","protected":false},"featured_media":6011,"template":"","meta":{"_joinchat":[]},"product_brand":[],"product_cat":[140,283,32,47],"product_tag":[],"class_list":{"0":"post-2774","1":"product","2":"type-product","3":"status-publish","4":"has-post-thumbnail","6":"product_cat-bancos-rack-smith","7":"product_cat-realleader","8":"product_cat-profesional","9":"product_cat-peso-libre-profesional","11":"first","12":"instock","13":"sale","14":"shipping-taxable","15":"purchasable","16":"product-type-simple"},"_links":{"self":[{"href":"https:\/\/letsgofitness.cl\/index.php\/wp-json\/wp\/v2\/product\/2774","targetHints":{"allow":["GET"]}}],"collection":[{"href":"https:\/\/letsgofitness.cl\/index.php\/wp-json\/wp\/v2\/product"}],"about":[{"href":"https:\/\/letsgofitness.cl\/index.php\/wp-json\/wp\/v2\/types\/product"}],"wp:featuredmedia":[{"embeddable":true,"href":"https:\/\/letsgofitness.cl\/index.php\/wp-json\/wp\/v2\/media\/6011"}],"wp:attachment":[{"href":"https:\/\/letsgofitness.cl\/index.php\/wp-json\/wp\/v2\/media?parent=2774"}],"wp:term":[{"taxonomy":"product_brand","embeddable":true,"href":"https:\/\/letsgofitness.cl\/index.php\/wp-json\/wp\/v2\/product_brand?post=2774"},{"taxonomy":"product_cat","embeddable":true,"href":"https:\/\/letsgofitness.cl\/index.php\/wp-json\/wp\/v2\/product_cat?post=2774"},{"taxonomy":"product_tag","embeddable":true,"href":"https:\/\/letsgofitness.cl\/index.php\/wp-json\/wp\/v2\/product_tag?post=2774"}],"curies":[{"name":"wp","href":"https:\/\/api.w.org\/{rel}","templated":true}]}}