{"id":2442,"date":"2021-07-16T11:23:17","date_gmt":"2021-07-16T14:23:17","guid":{"rendered":"https:\/\/letsgofitness.cl\/?post_type=product&#038;p=2442"},"modified":"2026-04-10T11:16:45","modified_gmt":"2026-04-10T14:16:45","slug":"prone-leg-curl-boss-strength-disponible-desde-el-10-de-agosto","status":"publish","type":"product","link":"https:\/\/letsgofitness.cl\/index.php\/producto\/prone-leg-curl-boss-strength-disponible-desde-el-10-de-agosto\/","title":{"rendered":"PRONE LEG CURL BOSS STRENGTH PowerCrown"},"content":{"rendered":"<p>Dise\u00f1o elegante y est\u00e9tico y su calidad es apta para uso profesional. Est\u00e1 dise\u00f1ado ergon\u00f3micamente para proporcionar un movimiento natural y maximizar la efectividad de los ejercicios.<\/p>\n<h6 class=\"resp-tab-content resp-tab-content-active\" aria-labelledby=\"tab_item-0\"><strong>CARACTER\u00cdSTICAS T\u00c9CNICAS:<\/strong><\/h6>\n<ul>\n<li>Construido en tubo de acero ovalado de alta calidad de 3 mm de espesor.<\/li>\n<li>Piezas m\u00f3viles montadas con placa de 0,5 cm de espesor.<\/li>\n<li>Piezas desmontables de acero macizo que evitan problemas de desgaste.<\/li>\n<li>Las m\u00e1quinas est\u00e1n montadas sobre cojinetes (circulares o lineales) o ruedas y cojinetes de bronce.<\/li>\n<li>Brazos con contrapeso que compensan el peso de la parte de la estructura a mover, por lo que el usuario solo levanta el peso seleccionado con las placas.<\/li>\n<li>Uso de sistema de levas para desarrollar un peso uniforme.\u00a0Mantiene una resistencia constante para el brazo de potencia durante todo el ejercicio.<\/li>\n<li>El proceso de pintura y anticorrosi\u00f3n de 4 etapas brinda garant\u00eda contra la corrosi\u00f3n.\u00a0La primera capa es donde la estructura se desengrasa y fosfata a temperatura.\u00a0El segundo es una aplicaci\u00f3n de prefosfato a temperatura ambiente.\u00a0En el tercero, se realiza el fosfatado en caliente.\u00a0Y finalmente, la estructura est\u00e1 cubierta con un acabado epoxi power cubierto.<\/li>\n<li>Las placas est\u00e1n fabricadas en acero calibrado, pintado de negro, cuentan con anillos de Tefl\u00f3n de calidad superior, que produce un correcto deslizamiento y evita ruidos de fricci\u00f3n.<\/li>\n<li>Selectores de placa magnetizada.\u00a0Los imanes evitan que el selector se salga durante el ejercicio.<\/li>\n<li>Torre de placa con indicadores de peso en kg.\u00a0y lbs.<\/li>\n<li>Las barras de gu\u00eda est\u00e1n hechas de acero inoxidable.<\/li>\n<li>Transmisi\u00f3n por cable<\/li>\n<li>Carenados delantero y trasero para evitar accidentes mientras las placas est\u00e1n en movimiento.<\/li>\n<li>Ajuste del respaldo y del rodillo acolchado.\u00a0Las m\u00e1quinas se pueden adaptar a cualquier usuario, ayud\u00e1ndole a realizar los ejercicios desde la postura correcta.<\/li>\n<li>Perillas de ajuste rojas para una f\u00e1cil ubicaci\u00f3n.<\/li>\n<li>Pu\u00f1os de goma no absorbentes y antideslizantes.\u00a0Son muy resistentes.<\/li>\n<li>Incluye dos bandejas de gran tama\u00f1o que sirven como botellero y portaobjetos.<\/li>\n<li>Tapizado con relleno de viscoel\u00e1stica y polipiel antibacteriana e ign\u00edfuga.<\/li>\n<li>Pictograma explicativo que explica la postura correcta para el ejercicio y qu\u00e9 m\u00fasculos est\u00e1n involucrados.<\/li>\n<li>Garant\u00eda estructura: 7 a\u00f1os<\/li>\n<\/ul>\n<p>&nbsp;<\/p>\n<h6><strong>DIMENSIONES Y PESOS:<\/strong><\/h6>\n<p>Medidas: 172,5 x 127,8 x 150 cm<\/p>\n<p>Peso m\u00e1ximo de usuario: 180 KG<\/p>\n<p>STACK: 114 KG<\/p>\n","protected":false},"excerpt":{"rendered":"<p>Dise\u00f1o elegante y est\u00e9tico y su calidad es apta para uso profesional. Est\u00e1 dise\u00f1ado ergon\u00f3micamente para proporcionar un movimiento natural y maximizar la efectividad de los<span class=\"excerpt-hellip\"> [\u2026]<\/span><\/p>\n","protected":false},"featured_media":5828,"template":"","meta":{"_joinchat":[]},"product_brand":[],"product_cat":[130,132,32,48],"product_tag":[],"class_list":{"0":"post-2442","1":"product","2":"type-product","3":"status-publish","4":"has-post-thumbnail","6":"product_cat-boss-strength","7":"product_cat-powercrown","8":"product_cat-profesional","9":"product_cat-peso-integrado-profesional","11":"first","12":"outofstock","13":"sale","14":"shipping-taxable","15":"purchasable","16":"product-type-simple"},"_links":{"self":[{"href":"https:\/\/letsgofitness.cl\/index.php\/wp-json\/wp\/v2\/product\/2442","targetHints":{"allow":["GET"]}}],"collection":[{"href":"https:\/\/letsgofitness.cl\/index.php\/wp-json\/wp\/v2\/product"}],"about":[{"href":"https:\/\/letsgofitness.cl\/index.php\/wp-json\/wp\/v2\/types\/product"}],"wp:featuredmedia":[{"embeddable":true,"href":"https:\/\/letsgofitness.cl\/index.php\/wp-json\/wp\/v2\/media\/5828"}],"wp:attachment":[{"href":"https:\/\/letsgofitness.cl\/index.php\/wp-json\/wp\/v2\/media?parent=2442"}],"wp:term":[{"taxonomy":"product_brand","embeddable":true,"href":"https:\/\/letsgofitness.cl\/index.php\/wp-json\/wp\/v2\/product_brand?post=2442"},{"taxonomy":"product_cat","embeddable":true,"href":"https:\/\/letsgofitness.cl\/index.php\/wp-json\/wp\/v2\/product_cat?post=2442"},{"taxonomy":"product_tag","embeddable":true,"href":"https:\/\/letsgofitness.cl\/index.php\/wp-json\/wp\/v2\/product_tag?post=2442"}],"curies":[{"name":"wp","href":"https:\/\/api.w.org\/{rel}","templated":true}]}}