{"id":2437,"date":"2021-07-16T10:58:39","date_gmt":"2021-07-16T13:58:39","guid":{"rendered":"https:\/\/letsgofitness.cl\/?post_type=product&#038;p=2437"},"modified":"2026-04-10T11:16:45","modified_gmt":"2026-04-10T14:16:45","slug":"leg-press-45-boss-strength-disponible-desde-el-10-de-agosto","status":"publish","type":"product","link":"https:\/\/letsgofitness.cl\/index.php\/producto\/leg-press-45-boss-strength-disponible-desde-el-10-de-agosto\/","title":{"rendered":"LEG PRESS 45\u00b0 BOSS STRENGTH"},"content":{"rendered":"<h6><strong>CARACTER\u00cdSTICAS T\u00c9CNICAS:<\/strong><\/h6>\n<ul>\n<li><strong>Estructura: <\/strong>Fabricada en 3 mm de grosor, tubo ovalado de acero.<\/li>\n<li><strong>Pintura: <\/strong>El proceso de pintado de las m\u00e1quinas se realiza en un t\u00fanel de tratamiento de cuatro capas, lo que ofrece una garant\u00eda absoluta contra la corrosi\u00f3n.\u00a0La primera capa se desengrasa y se fosfata en caliente.\u00a0El segundo es un prefosfatado a temperatura ambiente.\u00a0En el tercero se procede a la fosfataci\u00f3n en caliente.\u00a0Y finalmente, la estructura se cubre con pintura epoxi en polvo.<\/li>\n<li><strong>Tapizado: <\/strong>Espuma en3 cm. grosor \u00a0y 150 kg. de presi\u00f3n(Alta Densidad). La piel sint\u00e9tica es ign\u00edfuga y porosa. La tapicer\u00eda de las m\u00e1quinas es anat\u00f3mica.<\/li>\n<\/ul>\n<h6 class=\"resp-tab-content resp-tab-content-active\" aria-labelledby=\"tab_item-0\"><strong>DIMENSIONES Y PESO:<\/strong><\/h6>\n<div class=\"resp-tab-content resp-tab-content-active\" aria-labelledby=\"tab_item-1\">\n<ul>\n<li><b><strong>Longitud<\/strong>\u00a0:<\/b>\u00a0214,7 cm.<\/li>\n<li><b><strong>Ancho:<\/strong>\u00a0<\/b>161,6 cm.<\/li>\n<li><b><strong>Altura:<\/strong>\u00a0<\/b>143,7 cm.<\/li>\n<li><b><strong>Peso:<\/strong>\u00a0<\/b>185 kg.<\/li>\n<\/ul>\n<\/div>\n<p>&nbsp;<\/p>\n","protected":false},"excerpt":{"rendered":"<p>&nbsp;<\/p>\n<p>&nbsp;<\/p>\n","protected":false},"featured_media":6987,"template":"","meta":{"_joinchat":[]},"product_brand":[],"product_cat":[130,219,135,288,122,32,47],"product_tag":[],"class_list":{"0":"post-2437","1":"product","2":"type-product","3":"status-publish","4":"has-post-thumbnail","6":"product_cat-boss-strength","7":"product_cat-leg-press-45","8":"product_cat-oferta","9":"product_cat-proximamente","10":"product_cat-stock","11":"product_cat-profesional","12":"product_cat-peso-libre-profesional","14":"first","15":"outofstock","16":"sale","17":"shipping-taxable","18":"purchasable","19":"product-type-simple"},"_links":{"self":[{"href":"https:\/\/letsgofitness.cl\/index.php\/wp-json\/wp\/v2\/product\/2437","targetHints":{"allow":["GET"]}}],"collection":[{"href":"https:\/\/letsgofitness.cl\/index.php\/wp-json\/wp\/v2\/product"}],"about":[{"href":"https:\/\/letsgofitness.cl\/index.php\/wp-json\/wp\/v2\/types\/product"}],"wp:featuredmedia":[{"embeddable":true,"href":"https:\/\/letsgofitness.cl\/index.php\/wp-json\/wp\/v2\/media\/6987"}],"wp:attachment":[{"href":"https:\/\/letsgofitness.cl\/index.php\/wp-json\/wp\/v2\/media?parent=2437"}],"wp:term":[{"taxonomy":"product_brand","embeddable":true,"href":"https:\/\/letsgofitness.cl\/index.php\/wp-json\/wp\/v2\/product_brand?post=2437"},{"taxonomy":"product_cat","embeddable":true,"href":"https:\/\/letsgofitness.cl\/index.php\/wp-json\/wp\/v2\/product_cat?post=2437"},{"taxonomy":"product_tag","embeddable":true,"href":"https:\/\/letsgofitness.cl\/index.php\/wp-json\/wp\/v2\/product_tag?post=2437"}],"curies":[{"name":"wp","href":"https:\/\/api.w.org\/{rel}","templated":true}]}}