{"id":2345,"date":"2021-07-04T22:02:20","date_gmt":"2021-07-05T01:02:20","guid":{"rendered":"https:\/\/letsgofitness.cl\/?post_type=product&#038;p=2345"},"modified":"2026-04-10T11:16:45","modified_gmt":"2026-04-10T14:16:45","slug":"banco-dual-ghd-hiperextension-lumbar-boss-strength","status":"publish","type":"product","link":"https:\/\/letsgofitness.cl\/index.php\/producto\/banco-dual-ghd-hiperextension-lumbar-boss-strength\/","title":{"rendered":"BANCO AB BACK DUAL GHD\/HIPEREXTENSION LUMBAR BOSS STRENGTH"},"content":{"rendered":"<h6><strong>CARACTER\u00cdSTICAS T\u00c9CNICAS:<\/strong><\/h6>\n<p>Incluye los elementos esenciales para el entrenamiento de la fuerza. Todos los productos cumplen con el est\u00e1ndar nacional.<\/p>\n<ul>\n<li>Estructura\u00a0construida en tubo oval de acero de 3 mm.<\/li>\n<li>La tecnolog\u00eda de pulverizaci\u00f3n electrost\u00e1tica en polvo termo endurecible hace que la estructura sea brillante y tenga un fuerte impacto visual. Adem\u00e1s, tambi\u00e9n le aporta resistencia a la humedad.<\/li>\n<li>Todos los\u00a0pernos de uni\u00f3n\u00a0est\u00e1n hechos de acero inoxidable para garantizar la estabilidad y la resistencia de las conexiones de la m\u00e1quina.<\/li>\n<li>Tapizado\u00a0realizado con goma espuma de 3 cm. de espesor con 150 kg. de presi\u00f3n. La polipiel es ign\u00edfuga y porosa. El tapizado de las maquinas es anat\u00f3mico. Con la capa extra de cuero en el acolchado del coj\u00edn, prolonga la vida de su relleno y facilita su reemplazo en superficies desgastadas.<\/li>\n<li>Agarres\u00a0en goma.<\/li>\n<li>Ajustes\u00a0de \u00e1ngulos m\u00faltiples para adaptarse a diferentes alturas y movimientos.<\/li>\n<li>Tacos\u00a0de PVC blando en las patas que garantizan la estabilidad y evitan el desgaste.<\/li>\n<\/ul>\n<h6 class=\"resp-accordion resp-tab-active\" role=\"tab\"><strong>DIMENSIONES Y PESO:<\/strong><\/h6>\n<ul>\n<li><strong>Largo:<\/strong>\u00a0160 cm.<\/li>\n<li><strong>Ancho:<\/strong>\u00a094 cm.<\/li>\n<li><strong>Alto:<\/strong>\u00a0108.5 cm.<\/li>\n<li><strong>Peso:<\/strong>\u00a071 kg.<\/li>\n<\/ul>\n","protected":false},"excerpt":{"rendered":"<p>CARACTER\u00cdSTICAS T\u00c9CNICAS: Incluye los elementos esenciales para el entrenamiento de la fuerza. Todos los productos cumplen con el est\u00e1ndar nacional. Estructura\u00a0construida en tubo oval de acero<span class=\"excerpt-hellip\"> [\u2026]<\/span><\/p>\n","protected":false},"featured_media":5824,"template":"","meta":{"_joinchat":[]},"product_brand":[],"product_cat":[140,130,93,32,47,49],"product_tag":[],"class_list":{"0":"post-2345","1":"product","2":"type-product","3":"status-publish","4":"has-post-thumbnail","6":"product_cat-bancos-rack-smith","7":"product_cat-boss-strength","8":"product_cat-semiprofesional-funcional","9":"product_cat-profesional","10":"product_cat-peso-libre-profesional","11":"product_cat-dual-profesional","13":"first","14":"instock","15":"sale","16":"shipping-taxable","17":"purchasable","18":"product-type-simple"},"_links":{"self":[{"href":"https:\/\/letsgofitness.cl\/index.php\/wp-json\/wp\/v2\/product\/2345","targetHints":{"allow":["GET"]}}],"collection":[{"href":"https:\/\/letsgofitness.cl\/index.php\/wp-json\/wp\/v2\/product"}],"about":[{"href":"https:\/\/letsgofitness.cl\/index.php\/wp-json\/wp\/v2\/types\/product"}],"wp:featuredmedia":[{"embeddable":true,"href":"https:\/\/letsgofitness.cl\/index.php\/wp-json\/wp\/v2\/media\/5824"}],"wp:attachment":[{"href":"https:\/\/letsgofitness.cl\/index.php\/wp-json\/wp\/v2\/media?parent=2345"}],"wp:term":[{"taxonomy":"product_brand","embeddable":true,"href":"https:\/\/letsgofitness.cl\/index.php\/wp-json\/wp\/v2\/product_brand?post=2345"},{"taxonomy":"product_cat","embeddable":true,"href":"https:\/\/letsgofitness.cl\/index.php\/wp-json\/wp\/v2\/product_cat?post=2345"},{"taxonomy":"product_tag","embeddable":true,"href":"https:\/\/letsgofitness.cl\/index.php\/wp-json\/wp\/v2\/product_tag?post=2345"}],"curies":[{"name":"wp","href":"https:\/\/api.w.org\/{rel}","templated":true}]}}