{"id":2338,"date":"2021-07-03T13:08:11","date_gmt":"2021-07-03T16:08:11","guid":{"rendered":"https:\/\/letsgofitness.cl\/?post_type=product&#038;p=2338"},"modified":"2026-05-07T16:06:54","modified_gmt":"2026-05-07T19:06:54","slug":"leg-press-prensa-pendulo-boos-strength","status":"publish","type":"product","link":"https:\/\/letsgofitness.cl\/index.php\/producto\/leg-press-prensa-pendulo-boos-strength\/","title":{"rendered":"PRESS (PRENSA PENDULO) BOSS STRENGTH"},"content":{"rendered":"<h6 class=\"resp-accordion resp-tab-active\" role=\"tab\"><strong>CARACTER\u00cdSTICAS T\u00c9CNICAS.<\/strong><\/h6>\n<ul>\n<li><strong>Estructura: <\/strong>Fabricada en tubo de acero en\u00a0 3 mm de grosor.<\/li>\n<li><strong>Pintura: <\/strong>El proceso de pintado de las m\u00e1quinas se realiza en un t\u00fanel de tratamiento de cuatro etapas, lo que ofrece una garant\u00eda absoluta contra la corrosi\u00f3n. La primera etapa se desengrasa y se fosfata en caliente. La segunda es un prefosfatado a temperatura ambiente. En la tercera se procede a la fosfataci\u00f3n en caliente. Y finalmente, la estructura se cubre con dos capas de pintura epoxi en polvo.<\/li>\n<li><strong>Tapizado: <\/strong>Espuma en 3 cm. grosor \u00a0y 150 kg. de presi\u00f3n(Alta Densidad). La piel sint\u00e9tica es ign\u00edfuga y porosa. La tapicer\u00eda de las m\u00e1quinas es anat\u00f3mica.<\/li>\n<li>Angulo de respaldo ajustable.<\/li>\n<\/ul>\n<h6 class=\"resp-tab-content resp-tab-content-active\" aria-labelledby=\"tab_item-0\"><strong>DIMENSIONES Y PESOS:<\/strong><\/h6>\n<div class=\"resp-tab-content resp-tab-content-active\" aria-labelledby=\"tab_item-1\">\n<ul>\n<li><b><strong>Longitud<\/strong>\u00a0:<\/b> 210 cm.<\/li>\n<li><b><strong>Ancho:<\/strong><\/b>174 cm.<\/li>\n<li><b><strong>Altura:<\/strong><\/b>153 cm.<\/li>\n<li><b><strong>Peso:<\/strong> 250<\/b>\u00a0kilogramos.<\/li>\n<\/ul>\n<\/div>\n<p>&nbsp;<\/p>\n<p>&nbsp;<\/p>\n","protected":false},"excerpt":{"rendered":"<p>CARACTER\u00cdSTICAS T\u00c9CNICAS. Estructura: Fabricada en tubo de acero en\u00a0 3 mm de grosor. Pintura: El proceso de pintado de las m\u00e1quinas se realiza en un t\u00fanel<span class=\"excerpt-hellip\"> [\u2026]<\/span><\/p>\n","protected":false},"featured_media":5739,"template":"","meta":{"_joinchat":[]},"product_brand":[],"product_cat":[130,219,276,32,47],"product_tag":[],"class_list":{"0":"post-2338","1":"product","2":"type-product","3":"status-publish","4":"has-post-thumbnail","6":"product_cat-boss-strength","7":"product_cat-leg-press-45","8":"product_cat-oferta-pago-contado","9":"product_cat-profesional","10":"product_cat-peso-libre-profesional","12":"first","13":"outofstock","14":"sale","15":"shipping-taxable","16":"purchasable","17":"product-type-simple"},"_links":{"self":[{"href":"https:\/\/letsgofitness.cl\/index.php\/wp-json\/wp\/v2\/product\/2338","targetHints":{"allow":["GET"]}}],"collection":[{"href":"https:\/\/letsgofitness.cl\/index.php\/wp-json\/wp\/v2\/product"}],"about":[{"href":"https:\/\/letsgofitness.cl\/index.php\/wp-json\/wp\/v2\/types\/product"}],"wp:featuredmedia":[{"embeddable":true,"href":"https:\/\/letsgofitness.cl\/index.php\/wp-json\/wp\/v2\/media\/5739"}],"wp:attachment":[{"href":"https:\/\/letsgofitness.cl\/index.php\/wp-json\/wp\/v2\/media?parent=2338"}],"wp:term":[{"taxonomy":"product_brand","embeddable":true,"href":"https:\/\/letsgofitness.cl\/index.php\/wp-json\/wp\/v2\/product_brand?post=2338"},{"taxonomy":"product_cat","embeddable":true,"href":"https:\/\/letsgofitness.cl\/index.php\/wp-json\/wp\/v2\/product_cat?post=2338"},{"taxonomy":"product_tag","embeddable":true,"href":"https:\/\/letsgofitness.cl\/index.php\/wp-json\/wp\/v2\/product_tag?post=2338"}],"curies":[{"name":"wp","href":"https:\/\/api.w.org\/{rel}","templated":true}]}}