{"id":2288,"date":"2021-06-28T20:43:42","date_gmt":"2021-06-28T23:43:42","guid":{"rendered":"https:\/\/letsgofitness.cl\/?post_type=product&#038;p=2288"},"modified":"2026-04-21T10:36:39","modified_gmt":"2026-04-21T13:36:39","slug":"boss-strength-estacion-1-stack-doble-polea-stack-104kg","status":"publish","type":"product","link":"https:\/\/letsgofitness.cl\/index.php\/producto\/boss-strength-estacion-1-stack-doble-polea-stack-104kg\/","title":{"rendered":"ESTACION FUNCIONAL 1 STACK BOSS STRENGTH  **OFERTA PAGO CONTADO $1.890.000** (TRANSFERENCIA)"},"content":{"rendered":"<p><strong>Estaci\u00f3n Funcional 1 STACK Boss Strength<\/strong> tiene un dise\u00f1o elegante y est\u00e9tico y una calidad para uso profesional. Est\u00e1 ergon\u00f3micamente dise\u00f1ada para proporcionar un movimiento natural, maximizar la efectividad de los ejercicios.<\/p>\n<h6><strong>CARACTERISTICAS T\u00c9CNICAS:<\/strong><\/h6>\n<div id=\"content-wrapper\" class=\"container flex\">\n<div class=\"entry-content\">\n<div id=\"product-2546\" class=\"col-12\">\n<div class=\"row\">\n<div class=\"product-description col-12\">\n<div id=\"horizontalTab\" class=\"resp-vtabs\">\n<div class=\"resp-tabs-container\">\n<div class=\"resp-tab-content resp-tab-content-active\" aria-labelledby=\"tab_item-0\">\n<ul>\n<li>Estructura construida en tubo oval de acero de alta calidad de 3 mm. de espesor.<\/li>\n<li>Partes m\u00f3viles montadas con pletina de 0.5 cm. de espesor.<\/li>\n<li>Partes desmontables de acero macizo con el que se evitan problemas de desgaste.<\/li>\n<li>Las m\u00e1quinas est\u00e1n montadas sobre rodamientos (circulares o lineales) o ruedas de bronce y rodamientos.<\/li>\n<li>Uso de sistema de levas para desarrollar un peso uniforme. Mantiene el brazo de fuerza con una resistencia constante durante todo el recorrido.<\/li>\n<li>El proceso de pintado de las m\u00e1quinas se realiza en t\u00fanel de tratamiento de cuatro capas, que ofrece una absoluta garant\u00eda contra la corrosi\u00f3n. En la primera capa se procede al desengrasado y fosfatado en caliente. La segunda se trata de un pre fosfatado a temperatura ambiente. En la tercera se procede a fosfatar en caliente. Y por \u00faltimo, se cubre la estructura con dos capas de\u00a0 pintura epoxi en polvo.<\/li>\n<li>Las placas son de acero calibrado, pintadas en negro, estas tienen anillos de tefl\u00f3n de una calidad superior, lo cual produce un deslizamiento correcto y evita ruidos por fricci\u00f3n.<\/li>\n<li>Selectores de placas magnetizados. Los imanes evitan que el selector se salga durante el ejercicio.<\/li>\n<li>Torre de placas con indicadores de peso en kg. y en lbs.<\/li>\n<li>Las barras gu\u00edas son de acero inoxidable.<\/li>\n<li>Transmisi\u00f3n por cable.<\/li>\n<li>Carenados delantero y trasero para evitar accidentes mientras las placas est\u00e1n en movimiento.<\/li>\n<li>Selectores de ajuste de color rojo para localizarlos f\u00e1cilmente.<\/li>\n<li>Agarres de goma no absorbente y antideslizante. Son altamente resistentes.<\/li>\n<li>Incluye dos bandejas de gran dimensi\u00f3n como soporte botellero y portaobjetos.<\/li>\n<li>Pictograma explicativo sobre la postura correcta para la realizaci\u00f3n del ejercicio y los m\u00fasculos implicados en el mismo.<\/li>\n<\/ul>\n<\/div>\n<\/div>\n<\/div>\n<\/div>\n<\/div>\n<\/div>\n<\/div>\n<\/div>\n<h6><strong>DIMENSIONES Y PESOS:<\/strong><\/h6>\n<ul>\n<li><strong>Medidas:<\/strong> 144.5 x 72.6 x 232.1 cm<\/li>\n<li><strong>Peso de la m\u00e1quina:<\/strong> 168 kg<\/li>\n<li class=\"label\"><strong>Grosor del marco:<\/strong> 3 mm<\/li>\n<li><strong>STACK: 104 kg<\/strong><\/li>\n<\/ul>\n<div class=\"label\"><\/div>\n<div id=\"sub-footer\" class=\"section\">\n<div class=\"container\">\n<div class=\"row no-gutters\">\n<div class=\"col-6\">\n<p>&nbsp;<\/p>\n<\/div>\n<\/div>\n<\/div>\n<\/div>\n","protected":false},"excerpt":{"rendered":"<p><strong>STOCK DISPONIBLE DESDE EL 25 DE MARZO<\/strong><\/p>\n","protected":false},"featured_media":5914,"template":"","meta":{"_joinchat":[]},"product_brand":[],"product_cat":[130,132,32,48],"product_tag":[],"class_list":{"0":"post-2288","1":"product","2":"type-product","3":"status-publish","4":"has-post-thumbnail","6":"product_cat-boss-strength","7":"product_cat-powercrown","8":"product_cat-profesional","9":"product_cat-peso-integrado-profesional","11":"first","12":"instock","13":"sale","14":"shipping-taxable","15":"purchasable","16":"product-type-simple"},"_links":{"self":[{"href":"https:\/\/letsgofitness.cl\/index.php\/wp-json\/wp\/v2\/product\/2288","targetHints":{"allow":["GET"]}}],"collection":[{"href":"https:\/\/letsgofitness.cl\/index.php\/wp-json\/wp\/v2\/product"}],"about":[{"href":"https:\/\/letsgofitness.cl\/index.php\/wp-json\/wp\/v2\/types\/product"}],"wp:featuredmedia":[{"embeddable":true,"href":"https:\/\/letsgofitness.cl\/index.php\/wp-json\/wp\/v2\/media\/5914"}],"wp:attachment":[{"href":"https:\/\/letsgofitness.cl\/index.php\/wp-json\/wp\/v2\/media?parent=2288"}],"wp:term":[{"taxonomy":"product_brand","embeddable":true,"href":"https:\/\/letsgofitness.cl\/index.php\/wp-json\/wp\/v2\/product_brand?post=2288"},{"taxonomy":"product_cat","embeddable":true,"href":"https:\/\/letsgofitness.cl\/index.php\/wp-json\/wp\/v2\/product_cat?post=2288"},{"taxonomy":"product_tag","embeddable":true,"href":"https:\/\/letsgofitness.cl\/index.php\/wp-json\/wp\/v2\/product_tag?post=2288"}],"curies":[{"name":"wp","href":"https:\/\/api.w.org\/{rel}","templated":true}]}}