{"id":2077,"date":"2021-06-03T15:19:20","date_gmt":"2021-06-03T18:19:20","guid":{"rendered":"https:\/\/letsgofitness.cl\/?post_type=product&#038;p=2077"},"modified":"2026-02-05T09:29:17","modified_gmt":"2026-02-05T12:29:17","slug":"lyin-t-bar-row-realleader-usa-profesional","status":"publish","type":"product","link":"https:\/\/letsgofitness.cl\/index.php\/producto\/lyin-t-bar-row-realleader-usa-profesional\/","title":{"rendered":"LYIN T-BAR ROW PROFESIONAL REALLEADER USA"},"content":{"rendered":"<h6>Los ejercicios realizados con el Remo con barra en T acostado se dirigen al dorsal ancho, el trapecio medio, los romboides, los deltoides posteriores, el b\u00edceps braquial y los antebrazos.<\/h6>\n<p>&nbsp;<\/p>\n<h6><strong>\u00a0 \u00a0CARACTER\u00cdSTICAS T\u00c9CNICAS:<\/strong><\/h6>\n<ul>\n<li>Con una c\u00f3moda almohadilla de espuma para el pecho y un reposapi\u00e9s, esta m\u00e1quina brinda un buen apoyo a su cuerpo durante el levantamiento de pesos pesados.<\/li>\n<li>El dise\u00f1o luce premium y elegante, ya que incluye tubos ovalados y cojines contorneados.<\/li>\n<li>Los mangos est\u00e1n colocados ergon\u00f3micamente para crear el impacto correcto en los m\u00fasculos deseados.<\/li>\n<li>Estructura de acero m\u00e1xima calidad.<\/li>\n<li>Cojines tapizados con espuma alta calidad de 40 MM de grosor.<\/li>\n<li>Grosor perfiles 3MM.<\/li>\n<\/ul>\n<p>&nbsp;<\/p>\n<p>BENEFICIOS:<\/p>\n<ul>\n<li>Los remos con barra en T son mucho m\u00e1s que un simple ejercicio de dorsales, de hecho, es un ejercicio total de espalda.<\/li>\n<li>Esto la convierte en una m\u00e1quina de ejercicio muy eficiente, ya que el remo con barra en T puede ser una buena m\u00e1quina combinada que ofrece una posibilidad de ejercicio de entrenamiento de espalda completa.<\/li>\n<li><\/li>\n<\/ul>\n<h6>\u00a0 <strong>\u00a0ESPECIFICACIONES T\u00c9CNICAS:<\/strong><\/h6>\n<ul>\n<li>Medidas<strong>:<\/strong> 217 x 114 x 119 Cm<\/li>\n<li>Peso<strong>:<\/strong> 60 KG<\/li>\n<\/ul>\n","protected":false},"excerpt":{"rendered":"<p>Los ejercicios realizados con el Remo con barra en T acostado se dirigen al dorsal ancho, el trapecio medio, los romboides, los deltoides posteriores, el b\u00edceps<span class=\"excerpt-hellip\"> [\u2026]<\/span><\/p>\n","protected":false},"featured_media":2074,"template":"","meta":{"_joinchat":[]},"product_brand":[],"product_cat":[140,283,32,47],"product_tag":[],"class_list":{"0":"post-2077","1":"product","2":"type-product","3":"status-publish","4":"has-post-thumbnail","6":"product_cat-bancos-rack-smith","7":"product_cat-realleader","8":"product_cat-profesional","9":"product_cat-peso-libre-profesional","11":"first","12":"instock","13":"sale","14":"shipping-taxable","15":"purchasable","16":"product-type-simple"},"_links":{"self":[{"href":"https:\/\/letsgofitness.cl\/index.php\/wp-json\/wp\/v2\/product\/2077","targetHints":{"allow":["GET"]}}],"collection":[{"href":"https:\/\/letsgofitness.cl\/index.php\/wp-json\/wp\/v2\/product"}],"about":[{"href":"https:\/\/letsgofitness.cl\/index.php\/wp-json\/wp\/v2\/types\/product"}],"wp:featuredmedia":[{"embeddable":true,"href":"https:\/\/letsgofitness.cl\/index.php\/wp-json\/wp\/v2\/media\/2074"}],"wp:attachment":[{"href":"https:\/\/letsgofitness.cl\/index.php\/wp-json\/wp\/v2\/media?parent=2077"}],"wp:term":[{"taxonomy":"product_brand","embeddable":true,"href":"https:\/\/letsgofitness.cl\/index.php\/wp-json\/wp\/v2\/product_brand?post=2077"},{"taxonomy":"product_cat","embeddable":true,"href":"https:\/\/letsgofitness.cl\/index.php\/wp-json\/wp\/v2\/product_cat?post=2077"},{"taxonomy":"product_tag","embeddable":true,"href":"https:\/\/letsgofitness.cl\/index.php\/wp-json\/wp\/v2\/product_tag?post=2077"}],"curies":[{"name":"wp","href":"https:\/\/api.w.org\/{rel}","templated":true}]}}