{"id":2039,"date":"2021-05-30T20:38:33","date_gmt":"2021-05-30T23:38:33","guid":{"rendered":"https:\/\/letsgofitness.cl\/?post_type=product&#038;p=2039"},"modified":"2026-05-05T11:21:56","modified_gmt":"2026-05-05T14:21:56","slug":"barra-z-curl-olimpica-profesional","status":"publish","type":"product","link":"https:\/\/letsgofitness.cl\/index.php\/producto\/barra-z-curl-olimpica-profesional\/","title":{"rendered":"BARRA Z CURL OL\u00cdMPICA PROFESIONAL"},"content":{"rendered":"<h6><strong>CARACTER\u00cdSTICAS T\u00c9CNICAS:<\/strong><\/h6>\n<ul>\n<li>La longitud es de 1,2 m, el di\u00e1metro de la empu\u00f1adura es de 28 mm y el peso es de 10 kg.<\/li>\n<li>Fabricado con material de acero, que puede mejorar las propiedades del material y tener una elasticidad moderada y buena resistencia despu\u00e9s de un proceso de tratamiento t\u00e9rmico espec\u00edfico.<\/li>\n<li>Adopta un dise\u00f1o de doble moleteado, donde puede mejorar el agarre de la mano.<\/li>\n<li>El dise\u00f1o de la barra de flexi\u00f3n ayuda a reducir la presi\u00f3n sobre la mu\u00f1eca y reducir el riesgo de lesiones, lo que favorece m\u00e1s el ejercicio de tr\u00edceps.<\/li>\n<\/ul>\n<h6><strong>DIMENSIONES Y PESO:\u00a0<\/strong><\/h6>\n<p>Longitud: 120 cm<\/p>\n<p>Peso: 10 KG<\/p>\n<p>Di\u00e1metro de la barra: 28 mm<\/p>\n<p>La capacidad de peso es de 500 lb\/227 kg<\/p>\n","protected":false},"excerpt":{"rendered":"<p>CARACTER\u00cdSTICAS T\u00c9CNICAS: La longitud es de 1,2 m, el di\u00e1metro de la empu\u00f1adura es de 28 mm y el peso es de 10 kg. Fabricado con<span class=\"excerpt-hellip\"> [\u2026]<\/span><\/p>\n","protected":false},"featured_media":2038,"template":"","meta":{"_joinchat":[]},"product_brand":[],"product_cat":[106,110,107,108],"product_tag":[],"class_list":{"0":"post-2039","1":"product","2":"type-product","3":"status-publish","4":"has-post-thumbnail","6":"product_cat-accesorios","7":"product_cat-accesorios-barras-z","8":"product_cat-accesorios-barras","9":"product_cat-accesorios-barras-olimpicas","11":"first","12":"outofstock","13":"sale","14":"shipping-taxable","15":"purchasable","16":"product-type-simple"},"_links":{"self":[{"href":"https:\/\/letsgofitness.cl\/index.php\/wp-json\/wp\/v2\/product\/2039","targetHints":{"allow":["GET"]}}],"collection":[{"href":"https:\/\/letsgofitness.cl\/index.php\/wp-json\/wp\/v2\/product"}],"about":[{"href":"https:\/\/letsgofitness.cl\/index.php\/wp-json\/wp\/v2\/types\/product"}],"wp:featuredmedia":[{"embeddable":true,"href":"https:\/\/letsgofitness.cl\/index.php\/wp-json\/wp\/v2\/media\/2038"}],"wp:attachment":[{"href":"https:\/\/letsgofitness.cl\/index.php\/wp-json\/wp\/v2\/media?parent=2039"}],"wp:term":[{"taxonomy":"product_brand","embeddable":true,"href":"https:\/\/letsgofitness.cl\/index.php\/wp-json\/wp\/v2\/product_brand?post=2039"},{"taxonomy":"product_cat","embeddable":true,"href":"https:\/\/letsgofitness.cl\/index.php\/wp-json\/wp\/v2\/product_cat?post=2039"},{"taxonomy":"product_tag","embeddable":true,"href":"https:\/\/letsgofitness.cl\/index.php\/wp-json\/wp\/v2\/product_tag?post=2039"}],"curies":[{"name":"wp","href":"https:\/\/api.w.org\/{rel}","templated":true}]}}