{"id":2019,"date":"2021-05-24T20:08:28","date_gmt":"2021-05-24T23:08:28","guid":{"rendered":"https:\/\/letsgofitness.cl\/?post_type=product&#038;p=2019"},"modified":"2026-04-10T11:08:49","modified_gmt":"2026-04-10T14:08:49","slug":"hi-ultra-air-bike","status":"publish","type":"product","link":"https:\/\/letsgofitness.cl\/index.php\/producto\/hi-ultra-air-bike\/","title":{"rendered":"HI-ULTRA AIR BIKE IMPULSE ALTA CALIDAD"},"content":{"rendered":"<div class=\"product-collateral description clearfix row\">Entrenamiento de alta intensidad con actitud. Con la bicicleta de aire Hi-Ultra,\u00a0 ha utilizado su rica historia como uno de los principales fabricantes de equipos cardiovasculares del mundo para responder al enorme apetito de nuestra industria por los productos HIIT de alto rendimiento.La\u00a0 Hi-Ultra Air Bike es el producto cardiovascular ideal para entrenamiento cruzado, circuitos funcionales, sesiones grupales de alta intensidad y dise\u00f1os de estudio estilo boutique.<\/p>\n<h6><strong>CARACTER\u00cdSTICAS T\u00c9CNICAS:<\/strong><\/h6>\n<div class=\"row\">\n<div class=\"small-12 medium-8 large-9 product-description columns\">\n<ul>\n<li><strong>Resistencia:<\/strong> La resistencia la entrega un ventilador, que es impulsado por un pedal de potencia y velocidad largo con dos manijas que se mueven hacia adelante y hacia atr\u00e1s.\u00a0Los usuarios pueden determinar la intensidad y la resistencia mediante el esfuerzo.<\/li>\n<li><strong>Ventilador:<\/strong> 26 hojas de ABS est\u00e1n moldeadas en una construcci\u00f3n de una sola pieza.\u00a0Esto hace que el viaje sea m\u00e1s estable y silencioso, en comparaci\u00f3n con las hojas de acero tradicionales.<\/li>\n<li><strong>Soporte de asiento y pedales:<\/strong> El soporte del asiento y los pedales est\u00e1n fabricados en aleaci\u00f3n de aluminio.\u00a0Este material es menos propenso a la corrosi\u00f3n, lo que ayuda a proporcionar una larga vida \u00fatil.<\/li>\n<li><strong>Manejar:<\/strong> La bicicleta\u00a0 Hi-Ultra Air est\u00e1 impulsada por la transmisi\u00f3n por correa trapezoidal Impulse. Esto proporciona una conducci\u00f3n suave y constante sin mantenimiento adicional ni costos elevados.<\/li>\n<li><strong>Consola:<\/strong> Los datos del entrenamiento se pueden sincronizar con sus dispositivos inteligentes a trav\u00e9s de Bluetooth o ANT +.\u00a0Luego, puede realizar un seguimiento de los datos con aplicaciones de terceros que administran su entrenamiento de manera m\u00e1s cient\u00edfica, esto ayuda a los usuarios a hacer m\u00e1s de un plan de entrenamiento espec\u00edfico.<\/li>\n<li><strong>Monitor:<\/strong> Pantalla LCD de 5 &#8220;<\/li>\n<li><strong>Realimentaci\u00f3n:<\/strong> Tiempo, Velocidad \/ Velocidad promedio, Calor\u00edas \/ Calor\u00edas promedio, Distancia, RPM, RPM promedio, Pared \/ Watt promedio, Frecuencia card\u00edaca \/ Frecuencia card\u00edaca promedio<\/li>\n<li><strong>Pedales:<\/strong> Aleaci\u00f3n de aluminio de doble cara<\/li>\n<li><strong>Sistema de resistencia:<\/strong> Resistencia del aire<\/li>\n<li><strong>Sistema de manejo:<\/strong> Cintur\u00f3n de conducir<\/li>\n<li><strong>Ventilador:<\/strong> No<\/li>\n<\/ul>\n<\/div>\n<ul>\n<li class=\"small-12 medium-4 large-3 columns\"><strong>Monitor de pulso cardiaco:<\/strong> s\u00ed<\/li>\n<li><strong>Tiene ruedas:<\/strong> No<\/li>\n<li><strong>Programas:<\/strong> Tres programas de destino (tiempo, distancia, calor\u00edas), tres programas de frecuencia card\u00edaca (65%, 75%, 85%), cuatro programas de intervalo (tres intervalos de tiempo y un intervalo de distancia)<\/li>\n<\/ul>\n<\/div>\n<\/div>\n<ul>\n<li><strong>Fuente de alimentaci\u00f3n:<\/strong> 4 bater\u00edas de celda C<\/li>\n<\/ul>\n<p>&nbsp;<\/p>\n<div><strong>DIMESNIONES Y PESO:<\/strong><\/div>\n<div class=\"product-collateral description clearfix row\">\n<div>Medidas: 1277 x 712 x 1330m<\/div>\n<div>Peso: 80 kg<\/div>\n<div>Peso de env\u00edo: 90 kg<\/div>\n<div>Peso m\u00e1ximo del usuario: 150 kg<\/div>\n<\/div>\n","protected":false},"excerpt":{"rendered":"<div class=\"product-collateral description clearfix row\">\n<h3><\/h3>\n<\/div>\n","protected":false},"featured_media":5941,"template":"","meta":{"_joinchat":[]},"product_brand":[],"product_cat":[84,211,135,122,53,32],"product_tag":[],"class_list":{"0":"post-2019","1":"product","2":"type-product","3":"status-publish","4":"has-post-thumbnail","6":"product_cat-semiprofesional-cardio-bicicletas-estaticas","7":"product_cat-impulse","8":"product_cat-oferta","9":"product_cat-stock","10":"product_cat-cardio-semiprofesional","11":"product_cat-profesional","13":"first","14":"instock","15":"sale","16":"shipping-taxable","17":"purchasable","18":"product-type-simple"},"_links":{"self":[{"href":"https:\/\/letsgofitness.cl\/index.php\/wp-json\/wp\/v2\/product\/2019","targetHints":{"allow":["GET"]}}],"collection":[{"href":"https:\/\/letsgofitness.cl\/index.php\/wp-json\/wp\/v2\/product"}],"about":[{"href":"https:\/\/letsgofitness.cl\/index.php\/wp-json\/wp\/v2\/types\/product"}],"wp:featuredmedia":[{"embeddable":true,"href":"https:\/\/letsgofitness.cl\/index.php\/wp-json\/wp\/v2\/media\/5941"}],"wp:attachment":[{"href":"https:\/\/letsgofitness.cl\/index.php\/wp-json\/wp\/v2\/media?parent=2019"}],"wp:term":[{"taxonomy":"product_brand","embeddable":true,"href":"https:\/\/letsgofitness.cl\/index.php\/wp-json\/wp\/v2\/product_brand?post=2019"},{"taxonomy":"product_cat","embeddable":true,"href":"https:\/\/letsgofitness.cl\/index.php\/wp-json\/wp\/v2\/product_cat?post=2019"},{"taxonomy":"product_tag","embeddable":true,"href":"https:\/\/letsgofitness.cl\/index.php\/wp-json\/wp\/v2\/product_tag?post=2019"}],"curies":[{"name":"wp","href":"https:\/\/api.w.org\/{rel}","templated":true}]}}