{"id":1952,"date":"2021-05-06T15:00:41","date_gmt":"2021-05-06T18:00:41","guid":{"rendered":"https:\/\/letsgofitness.cl\/?post_type=product&#038;p=1952"},"modified":"2026-04-10T11:11:10","modified_gmt":"2026-04-10T14:11:10","slug":"ciclo-indoor-magnetico","status":"publish","type":"product","link":"https:\/\/letsgofitness.cl\/index.php\/producto\/ciclo-indoor-magnetico\/","title":{"rendered":"CICLO INDOOR PROFESIONAL MAGN\u00c9TICA IMPULSE"},"content":{"rendered":"<p>&nbsp;<\/p>\n<div class=\"horizontal-tabs-panes horizontal-tabs-processed\">\n<fieldset id=\"group-tab-description\" class=\"group-tab-description field-group-htab form-wrapper horizontal-tabs-pane\">\n<div class=\"fieldset-wrapper\">\n<div class=\"field field-name-field-body field-type-text-with-summary field-label-hidden\">\n<div class=\"field-items\">\n<div class=\"field-item even\">\n<h6><strong>El elegante ciclo indoor de grado comercial, est\u00e1 dise\u00f1ado para soportar los m\u00e1s intensos entrenamientos<\/strong><\/h6>\n<p>La resistencia f\u00edsica\u00a0\u00a0del volante delantero se sustituye por un volante trasero de aluminio con resistencia magn\u00e9tica. El Ciclo indoor cuenta con transmisi\u00f3n por correa y resistencia magn\u00e9tica,\u00a0 para satisfacer las necesidades del ejercicio y la aptitud cardiovascular en todo el mundo.<\/p>\n<\/div>\n<\/div>\n<\/div>\n<p>&nbsp;<\/p>\n<h6><strong>CARACTER\u00cdSTICAS T\u00c9CNICAS:<\/strong><\/h6>\n<div class=\"field field-name-field-body field-type-text-with-summary field-label-hidden\">\n<div class=\"field-items\">\n<div class=\"field-item even\"><strong>Dise\u00f1o ergon\u00f3mico:<\/strong> Presenta una estructura en forma de V y un factor Q (espacio entre pedales) de 164 mm, lo que\u00a0 da como resultado una conducci\u00f3n que se siente c\u00f3moda y natural. Es f\u00e1cil ajustar el asiento y\u00a0\u00a0los manubrios acolchados de agarre m\u00faltiple tanto en direcci\u00f3n vertical como horizontal. Cuenta con diapositivas de aluminio y perillas de ajuste de nuevo dise\u00f1o. Los pedales profesionales de\u00a0\u00a0doble cara se adaptan a las necesidades de los ciclistas ordinarios y veteranos, con\u00a0\u00a0correas ajustables para los pies y bloqueos de cala de ciclismo en el otro lado. Las\u00a0\u00a0almohadillas para los pies con agarre extensible est\u00e1n ubicadas en la base trasera para ayudar a los usuarios a estirarse antes y\u00a0\u00a0despu\u00e9s del ejercicio para permitirles calentar, montar y refrescarse de una manera segura.<\/div>\n<div class=\"field-item even\"><strong>Resistencia magn\u00e9tica silenciosa: <\/strong>El sistema de freno magn\u00e9tico proporciona una resistencia m\u00e1s estable, con ajustes m\u00e1s convenientes . Una simple palanca le permite colocar la resistencia a su nivel perfecto\u00a0\u00a0. La consola LCD de 4.5 \u201dmuestra niveles de resistencia de 1 a 20. El volante trasero de aluminio de 3,5 kg\u00a0\u00a0es impermeable con una cubierta de borde de pl\u00e1stico para garantizar la seguridad del ciclista. El\u00a0\u00a0cintur\u00f3n libre de mantenimiento ofrece una experiencia de conducci\u00f3n m\u00e1s silenciosa y suave.<\/div>\n<div><\/div>\n<h6><\/h6>\n<h6><strong>DIMENSIONES Y PESOS:<\/strong><\/h6>\n<p>Medidas: 127 x 61 x 105,6 cm<\/p>\n<p>Peso: 56 KG<\/p>\n<div class=\"field-item even\">\n<p>Peso m\u00e1ximo de usuario: 150kg.<\/p>\n<\/div>\n<\/div>\n<\/div>\n<\/div>\n<\/fieldset>\n<\/div>\n","protected":false},"excerpt":{"rendered":"<p>&nbsp; El elegante ciclo indoor de grado comercial, est\u00e1 dise\u00f1ado para soportar los m\u00e1s intensos entrenamientos La resistencia f\u00edsica\u00a0\u00a0del volante delantero se sustituye por un volante<span class=\"excerpt-hellip\"> [\u2026]<\/span><\/p>\n","protected":false},"featured_media":5980,"template":"","meta":{"_joinchat":[]},"product_brand":[],"product_cat":[211,135,86,122,53,32,47],"product_tag":[],"class_list":{"0":"post-1952","1":"product","2":"type-product","3":"status-publish","4":"has-post-thumbnail","6":"product_cat-impulse","7":"product_cat-oferta","8":"product_cat-semiprofesional-cardio-spinning","9":"product_cat-stock","10":"product_cat-cardio-semiprofesional","11":"product_cat-profesional","12":"product_cat-peso-libre-profesional","14":"first","15":"outofstock","16":"sale","17":"shipping-taxable","18":"purchasable","19":"product-type-simple"},"_links":{"self":[{"href":"https:\/\/letsgofitness.cl\/index.php\/wp-json\/wp\/v2\/product\/1952","targetHints":{"allow":["GET"]}}],"collection":[{"href":"https:\/\/letsgofitness.cl\/index.php\/wp-json\/wp\/v2\/product"}],"about":[{"href":"https:\/\/letsgofitness.cl\/index.php\/wp-json\/wp\/v2\/types\/product"}],"wp:featuredmedia":[{"embeddable":true,"href":"https:\/\/letsgofitness.cl\/index.php\/wp-json\/wp\/v2\/media\/5980"}],"wp:attachment":[{"href":"https:\/\/letsgofitness.cl\/index.php\/wp-json\/wp\/v2\/media?parent=1952"}],"wp:term":[{"taxonomy":"product_brand","embeddable":true,"href":"https:\/\/letsgofitness.cl\/index.php\/wp-json\/wp\/v2\/product_brand?post=1952"},{"taxonomy":"product_cat","embeddable":true,"href":"https:\/\/letsgofitness.cl\/index.php\/wp-json\/wp\/v2\/product_cat?post=1952"},{"taxonomy":"product_tag","embeddable":true,"href":"https:\/\/letsgofitness.cl\/index.php\/wp-json\/wp\/v2\/product_tag?post=1952"}],"curies":[{"name":"wp","href":"https:\/\/api.w.org\/{rel}","templated":true}]}}