{"id":1910,"date":"2021-04-25T19:24:10","date_gmt":"2021-04-25T22:24:10","guid":{"rendered":"https:\/\/letsgofitness.cl\/?post_type=product&#038;p=1910"},"modified":"2026-04-10T11:08:49","modified_gmt":"2026-04-10T14:08:49","slug":"hack-squat-realleader-linea-elite","status":"publish","type":"product","link":"https:\/\/letsgofitness.cl\/index.php\/producto\/hack-squat-realleader-linea-elite\/","title":{"rendered":"HACK SQUAT REALLEADER USA LINEA ELITE"},"content":{"rendered":"<p>La sentadilla hack es un movimiento compuesto que trabaja todos los m\u00fasculos de la parte inferior del cuerpo (cu\u00e1driceps, isquiotibiales, gl\u00fateos, pantorrillas y flexores de cadera) y los m\u00fasculos centrales.<\/p>\n<h6><strong>CARACTER\u00cdSTICAS T\u00c9CNICAS:<\/strong><\/h6>\n<ul>\n<li>Los rodamientos lineales de precisi\u00f3n proporcionan un funcionamiento suave del carro.<\/li>\n<li>Soportes de placa de peso extra ancho en el carro.<\/li>\n<li>Reposapi\u00e9s ancho recubierto de goma para diferentes posiciones del pie para el aislamiento de m\u00faltiples grupos musculares.<\/li>\n<li>\u00c1ngulo ajustable en el reposapi\u00e9s para adaptarse a diferentes usuarios.<\/li>\n<li>Mecanismo inicial de bloqueo-desbloqueo r\u00e1pido y f\u00e1cil.<\/li>\n<\/ul>\n<p>BENEFICIOS:<\/p>\n<ul>\n<li>Esta m\u00e1quina de\u00a0sentadillas hack es una m\u00e1quina completa de entrenamiento de la parte inferior del cuerpo (grupos musculares de las piernas)\u00a0que tambi\u00e9n incluye el recto abdominal y el oblicuo interno \/ externo.<\/li>\n<li>La sentadilla hack ayuda a desarrollar la fuerza de la parte inferior del cuerpo y la cadena posterior.<\/li>\n<li>Esta m\u00e1quina ofrece la capacidad de levantar la carga m\u00e1xima ya que el usuario no tiene que concentrarse en estabilizar el peso.<\/li>\n<li>La m\u00e1quina de sentadillas hack tambi\u00e9n es beneficiosa para realizar el ejercicio porque la carga de peso se distribuye a trav\u00e9s de su centro de masa en un \u00e1ngulo particular. Esto elimina el estr\u00e9s de la columna vertebral y permite que se levante m\u00e1s peso.<\/li>\n<\/ul>\n<h6><strong>DIMENSIONES Y PESOS:<\/strong><\/h6>\n<ul>\n<li>Medidas<strong>:<\/strong> 230 x 187 x 112 CM<\/li>\n<li>Tama\u00f1o del tubo: 11,5 x 0,3 CM (Forma el\u00edptica)<\/li>\n<li>Peso: 225 kg<\/li>\n<\/ul>\n","protected":false},"excerpt":{"rendered":"<p>La sentadilla hack es un movimiento compuesto que trabaja todos los m\u00fasculos de la parte inferior del cuerpo (cu\u00e1driceps, isquiotibiales, gl\u00fateos, pantorrillas y flexores de cadera)<span class=\"excerpt-hellip\"> [\u2026]<\/span><\/p>\n","protected":false},"featured_media":1909,"template":"","meta":{"_joinchat":[]},"product_brand":[],"product_cat":[212,283,32,47],"product_tag":[],"class_list":{"0":"post-1910","1":"product","2":"type-product","3":"status-publish","4":"has-post-thumbnail","6":"product_cat-hack","7":"product_cat-realleader","8":"product_cat-profesional","9":"product_cat-peso-libre-profesional","11":"first","12":"instock","13":"sale","14":"shipping-taxable","15":"purchasable","16":"product-type-simple"},"_links":{"self":[{"href":"https:\/\/letsgofitness.cl\/index.php\/wp-json\/wp\/v2\/product\/1910","targetHints":{"allow":["GET"]}}],"collection":[{"href":"https:\/\/letsgofitness.cl\/index.php\/wp-json\/wp\/v2\/product"}],"about":[{"href":"https:\/\/letsgofitness.cl\/index.php\/wp-json\/wp\/v2\/types\/product"}],"wp:featuredmedia":[{"embeddable":true,"href":"https:\/\/letsgofitness.cl\/index.php\/wp-json\/wp\/v2\/media\/1909"}],"wp:attachment":[{"href":"https:\/\/letsgofitness.cl\/index.php\/wp-json\/wp\/v2\/media?parent=1910"}],"wp:term":[{"taxonomy":"product_brand","embeddable":true,"href":"https:\/\/letsgofitness.cl\/index.php\/wp-json\/wp\/v2\/product_brand?post=1910"},{"taxonomy":"product_cat","embeddable":true,"href":"https:\/\/letsgofitness.cl\/index.php\/wp-json\/wp\/v2\/product_cat?post=1910"},{"taxonomy":"product_tag","embeddable":true,"href":"https:\/\/letsgofitness.cl\/index.php\/wp-json\/wp\/v2\/product_tag?post=1910"}],"curies":[{"name":"wp","href":"https:\/\/api.w.org\/{rel}","templated":true}]}}