{"id":1855,"date":"2021-04-04T22:35:20","date_gmt":"2021-04-05T01:35:20","guid":{"rendered":"https:\/\/letsgofitness.cl\/?post_type=product&#038;p=1855"},"modified":"2026-05-05T11:21:56","modified_gmt":"2026-05-05T14:21:56","slug":"barra-olimpica-carga-maxima-1000-lbs-4-rodamientos","status":"publish","type":"product","link":"https:\/\/letsgofitness.cl\/index.php\/producto\/barra-olimpica-carga-maxima-1000-lbs-4-rodamientos\/","title":{"rendered":"BARRA OLIMPICA CARGA M\u00c1XIMA 1000 LBS LETS GO WORKOUT"},"content":{"rendered":"<p>La barra ol\u00edmpica LETS GO WORKOUT\u00a0 \u00a0est\u00e1 mecanizada con\u00a0 acero de 170,000 PSI de resistencia a la tensi\u00f3n, dise\u00f1ado con precisi\u00f3n para minimizar el l\u00e1tigo y la flexi\u00f3n de la barra bajo cargas pesadas. Con rodamientos de agujas para un gran giro, un moleteado de diamante profundo y grueso para un mayor agarre,\u00a0 eje cromada de alta calidad y\u00a0 con mangas cromadas para una excelente apariencia, bajo mantenimiento y uso duradero.<\/p>\n<p>&nbsp;<\/p>\n<h6><strong>CARACTER\u00cdSTICAS T\u00c9CNICAS:<\/strong><\/h6>\n<ul>\n<li>28 mm de di\u00e1metro<\/li>\n<li>20KG de peso de la barra<\/li>\n<li>Resistencia a la tracci\u00f3n de 190.000 PSI<\/li>\n<li>4 rodamientos de agujas<\/li>\n<li>Marcas de doble moleteado<\/li>\n<li>Carga m\u00e1xima de 1000 lb<\/li>\n<li>2.20 mts longitud<\/li>\n<\/ul>\n","protected":false},"excerpt":{"rendered":"<p>La barra ol\u00edmpica LETS GO WORKOUT\u00a0 \u00a0est\u00e1 mecanizada con\u00a0 acero de 170,000 PSI de resistencia a la tensi\u00f3n, dise\u00f1ado con precisi\u00f3n para minimizar el l\u00e1tigo y<span class=\"excerpt-hellip\"> [\u2026]<\/span><\/p>\n","protected":false},"featured_media":1594,"template":"","meta":{"_joinchat":[]},"product_brand":[],"product_cat":[106,107,287,108],"product_tag":[],"class_list":{"0":"post-1855","1":"product","2":"type-product","3":"status-publish","4":"has-post-thumbnail","6":"product_cat-accesorios","7":"product_cat-accesorios-barras","8":"product_cat-lets-go-fitness","9":"product_cat-accesorios-barras-olimpicas","11":"first","12":"outofstock","13":"sale","14":"shipping-taxable","15":"purchasable","16":"product-type-simple"},"_links":{"self":[{"href":"https:\/\/letsgofitness.cl\/index.php\/wp-json\/wp\/v2\/product\/1855","targetHints":{"allow":["GET"]}}],"collection":[{"href":"https:\/\/letsgofitness.cl\/index.php\/wp-json\/wp\/v2\/product"}],"about":[{"href":"https:\/\/letsgofitness.cl\/index.php\/wp-json\/wp\/v2\/types\/product"}],"wp:featuredmedia":[{"embeddable":true,"href":"https:\/\/letsgofitness.cl\/index.php\/wp-json\/wp\/v2\/media\/1594"}],"wp:attachment":[{"href":"https:\/\/letsgofitness.cl\/index.php\/wp-json\/wp\/v2\/media?parent=1855"}],"wp:term":[{"taxonomy":"product_brand","embeddable":true,"href":"https:\/\/letsgofitness.cl\/index.php\/wp-json\/wp\/v2\/product_brand?post=1855"},{"taxonomy":"product_cat","embeddable":true,"href":"https:\/\/letsgofitness.cl\/index.php\/wp-json\/wp\/v2\/product_cat?post=1855"},{"taxonomy":"product_tag","embeddable":true,"href":"https:\/\/letsgofitness.cl\/index.php\/wp-json\/wp\/v2\/product_tag?post=1855"}],"curies":[{"name":"wp","href":"https:\/\/api.w.org\/{rel}","templated":true}]}}