{"id":1820,"date":"2021-03-27T20:55:08","date_gmt":"2021-03-27T23:55:08","guid":{"rendered":"https:\/\/letsgofitness.cl\/?post_type=product&#038;p=1820"},"modified":"2026-02-05T09:29:18","modified_gmt":"2026-02-05T12:29:18","slug":"lat-pulldown-2","status":"publish","type":"product","link":"https:\/\/letsgofitness.cl\/index.php\/producto\/lat-pulldown-2\/","title":{"rendered":"LAT PULLDOWN IMPULSE EXOFORM"},"content":{"rendered":"<h6><strong>CARACTER\u00cdSTICA T\u00c9CNICAS:<\/strong><\/h6>\n<ul>\n<li>Dise\u00f1o eficiente que requiere un espacio m\u00ednimo en el suelo.<\/li>\n<li>Recubrimiento de polvo electrost\u00e1tico y curado al calor para una mayor durabilidad.<\/li>\n<li>Cable LOOS americano de 5 mm con especificaciones aeron\u00e1uticas y una resistencia a la rotura de 2.000 libras.<\/li>\n<li>Accesorios finales probados hasta 250.000 ciclos utilizando la pila de pesos completa.<\/li>\n<li>Las almohadillas ajustables para los muslos garantizan la estabilizaci\u00f3n y la forma adecuada durante todo el movimiento.<\/li>\n<li>Pila de pesas de color coordinado.<\/li>\n<li>Ajustes: Altura del asiento ajustable.<\/li>\n<li>Almacenamiento: 2 c\u00f3modos porta botellas y bandeja para accesorios (apta para tel\u00e9fono\/dispositivo electr\u00f3nico).<\/li>\n<li>Placa de instrucciones para repasar la configuraci\u00f3n correcta, el movimiento y los m\u00fasculos entrenados.<\/li>\n<li>Cubierta:\u00a0 Cubierta integrada de PVC transl\u00facido.<\/li>\n<\/ul>\n<p>&nbsp;<\/p>\n<h6><strong>DIMENSIONES Y PESO:<\/strong><\/h6>\n<p>Medidas: L 145 x W 137 x H 190 (cm).<\/p>\n<p>Peso: 146,8kg \/ 324lbs.<\/p>\n<p>Tuber\u00eda: Tubo de pista de 2,5 &#8211; 2,75 mm por 50 x 100 mm, electrosoldado para una m\u00e1xima integridad.<\/p>\n<p>Tapicer\u00eda: Acolchado negro de 70 mm de grosor.<\/p>\n<p>STACK: 125kg \/ 275lbs.<\/p>\n<p>&nbsp;<\/p>\n","protected":false},"excerpt":{"rendered":"<p>CARACTER\u00cdSTICA T\u00c9CNICAS: Dise\u00f1o eficiente que requiere un espacio m\u00ednimo en el suelo. Recubrimiento de polvo electrost\u00e1tico y curado al calor para una mayor durabilidad. Cable LOOS<span class=\"excerpt-hellip\"> [\u2026]<\/span><\/p>\n","protected":false},"featured_media":1816,"template":"","meta":{"_joinchat":[]},"product_brand":[],"product_cat":[211,62,122,32,48],"product_tag":[],"class_list":{"0":"post-1820","1":"product","2":"type-product","3":"status-publish","4":"has-post-thumbnail","6":"product_cat-impulse","7":"product_cat-profesional-pesolibre-lat-pulldown","8":"product_cat-stock","9":"product_cat-profesional","10":"product_cat-peso-integrado-profesional","12":"first","13":"instock","14":"shipping-taxable","15":"purchasable","16":"product-type-simple"},"_links":{"self":[{"href":"https:\/\/letsgofitness.cl\/index.php\/wp-json\/wp\/v2\/product\/1820","targetHints":{"allow":["GET"]}}],"collection":[{"href":"https:\/\/letsgofitness.cl\/index.php\/wp-json\/wp\/v2\/product"}],"about":[{"href":"https:\/\/letsgofitness.cl\/index.php\/wp-json\/wp\/v2\/types\/product"}],"wp:featuredmedia":[{"embeddable":true,"href":"https:\/\/letsgofitness.cl\/index.php\/wp-json\/wp\/v2\/media\/1816"}],"wp:attachment":[{"href":"https:\/\/letsgofitness.cl\/index.php\/wp-json\/wp\/v2\/media?parent=1820"}],"wp:term":[{"taxonomy":"product_brand","embeddable":true,"href":"https:\/\/letsgofitness.cl\/index.php\/wp-json\/wp\/v2\/product_brand?post=1820"},{"taxonomy":"product_cat","embeddable":true,"href":"https:\/\/letsgofitness.cl\/index.php\/wp-json\/wp\/v2\/product_cat?post=1820"},{"taxonomy":"product_tag","embeddable":true,"href":"https:\/\/letsgofitness.cl\/index.php\/wp-json\/wp\/v2\/product_tag?post=1820"}],"curies":[{"name":"wp","href":"https:\/\/api.w.org\/{rel}","templated":true}]}}