{"id":1786,"date":"2021-03-26T21:30:07","date_gmt":"2021-03-27T00:30:07","guid":{"rendered":"https:\/\/letsgofitness.cl\/?post_type=product&#038;p=1786"},"modified":"2026-04-10T11:11:10","modified_gmt":"2026-04-10T14:11:10","slug":"banco-ajustable-boss-strength-x1-disponible-desde-el-15-de-abril","status":"publish","type":"product","link":"https:\/\/letsgofitness.cl\/index.php\/producto\/banco-ajustable-boss-strength-x1-disponible-desde-el-15-de-abril\/","title":{"rendered":"BANCO AJUSTABLE BOSS STRENGTH X1"},"content":{"rendered":"<h6><strong>CARACTER\u00cdSTICAS T\u00c9CNICAS:<\/strong><\/h6>\n<ul>\n<li>Estructura construida en tubo oval de acero de 3 mm.<\/li>\n<li>La tecnolog\u00eda de pulverizaci\u00f3n electrost\u00e1tica en polvo termoendurecible hace que la estructura sea brillante y tenga un fuerte impacto visual. Adem\u00e1s, tambi\u00e9n le aporta resistencia a la humedad.<\/li>\n<li>Todos los pernos de uni\u00f3n est\u00e1n hechos de acero inoxidable para garantizar la estabilidad y la resistencia de las conexiones de la m\u00e1quina.<\/li>\n<li>Tapizado realizado con goma espuma de 3 cm. de espesor con 150 kg. de presi\u00f3n. La polipiel es ign\u00edfuga y porosa. El tapizado de las maquinas es anat\u00f3mico. Con la capa extra de cuero en el acolchado del coj\u00edn, prolonga la vida de su relleno y facilita su reemplazo en superficies desgastadas.<\/li>\n<\/ul>\n<h6><strong>DIMENSIONES Y PESO:\u00a0<\/strong><\/h6>\n<ul>\n<li style=\"list-style-type: none\">\n<ul>\n<li>Largo: 134.5 cm.<\/li>\n<li>Ancho: 45 cm.<\/li>\n<li>Altura m\u00e1xima: 117 cm.<\/li>\n<li>Altura m\u00ednima: 41.5 cm.<\/li>\n<li>Grosor de tapicer\u00eda: 6.5 cm.<\/li>\n<li>Asiento: 34 x 33 \/ 15 x 6.5 cm.<\/li>\n<li>Respaldo: 61 x 33 \/ 26 x 6.5 cm.<\/li>\n<li>Cabecero: 29 x 25 \/ 19 x 6.5 cm.<\/li>\n<\/ul>\n<\/li>\n<\/ul>\n","protected":false},"excerpt":{"rendered":"<p>COLOR DISPONIBLE:<\/p>\n<ul>\n<li>NEGRO<\/li>\n<\/ul>\n","protected":false},"featured_media":13320,"template":"","meta":{"_joinchat":[]},"product_brand":[],"product_cat":[106,140,130,135,122,32],"product_tag":[],"class_list":{"0":"post-1786","1":"product","2":"type-product","3":"status-publish","4":"has-post-thumbnail","6":"product_cat-accesorios","7":"product_cat-bancos-rack-smith","8":"product_cat-boss-strength","9":"product_cat-oferta","10":"product_cat-stock","11":"product_cat-profesional","13":"first","14":"outofstock","15":"sale","16":"shipping-taxable","17":"purchasable","18":"product-type-simple"},"_links":{"self":[{"href":"https:\/\/letsgofitness.cl\/index.php\/wp-json\/wp\/v2\/product\/1786","targetHints":{"allow":["GET"]}}],"collection":[{"href":"https:\/\/letsgofitness.cl\/index.php\/wp-json\/wp\/v2\/product"}],"about":[{"href":"https:\/\/letsgofitness.cl\/index.php\/wp-json\/wp\/v2\/types\/product"}],"wp:featuredmedia":[{"embeddable":true,"href":"https:\/\/letsgofitness.cl\/index.php\/wp-json\/wp\/v2\/media\/13320"}],"wp:attachment":[{"href":"https:\/\/letsgofitness.cl\/index.php\/wp-json\/wp\/v2\/media?parent=1786"}],"wp:term":[{"taxonomy":"product_brand","embeddable":true,"href":"https:\/\/letsgofitness.cl\/index.php\/wp-json\/wp\/v2\/product_brand?post=1786"},{"taxonomy":"product_cat","embeddable":true,"href":"https:\/\/letsgofitness.cl\/index.php\/wp-json\/wp\/v2\/product_cat?post=1786"},{"taxonomy":"product_tag","embeddable":true,"href":"https:\/\/letsgofitness.cl\/index.php\/wp-json\/wp\/v2\/product_tag?post=1786"}],"curies":[{"name":"wp","href":"https:\/\/api.w.org\/{rel}","templated":true}]}}