{"id":1785,"date":"2021-03-26T21:20:37","date_gmt":"2021-03-27T00:20:37","guid":{"rendered":"https:\/\/letsgofitness.cl\/?post_type=product&#038;p=1785"},"modified":"2026-04-10T11:11:10","modified_gmt":"2026-04-10T14:11:10","slug":"banco-ajustable-elite-boss-strength-disponible-desde-el-29-de-abril","status":"publish","type":"product","link":"https:\/\/letsgofitness.cl\/index.php\/producto\/banco-ajustable-elite-boss-strength-disponible-desde-el-29-de-abril\/","title":{"rendered":"BANCO AJUSTABLE ELITE BOSS STRENGTH"},"content":{"rendered":"<h6><strong>CARACTER\u00cdSTICAS T\u00c9CNICAS:<\/strong><\/h6>\n<ul>\n<li>7 posiciones de almohadillas para la espalda ajustables de -15\u00ba a 80\u00ba para ejercicios de banco planos, inclinados y declinados<\/li>\n<li>Las almohadillas de rodillo autoalineables brindan soporte para las piernas durante los ejercicios<\/li>\n<li>El asiento asistido por choque de gas se ajusta f\u00e1cilmente en 5 posiciones de asiento para diferentes alturas de usuario<\/li>\n<li>La empu\u00f1adura y las ruedas integradas proporcionan capacidad de inclinaci\u00f3n y balanceo para un f\u00e1cil almacenamiento<\/li>\n<\/ul>\n<p>&nbsp;<\/p>\n<h6><strong>DIMENSIONES Y PESO:<\/strong><\/h6>\n<p>Medidas: 152 x 81 x 49 cm<\/p>\n<p>Peso: 57 KG<\/p>\n<p>Capacidad m\u00e1xima de peso: 454 KG<\/p>\n","protected":false},"excerpt":{"rendered":"<p>CARACTER\u00cdSTICAS T\u00c9CNICAS: 7 posiciones de almohadillas para la espalda ajustables de -15\u00ba a 80\u00ba para ejercicios de banco planos, inclinados y declinados Las almohadillas de rodillo<span class=\"excerpt-hellip\"> [\u2026]<\/span><\/p>\n","protected":false},"featured_media":5955,"template":"","meta":{"_joinchat":[]},"product_brand":[],"product_cat":[140,130,32],"product_tag":[],"class_list":{"0":"post-1785","1":"product","2":"type-product","3":"status-publish","4":"has-post-thumbnail","6":"product_cat-bancos-rack-smith","7":"product_cat-boss-strength","8":"product_cat-profesional","10":"first","11":"outofstock","12":"shipping-taxable","13":"purchasable","14":"product-type-simple"},"_links":{"self":[{"href":"https:\/\/letsgofitness.cl\/index.php\/wp-json\/wp\/v2\/product\/1785","targetHints":{"allow":["GET"]}}],"collection":[{"href":"https:\/\/letsgofitness.cl\/index.php\/wp-json\/wp\/v2\/product"}],"about":[{"href":"https:\/\/letsgofitness.cl\/index.php\/wp-json\/wp\/v2\/types\/product"}],"wp:featuredmedia":[{"embeddable":true,"href":"https:\/\/letsgofitness.cl\/index.php\/wp-json\/wp\/v2\/media\/5955"}],"wp:attachment":[{"href":"https:\/\/letsgofitness.cl\/index.php\/wp-json\/wp\/v2\/media?parent=1785"}],"wp:term":[{"taxonomy":"product_brand","embeddable":true,"href":"https:\/\/letsgofitness.cl\/index.php\/wp-json\/wp\/v2\/product_brand?post=1785"},{"taxonomy":"product_cat","embeddable":true,"href":"https:\/\/letsgofitness.cl\/index.php\/wp-json\/wp\/v2\/product_cat?post=1785"},{"taxonomy":"product_tag","embeddable":true,"href":"https:\/\/letsgofitness.cl\/index.php\/wp-json\/wp\/v2\/product_tag?post=1785"}],"curies":[{"name":"wp","href":"https:\/\/api.w.org\/{rel}","templated":true}]}}