{"id":1762,"date":"2021-03-22T13:18:15","date_gmt":"2021-03-22T16:18:15","guid":{"rendered":"https:\/\/letsgofitness.cl\/?post_type=product&#038;p=1762"},"modified":"2026-04-10T11:11:10","modified_gmt":"2026-04-10T14:11:10","slug":"banco-scott-boss-strength","status":"publish","type":"product","link":"https:\/\/letsgofitness.cl\/index.php\/producto\/banco-scott-boss-strength\/","title":{"rendered":"BANCO SCOTT BOSS STRENGTH"},"content":{"rendered":"<h6><strong>CARACTR\u00cdSTICAS T\u00c9CNICAS<\/strong><\/h6>\n<ul>\n<li><strong>Estructura<\/strong> fabricada en tubo oval de acero de 3 mm.<\/li>\n<li><strong>Pintura<\/strong>\u00a0 electrost\u00e1tica en polvo de alta durabilidad.<\/li>\n<li><strong>Pernos<\/strong> acero inoxidable.<\/li>\n<li><strong>Tapizado<\/strong> realizado con goma espuma de 3 cm. de espesor con 150 kg. de presi\u00f3n. El PU es ign\u00edfuga y porosa. El tapizado de las maquinas es anat\u00f3mico. Con la capa extra de cuero en el acolchado del coj\u00edn, prolonga la vida de su relleno y facilita su reemplazo en superficies desgastadas.<\/li>\n<\/ul>\n<h6><strong>DIMENSIONES Y PESO<\/strong><\/h6>\n<p>Medidas: 122 x 86 x 94 cm<\/p>\n<p>Peso: 50 KG<\/p>\n<p>Apoya antebrazos: 63 x 33 x 7 cm<\/p>\n<p>Asiento: 34,5 x 29 x 7 cm<\/p>\n","protected":false},"excerpt":{"rendered":"<p>CARACTR\u00cdSTICAS T\u00c9CNICAS Estructura fabricada en tubo oval de acero de 3 mm. Pintura\u00a0 electrost\u00e1tica en polvo de alta durabilidad. Pernos acero inoxidable. Tapizado realizado con goma<span class=\"excerpt-hellip\"> [\u2026]<\/span><\/p>\n","protected":false},"featured_media":5937,"template":"","meta":{"_joinchat":[]},"product_brand":[],"product_cat":[106,140,130,135,122,32,47],"product_tag":[],"class_list":{"0":"post-1762","1":"product","2":"type-product","3":"status-publish","4":"has-post-thumbnail","6":"product_cat-accesorios","7":"product_cat-bancos-rack-smith","8":"product_cat-boss-strength","9":"product_cat-oferta","10":"product_cat-stock","11":"product_cat-profesional","12":"product_cat-peso-libre-profesional","14":"first","15":"outofstock","16":"sale","17":"shipping-taxable","18":"purchasable","19":"product-type-simple"},"_links":{"self":[{"href":"https:\/\/letsgofitness.cl\/index.php\/wp-json\/wp\/v2\/product\/1762","targetHints":{"allow":["GET"]}}],"collection":[{"href":"https:\/\/letsgofitness.cl\/index.php\/wp-json\/wp\/v2\/product"}],"about":[{"href":"https:\/\/letsgofitness.cl\/index.php\/wp-json\/wp\/v2\/types\/product"}],"wp:featuredmedia":[{"embeddable":true,"href":"https:\/\/letsgofitness.cl\/index.php\/wp-json\/wp\/v2\/media\/5937"}],"wp:attachment":[{"href":"https:\/\/letsgofitness.cl\/index.php\/wp-json\/wp\/v2\/media?parent=1762"}],"wp:term":[{"taxonomy":"product_brand","embeddable":true,"href":"https:\/\/letsgofitness.cl\/index.php\/wp-json\/wp\/v2\/product_brand?post=1762"},{"taxonomy":"product_cat","embeddable":true,"href":"https:\/\/letsgofitness.cl\/index.php\/wp-json\/wp\/v2\/product_cat?post=1762"},{"taxonomy":"product_tag","embeddable":true,"href":"https:\/\/letsgofitness.cl\/index.php\/wp-json\/wp\/v2\/product_tag?post=1762"}],"curies":[{"name":"wp","href":"https:\/\/api.w.org\/{rel}","templated":true}]}}