{"id":1760,"date":"2021-03-22T13:03:13","date_gmt":"2021-03-22T16:03:13","guid":{"rendered":"https:\/\/letsgofitness.cl\/?post_type=product&#038;p=1760"},"modified":"2026-04-10T11:11:10","modified_gmt":"2026-04-10T14:11:10","slug":"banco-entrenamiento-boss-strength","status":"publish","type":"product","link":"https:\/\/letsgofitness.cl\/index.php\/producto\/banco-entrenamiento-boss-strength\/","title":{"rendered":"BANCO PRESS MILITAR X1 BOSS STRENGTH"},"content":{"rendered":"<p>&nbsp;<\/p>\n<h6><strong>CARACTER\u00cdSTICAS T\u00c9CNICAS:<\/strong><\/h6>\n<ul>\n<li><strong>Estructura<\/strong>\u00a0construida en tubo oval de acero de 3 mm.<\/li>\n<li>La tecnolog\u00eda de pulverizaci\u00f3n electrost\u00e1tica en polvo termo endurecible hace que la estructura sea brillante y tenga un fuerte impacto visual. Adem\u00e1s, tambi\u00e9n le aporta resistencia a la humedad.<\/li>\n<li>Todos los\u00a0<strong>pernos de uni\u00f3n<\/strong>\u00a0est\u00e1n hechos de acero inoxidable para garantizar la estabilidad y la resistencia de las conexiones de la m\u00e1quina.<\/li>\n<li><strong>Tapizado<\/strong>\u00a0realizado con goma espuma de 3 cm. de espesor con 150 kg. de presi\u00f3n. La polipiel es ign\u00edfuga y porosa. El tapizado de las maquinas es anat\u00f3mico. Con la capa extra de cuero en el acolchado del coj\u00edn, prolonga la vida de su relleno y facilita su reemplazo en superficies desgastadas.<\/li>\n<li><strong>Tacos<\/strong>\u00a0de PVC blando en las patas que garantizan la estabilidad y evitan el desgaste.<\/li>\n<\/ul>\n<p>&nbsp;<\/p>\n<h6><strong>DIMENSIONES Y PESO:<\/strong><\/h6>\n<p>Medidas: 120 x 77 x 106 cm<\/p>\n<p>Peso: 22 KG<\/p>\n","protected":false},"excerpt":{"rendered":"<p>&nbsp; CARACTER\u00cdSTICAS T\u00c9CNICAS: Estructura\u00a0construida en tubo oval de acero de 3 mm. La tecnolog\u00eda de pulverizaci\u00f3n electrost\u00e1tica en polvo termo endurecible hace que la estructura sea<span class=\"excerpt-hellip\"> [\u2026]<\/span><\/p>\n","protected":false},"featured_media":5809,"template":"","meta":{"_joinchat":[]},"product_brand":[],"product_cat":[106,140,130,135,122,32],"product_tag":[],"class_list":{"0":"post-1760","1":"product","2":"type-product","3":"status-publish","4":"has-post-thumbnail","6":"product_cat-accesorios","7":"product_cat-bancos-rack-smith","8":"product_cat-boss-strength","9":"product_cat-oferta","10":"product_cat-stock","11":"product_cat-profesional","13":"first","14":"outofstock","15":"sale","16":"shipping-taxable","17":"purchasable","18":"product-type-simple"},"_links":{"self":[{"href":"https:\/\/letsgofitness.cl\/index.php\/wp-json\/wp\/v2\/product\/1760","targetHints":{"allow":["GET"]}}],"collection":[{"href":"https:\/\/letsgofitness.cl\/index.php\/wp-json\/wp\/v2\/product"}],"about":[{"href":"https:\/\/letsgofitness.cl\/index.php\/wp-json\/wp\/v2\/types\/product"}],"wp:featuredmedia":[{"embeddable":true,"href":"https:\/\/letsgofitness.cl\/index.php\/wp-json\/wp\/v2\/media\/5809"}],"wp:attachment":[{"href":"https:\/\/letsgofitness.cl\/index.php\/wp-json\/wp\/v2\/media?parent=1760"}],"wp:term":[{"taxonomy":"product_brand","embeddable":true,"href":"https:\/\/letsgofitness.cl\/index.php\/wp-json\/wp\/v2\/product_brand?post=1760"},{"taxonomy":"product_cat","embeddable":true,"href":"https:\/\/letsgofitness.cl\/index.php\/wp-json\/wp\/v2\/product_cat?post=1760"},{"taxonomy":"product_tag","embeddable":true,"href":"https:\/\/letsgofitness.cl\/index.php\/wp-json\/wp\/v2\/product_tag?post=1760"}],"curies":[{"name":"wp","href":"https:\/\/api.w.org\/{rel}","templated":true}]}}