{"id":1755,"date":"2021-03-22T12:21:54","date_gmt":"2021-03-22T15:21:54","guid":{"rendered":"https:\/\/letsgofitness.cl\/?post_type=product&#038;p=1755"},"modified":"2026-04-10T17:40:25","modified_gmt":"2026-04-10T20:40:25","slug":"dual-abductor-adductor-boss-strength-stack-104kg","status":"publish","type":"product","link":"https:\/\/letsgofitness.cl\/index.php\/producto\/dual-abductor-adductor-boss-strength-stack-104kg\/","title":{"rendered":"OFERTA DUAL ABDUCTOR\/ADDUCTOR BOSS STRENGTH PowerCrown"},"content":{"rendered":"<header id=\"masthead\">\n<div class=\"container\">\n<div class=\"row no-gutters\">\n<div class=\"col-xl-5 col-lg-6 col-12\">Dual ABDUCTOR\/ADDUCTOR Boss Strength, tiene un dise\u00f1o elegante y est\u00e9tico y su calidad es apta para un uso profesional. Est\u00e1 dise\u00f1ado ergon\u00f3micamente para proporcionar un movimiento natural, maximizar la efectividad de los ejercicios.<\/div>\n<\/div>\n<\/div>\n<\/header>\n<header id=\"masthead\">\n<div class=\"container\">\n<div class=\"row no-gutters\">\n<div class=\"col-xl-5 col-lg-6 col-12\">\n<h6><strong>CARACTER\u00cdSTICAS T\u00c9CNICAS:<\/strong><\/h6>\n<\/div>\n<\/div>\n<\/div>\n<\/header>\n<div id=\"content\" class=\"site-content\">\n<div class=\"container\">\n<article id=\"post-9360\" class=\"col-12\">\n<div class=\"row\">\n<div id=\"detallesTabs\" class=\"col-12\">\n<div id=\"horizontalTab\">\n<div class=\"resp-tabs-container\">\n<div class=\"resp-tab-content resp-tab-content-active\" aria-labelledby=\"tab_item-0\">\n<ul>\n<li>Construido en tubo de acero ovalado de 3 mm de espesor de alta calidad.<\/li>\n<li>Piezas m\u00f3viles montadas con placa de 0,5 cm de espesor.<\/li>\n<li>Piezas desmontables de acero macizo que evitan problemas de desgaste<\/li>\n<li>Las m\u00e1quinas est\u00e1n montadas sobre cojinetes (circulares o lineales) o ruedas y cojinetes de bronce.<\/li>\n<li>Brazos contrapesados que compensan el peso de la parte de la estructura a mover, de manera que el usuario solo levanta el peso seleccionado con las placas.<\/li>\n<li>Uso del sistema de levas para desarrollar un peso uniforme.\u00a0Mantiene una resistencia constante para el brazo de potencia durante todo el ejercicio.<\/li>\n<li>El proceso de pintura y anticorrosi\u00f3n de 4 etapas brinda garant\u00eda contra la corrosi\u00f3n. La primera capa es donde la estructura se desengrasa y fosfata a temperatura. La segunda es una aplicaci\u00f3n de prefosfato a temperatura ambiente. En el tercero se realiza el fosfatado en caliente. Y por \u00faltimo, la estructura se recubre con 2 capas de pintura\u00a0 epoxi power Coated.<\/li>\n<li>Las placas son de acero calibrado, pintadas de negro, cuentan con anillos de tefl\u00f3n de calidad superior, lo que produce un correcto deslizamiento y evita ruidos de fricci\u00f3n.<\/li>\n<li>Selectores de placa imantada.\u00a0Los imanes evitan que el selector se suelte durante el ejercicio.<\/li>\n<li>Torre de platos con indicadores de peso en kg.\u00a0y libras<\/li>\n<li>Las barras gu\u00eda est\u00e1n hechas de acero inoxidable.<\/li>\n<li>transmisi\u00f3n por cable.<\/li>\n<li>Carenados delantero y trasero para evitar accidentes mientras las placas est\u00e1n en movimiento.<\/li>\n<li>Respaldo de asiento acolchado y ajustes de rodillos.\u00a0Las m\u00e1quinas se pueden adaptar a cualquier usuario, ayud\u00e1ndole a realizar los ejercicios desde la postura correcta.<\/li>\n<li>Perillas de ajuste rojas para una f\u00e1cil ubicaci\u00f3n.<\/li>\n<li>Mangos de goma no absorbentes y antideslizantes.\u00a0Son altamente resistentes.<\/li>\n<li>Incluye dos bandejas de gran tama\u00f1o que sirven como botellero y portaobjetos.<\/li>\n<li>Tapizado con acolchado viscoel\u00e1stico y polipiel antibacteriana e ign\u00edfuga.<\/li>\n<li>Pictograma explicativo que explica la postura correcta para el ejercicio y qu\u00e9 m\u00fasculos intervienen.<\/li>\n<\/ul>\n<h6><strong>DIMENSIONES Y PESO:<\/strong><\/h6>\n<p>Medidas: 161,7 x 67,7 x 150 cm<\/p>\n<p>Peso: 208 KG<\/p>\n<p>Peso m\u00e1ximo de usuario: 180 KG<\/p>\n<p>STACK: 104<\/p>\n<p>&nbsp;<\/p>\n<\/div>\n<\/div>\n<\/div>\n<\/div>\n<\/div>\n<\/article>\n<\/div>\n<\/div>\n","protected":false},"excerpt":{"rendered":"<p>Dual ABDUCTOR\/ADDUCTOR Boss Strength, tiene un dise\u00f1o elegante y est\u00e9tico y su calidad es apta para un uso profesional. Est\u00e1 dise\u00f1ado ergon\u00f3micamente para proporcionar un movimiento<span class=\"excerpt-hellip\"> [\u2026]<\/span><\/p>\n","protected":false},"featured_media":3904,"template":"","meta":{"_joinchat":[]},"product_brand":[],"product_cat":[80,130,135,132,122,32,48,49],"product_tag":[],"class_list":{"0":"post-1755","1":"product","2":"type-product","3":"status-publish","4":"has-post-thumbnail","6":"product_cat-profesional-dual-abductor-adductor","7":"product_cat-boss-strength","8":"product_cat-oferta","9":"product_cat-powercrown","10":"product_cat-stock","11":"product_cat-profesional","12":"product_cat-peso-integrado-profesional","13":"product_cat-dual-profesional","15":"first","16":"instock","17":"sale","18":"shipping-taxable","19":"purchasable","20":"product-type-simple"},"_links":{"self":[{"href":"https:\/\/letsgofitness.cl\/index.php\/wp-json\/wp\/v2\/product\/1755","targetHints":{"allow":["GET"]}}],"collection":[{"href":"https:\/\/letsgofitness.cl\/index.php\/wp-json\/wp\/v2\/product"}],"about":[{"href":"https:\/\/letsgofitness.cl\/index.php\/wp-json\/wp\/v2\/types\/product"}],"wp:featuredmedia":[{"embeddable":true,"href":"https:\/\/letsgofitness.cl\/index.php\/wp-json\/wp\/v2\/media\/3904"}],"wp:attachment":[{"href":"https:\/\/letsgofitness.cl\/index.php\/wp-json\/wp\/v2\/media?parent=1755"}],"wp:term":[{"taxonomy":"product_brand","embeddable":true,"href":"https:\/\/letsgofitness.cl\/index.php\/wp-json\/wp\/v2\/product_brand?post=1755"},{"taxonomy":"product_cat","embeddable":true,"href":"https:\/\/letsgofitness.cl\/index.php\/wp-json\/wp\/v2\/product_cat?post=1755"},{"taxonomy":"product_tag","embeddable":true,"href":"https:\/\/letsgofitness.cl\/index.php\/wp-json\/wp\/v2\/product_tag?post=1755"}],"curies":[{"name":"wp","href":"https:\/\/api.w.org\/{rel}","templated":true}]}}