{"id":1651,"date":"2021-02-02T22:47:31","date_gmt":"2021-02-03T01:47:31","guid":{"rendered":"https:\/\/letsgofitness.cl\/?post_type=product&#038;p=1651"},"modified":"2026-04-10T11:11:11","modified_gmt":"2026-04-10T14:11:11","slug":"remo-indoor-boss-strength","status":"publish","type":"product","link":"https:\/\/letsgofitness.cl\/index.php\/producto\/remo-indoor-boss-strength\/","title":{"rendered":"REMO INDOOR BOSS STRENGTH"},"content":{"rendered":"<p>El remo de aire BOSS STRENGTH Fitness, perfectamente adecuado tanto para el gimnasio como para el uso dom\u00e9stico. Proporciona un movimiento de resistencia al aire ultra suave que le da esa sensaci\u00f3n realista &#8220;en el agua&#8221; y le permite elegir entre 16 niveles diferentes de resistencia magn\u00e9tica.\u00a0Con la posici\u00f3n alta para sentarse, la m\u00e1quina hace que sea m\u00e1s c\u00f3modo subir y bajar.\u00a0Los reposapi\u00e9s son ajustables y tienen almohadillas acolchadas con diferente \u00e1ngulo de tal\u00f3n para diferentes usuarios.\u00a0La vibrante consola LCD retroiluminada de 3 colores en azul brinda informaci\u00f3n detallada sobre todas las estad\u00edsticas clave de su entrenamiento.\u00a0Su \u00e1ngulo es ajustable para adaptarse a usuarios de diferentes alturas.\u00a0El remo de aire ofrece 16 programas, incluyendo 1 manual, 12 preestablecidos, 1 definido por el usuario, 1 HRC y 1 vatio,\u00a0que aseguran entrenamientos desafiantes y motivadores.\u00a0Cuando no est\u00e1 en uso, se puede plegar verticalmente para un almacenamiento m\u00e1s f\u00e1cil.<\/p>\n<p>&nbsp;<\/p>\n<h6><strong>CARACTER\u00cdSTICAS T\u00c9CNICAS:<\/strong><\/h6>\n<div class=\"section group yes-margin\">\n<div class=\"col span_1_of_2\">\n<ul>\n<li>Resistencia: Aire + 16 niveles de resistencia magn\u00e9tica<\/li>\n<li>Consola: LCD retroiluminado en azul de 3 colores, \u00e1ngulo de consola ajustable<\/li>\n<li>Tiempo, tiempo \/ 500 m, distancia, brazadas, calor\u00edas, frecuencia card\u00edaca, brazadas por minuto, recuperaci\u00f3n, vatios<\/li>\n<li>Programas: 16 (1 manual, 12 preestablecidos, 1 definido por el usuario, 1 HRC, 1 vatios)<\/li>\n<li>Medici\u00f3n de frecuencia card\u00edaca: receptor inal\u00e1mbrico + correa para el pecho (incluida)<\/li>\n<li>Reposapi\u00e9s: de gran tama\u00f1o, totalmente ajustable<\/li>\n<li>Manillar: Mango de agarre c\u00f3modo<\/li>\n<li>Plegado: Mecanismo de plegado<\/li>\n<li>Fuente de alimentaci\u00f3n: adaptador de red de 9 V<\/li>\n<li>Ruedas de transporte: S\u00ed<\/li>\n<\/ul>\n<\/div>\n<\/div>\n<h6><strong>DIMENSIONES Y PESO:<\/strong><\/h6>\n<div class=\"section group yes-margin\">\n<div class=\"col span_1_of_2\">\n<ul>\n<li>Dimensiones (en uso): Largo = 239 cm (94 &#8220;), Ancho = 46 cm (18&#8221;), Alto = 116 cm (45,7 &#8220;)<\/li>\n<li>Dimensiones (plegado): Largo = 105 (41,3 &#8220;), Ancho = 46 cm (18&#8221;), Alto = 207 cm (81,5 &#8220;)<\/li>\n<li>Peso del producto: 52,5 kg (115,7 libras)<\/li>\n<li>Peso m\u00e1ximo del usuario: 159 kg (350 libras)<\/li>\n<\/ul>\n<\/div>\n<\/div>\n","protected":false},"excerpt":{"rendered":"<p>El remo de aire BOSS STRENGTH Fitness, perfectamente adecuado tanto para el gimnasio como para el uso dom\u00e9stico. Proporciona un movimiento de resistencia al aire ultra<span class=\"excerpt-hellip\"> [\u2026]<\/span><\/p>\n","protected":false},"featured_media":1652,"template":"","meta":{"_joinchat":[]},"product_brand":[],"product_cat":[130,135,125,122,32,46],"product_tag":[],"class_list":{"0":"post-1651","1":"product","2":"type-product","3":"status-publish","4":"has-post-thumbnail","6":"product_cat-boss-strength","7":"product_cat-oferta","8":"product_cat-remador-rower","9":"product_cat-stock","10":"product_cat-profesional","11":"product_cat-cardio-profesional","13":"first","14":"instock","15":"sale","16":"shipping-taxable","17":"purchasable","18":"product-type-simple"},"_links":{"self":[{"href":"https:\/\/letsgofitness.cl\/index.php\/wp-json\/wp\/v2\/product\/1651","targetHints":{"allow":["GET"]}}],"collection":[{"href":"https:\/\/letsgofitness.cl\/index.php\/wp-json\/wp\/v2\/product"}],"about":[{"href":"https:\/\/letsgofitness.cl\/index.php\/wp-json\/wp\/v2\/types\/product"}],"wp:featuredmedia":[{"embeddable":true,"href":"https:\/\/letsgofitness.cl\/index.php\/wp-json\/wp\/v2\/media\/1652"}],"wp:attachment":[{"href":"https:\/\/letsgofitness.cl\/index.php\/wp-json\/wp\/v2\/media?parent=1651"}],"wp:term":[{"taxonomy":"product_brand","embeddable":true,"href":"https:\/\/letsgofitness.cl\/index.php\/wp-json\/wp\/v2\/product_brand?post=1651"},{"taxonomy":"product_cat","embeddable":true,"href":"https:\/\/letsgofitness.cl\/index.php\/wp-json\/wp\/v2\/product_cat?post=1651"},{"taxonomy":"product_tag","embeddable":true,"href":"https:\/\/letsgofitness.cl\/index.php\/wp-json\/wp\/v2\/product_tag?post=1651"}],"curies":[{"name":"wp","href":"https:\/\/api.w.org\/{rel}","templated":true}]}}