{"id":1524,"date":"2020-12-03T10:57:14","date_gmt":"2020-12-03T13:57:14","guid":{"rendered":"https:\/\/letsgofitness.cl\/?post_type=product&#038;p=1524"},"modified":"2026-04-10T11:08:49","modified_gmt":"2026-04-10T14:08:49","slug":"smith-machine-counter-balance-power-rack","status":"publish","type":"product","link":"https:\/\/letsgofitness.cl\/index.php\/producto\/smith-machine-counter-balance-power-rack\/","title":{"rendered":"SMITH MACHINE COUNTER BALANCE \/ POWER RACK &#8211; REALLEADER USA"},"content":{"rendered":"<p>La m\u00e1quina HS 1027C Smith con Power Rack de Realleader USA es una unidad de entrenamiento de fuerza con una barra fijada dentro de rieles de acero que permite solo movimiento vertical o casi vertical. Este es un equipo vers\u00e1til que se puede utilizar para realizar una amplia gama de ejercicios.<\/p>\n<p>&nbsp;<\/p>\n<h6><strong>\u00a0 \u00a0CARACTER\u00cdSTICAS T\u00c9CNICAS:<\/strong><\/h6>\n<ul>\n<li>Grosor perfiles 3MM.<\/li>\n<li>Material: Marco de acero<\/li>\n<li>La barra Smith Machine sigue una trayectoria fija de movimiento que ofrece la misma experiencia de entrenamiento que los atletas ol\u00edmpicos.<\/li>\n<li>M\u00e1quina vers\u00e1til que es adecuada para instalaciones de fitness o gimnasios en casa con alturas de techo bajas.<\/li>\n<li>Los cuernos adicionales pueden contener m\u00faltiples placas de peso.<\/li>\n<li>Movimiento vertical suave hacia arriba y hacia abajo del carro.<\/li>\n<li>Disposici\u00f3n de bloqueo de seguridad proporcionada en la unidad para una experiencia de entrenamiento segura.<\/li>\n<li>Los orificios espaciados uniformemente permiten a los usuarios de diferentes alturas trabajar con facilidad.<\/li>\n<li>Los agarres de pull-up anchos y angulares ayudan en diferentes ejercicios de pull-up.<\/li>\n<li>Brazos de observador proporcionados para mayor seguridad y comodidad.<\/li>\n<\/ul>\n<p>&nbsp;<\/p>\n<p>BENEFICIOS:<\/p>\n<ul>\n<li>El movimiento guiado seguro de la m\u00e1quina Smith ayuda al usuario a mantener el equilibrio y la forma, y tambi\u00e9n elimina la necesidad de un observador.<\/li>\n<li>Esta unidad est\u00e1 dise\u00f1ada y construida para ofrecer m\u00faltiples posibilidades de entrenamiento y para soportar un uso intensivo en un entorno de gimnasio comercial ocupado.<\/li>\n<li>La m\u00e1quina Smith se considera m\u00e1s segura de usar que una barra ordinaria debido a su movimiento guiado seguro.<\/li>\n<li>Algunos de los ejercicios que se pueden realizar con una m\u00e1quina smith incluyen press de banca, press de pecho, dominadas, sentadillas, estocadas, rizos, encogimientos de hombros, etc.<\/li>\n<\/ul>\n<p>&nbsp;<\/p>\n<h6><strong>DIMENSIONES Y PESO:<\/strong><\/h6>\n<p>MEDIDAS: 206 X 176 X 228.5 CM<\/p>\n<p>PESO: 135 KG<\/p>\n","protected":false},"excerpt":{"rendered":"<p>La m\u00e1quina HS 1027C Smith con Power Rack de Realleader USA es una unidad de entrenamiento de fuerza con una barra fijada dentro de rieles de<span class=\"excerpt-hellip\"> [\u2026]<\/span><\/p>\n","protected":false},"featured_media":6015,"template":"","meta":{"_joinchat":[]},"product_brand":[],"product_cat":[140,283,32,47,49,50],"product_tag":[],"class_list":{"0":"post-1524","1":"product","2":"type-product","3":"status-publish","4":"has-post-thumbnail","6":"product_cat-bancos-rack-smith","7":"product_cat-realleader","8":"product_cat-profesional","9":"product_cat-peso-libre-profesional","10":"product_cat-dual-profesional","11":"product_cat-funcional-profesional","13":"first","14":"outofstock","15":"shipping-taxable","16":"purchasable","17":"product-type-simple"},"_links":{"self":[{"href":"https:\/\/letsgofitness.cl\/index.php\/wp-json\/wp\/v2\/product\/1524","targetHints":{"allow":["GET"]}}],"collection":[{"href":"https:\/\/letsgofitness.cl\/index.php\/wp-json\/wp\/v2\/product"}],"about":[{"href":"https:\/\/letsgofitness.cl\/index.php\/wp-json\/wp\/v2\/types\/product"}],"wp:featuredmedia":[{"embeddable":true,"href":"https:\/\/letsgofitness.cl\/index.php\/wp-json\/wp\/v2\/media\/6015"}],"wp:attachment":[{"href":"https:\/\/letsgofitness.cl\/index.php\/wp-json\/wp\/v2\/media?parent=1524"}],"wp:term":[{"taxonomy":"product_brand","embeddable":true,"href":"https:\/\/letsgofitness.cl\/index.php\/wp-json\/wp\/v2\/product_brand?post=1524"},{"taxonomy":"product_cat","embeddable":true,"href":"https:\/\/letsgofitness.cl\/index.php\/wp-json\/wp\/v2\/product_cat?post=1524"},{"taxonomy":"product_tag","embeddable":true,"href":"https:\/\/letsgofitness.cl\/index.php\/wp-json\/wp\/v2\/product_tag?post=1524"}],"curies":[{"name":"wp","href":"https:\/\/api.w.org\/{rel}","templated":true}]}}