{"id":1522,"date":"2020-12-03T10:52:45","date_gmt":"2020-12-03T13:52:45","guid":{"rendered":"https:\/\/letsgofitness.cl\/?post_type=product&#038;p=1522"},"modified":"2026-04-10T11:08:49","modified_gmt":"2026-04-10T14:08:49","slug":"triceps-extension-profesional-peso-libre-olimpico-color-gris-negro","status":"publish","type":"product","link":"https:\/\/letsgofitness.cl\/index.php\/producto\/triceps-extension-profesional-peso-libre-olimpico-color-gris-negro\/","title":{"rendered":"TRICEPS EXTENSION PROFESIONAL REALLEADER USA"},"content":{"rendered":"<p>Permite al usuario realizar el ejercicio mirando hacia el interior o hacia el exterior. Excelente ejercicio para el levantamiento de pesas tradicional, a la vez que promueve el entrenamiento funcional, ya que el ejercicio reproduce la salida de una posici\u00f3n sentada. Como su nombre indica, se dirige eficazmente a los tr\u00edceps de los usuarios (ubicados en la parte posterior de la parte superior del brazo).<\/p>\n<p>&nbsp;<\/p>\n<p><strong>\u00a0 \u00a0CARACTER\u00cdSTICAS T\u00c9CNICAS:<\/strong><\/p>\n<ul>\n<li>Las asas de dise\u00f1o ergon\u00f3mico proporcionan agarres dobles para una mejor activaci\u00f3n muscular.<\/li>\n<li>Las asas est\u00e1n perfectamente dise\u00f1adas para un agarre natural que permite el m\u00e1ximo beneficio del ejercicio.<\/li>\n<li>Las m\u00faltiples posiciones de agarre en el mango le brindan varias opciones de ejercicio.<\/li>\n<li>C\u00f3modas almohadillas enrollables para un soporte \u00f3ptimo durante los entrenamientos.<\/li>\n<li>El dise\u00f1o de la m\u00e1quina coincide con el movimiento natural del cuerpo, por lo tanto, impacta con precisi\u00f3n los m\u00fasculos tr\u00edceps.<\/li>\n<li>El reposapi\u00e9s proporciona estabilidad para levantar peso.<\/li>\n<\/ul>\n<p>&nbsp;<\/p>\n<p>BENEFICIOS:<\/p>\n<ul>\n<li>El entrenamiento de fuerza del m\u00fasculo tr\u00edceps ayuda a estabilizar las articulaciones del hombro y el codo.<\/li>\n<li>Las actividades diarias, como levantar objetos pesados sobre la cabeza o empujar cosas (como una puerta o muebles en movimiento) requieren tr\u00edceps fuertes.<\/li>\n<li>Los tr\u00edceps bien construidos pueden ayudar a mejorar el rendimiento en actividades atl\u00e9ticas como nadar, jugar tenis, lanzar una pelota, etc.<\/li>\n<\/ul>\n<p>&nbsp;<\/p>\n<p><strong>DIMENSIONES Y PESO:<\/strong><\/p>\n<ul>\n<li>Medidas: 170 x 97 x 107 CM<\/li>\n<li>Peso<strong>:<\/strong> 105 KG<\/li>\n<\/ul>\n","protected":false},"excerpt":{"rendered":"<p>Permite al usuario realizar el ejercicio mirando hacia el interior o hacia el exterior. Excelente ejercicio para el levantamiento de pesas tradicional, a la vez que<span class=\"excerpt-hellip\"> [\u2026]<\/span><\/p>\n","protected":false},"featured_media":5807,"template":"","meta":{"_joinchat":[]},"product_brand":[],"product_cat":[283,32,47],"product_tag":[],"class_list":{"0":"post-1522","1":"product","2":"type-product","3":"status-publish","4":"has-post-thumbnail","6":"product_cat-realleader","7":"product_cat-profesional","8":"product_cat-peso-libre-profesional","10":"first","11":"outofstock","12":"shipping-taxable","13":"purchasable","14":"product-type-simple"},"_links":{"self":[{"href":"https:\/\/letsgofitness.cl\/index.php\/wp-json\/wp\/v2\/product\/1522","targetHints":{"allow":["GET"]}}],"collection":[{"href":"https:\/\/letsgofitness.cl\/index.php\/wp-json\/wp\/v2\/product"}],"about":[{"href":"https:\/\/letsgofitness.cl\/index.php\/wp-json\/wp\/v2\/types\/product"}],"wp:featuredmedia":[{"embeddable":true,"href":"https:\/\/letsgofitness.cl\/index.php\/wp-json\/wp\/v2\/media\/5807"}],"wp:attachment":[{"href":"https:\/\/letsgofitness.cl\/index.php\/wp-json\/wp\/v2\/media?parent=1522"}],"wp:term":[{"taxonomy":"product_brand","embeddable":true,"href":"https:\/\/letsgofitness.cl\/index.php\/wp-json\/wp\/v2\/product_brand?post=1522"},{"taxonomy":"product_cat","embeddable":true,"href":"https:\/\/letsgofitness.cl\/index.php\/wp-json\/wp\/v2\/product_cat?post=1522"},{"taxonomy":"product_tag","embeddable":true,"href":"https:\/\/letsgofitness.cl\/index.php\/wp-json\/wp\/v2\/product_tag?post=1522"}],"curies":[{"name":"wp","href":"https:\/\/api.w.org\/{rel}","templated":true}]}}