{"id":15191,"date":"2026-05-08T16:39:12","date_gmt":"2026-05-08T19:39:12","guid":{"rendered":"https:\/\/letsgofitness.cl\/?post_type=product&#038;p=15191"},"modified":"2026-05-08T17:58:57","modified_gmt":"2026-05-08T20:58:57","slug":"preventa-press-prensa-pendulum-boss-strength","status":"publish","type":"product","link":"https:\/\/letsgofitness.cl\/index.php\/producto\/preventa-press-prensa-pendulum-boss-strength\/","title":{"rendered":"PREVENTA PRESS (PRENSA PENDULUM) BOSS STRENGTH"},"content":{"rendered":"<h6 class=\"resp-accordion resp-tab-active\" role=\"tab\"><strong>CARACTER\u00cdSTICAS T\u00c9CNICAS.<\/strong><\/h6>\n<ul>\n<li><strong>Estructura:\u00a0<\/strong>Fabricada en tubo de acero en\u00a0 3 mm de grosor.<\/li>\n<li><strong>Pintura:\u00a0<\/strong>El proceso de pintado de las m\u00e1quinas se realiza en un t\u00fanel de tratamiento de cuatro etapas, lo que ofrece una garant\u00eda absoluta contra la corrosi\u00f3n. La primera etapa se desengrasa y se fosfata en caliente. La segunda es un prefosfatado a temperatura ambiente. En la tercera se procede a la fosfataci\u00f3n en caliente. Y finalmente, la estructura se cubre con dos capas de pintura epoxi en polvo.<\/li>\n<li><strong>Tapizado:\u00a0<\/strong>Espuma en 3 cm. grosor \u00a0y 150 kg. de presi\u00f3n(Alta Densidad). La piel sint\u00e9tica es ign\u00edfuga y porosa. La tapicer\u00eda de las m\u00e1quinas es anat\u00f3mica.<\/li>\n<li>Angulo de respaldo ajustable.<\/li>\n<\/ul>\n<h6 class=\"resp-tab-content resp-tab-content-active\" aria-labelledby=\"tab_item-0\"><strong>DIMENSIONES Y PESOS:<\/strong><\/h6>\n<div class=\"resp-tab-content resp-tab-content-active\" aria-labelledby=\"tab_item-1\">\n<ul>\n<li><b><strong>Longitud<\/strong>\u00a0:<\/b>\u00a0210 cm.<\/li>\n<li><b><strong>Ancho:<\/strong><\/b>174 cm.<\/li>\n<li><b><strong>Altura:<\/strong><\/b>153 cm.<\/li>\n<li><b><strong>Peso:<\/strong>\u00a0250<\/b>\u00a0kilogramos.<\/li>\n<\/ul>\n<\/div>\n","protected":false},"excerpt":{"rendered":"<div class=\"resp-tab-content resp-tab-content-active\" aria-labelledby=\"tab_item-1\">\n<p><strong>PREVENTA ACTIVA<\/strong><\/p>\n<\/div>\n<p><strong>V\u00c1LIDA HASTA EL 15 DE MAYO DEL 2026<\/strong><\/p>\n<p><strong>STOCK DISPONIBLE DESDE EL 25 DE MAYO DEL 2026<\/strong><\/p>\n<p><strong>(CONTEMPLAR RETRASO DE EMBARQUE)<\/strong><\/p>\n","protected":false},"featured_media":15192,"template":"","meta":{"_joinchat":[]},"product_brand":[],"product_cat":[130,135,88,121,32],"product_tag":[],"class_list":{"0":"post-15191","1":"product","2":"type-product","3":"status-publish","4":"has-post-thumbnail","6":"product_cat-boss-strength","7":"product_cat-oferta","8":"product_cat-semiprofesional-peso-libre","9":"product_cat-proximamente-en-stock","10":"product_cat-profesional","12":"first","13":"instock","14":"sale","15":"shipping-taxable","16":"purchasable","17":"product-type-simple"},"_links":{"self":[{"href":"https:\/\/letsgofitness.cl\/index.php\/wp-json\/wp\/v2\/product\/15191","targetHints":{"allow":["GET"]}}],"collection":[{"href":"https:\/\/letsgofitness.cl\/index.php\/wp-json\/wp\/v2\/product"}],"about":[{"href":"https:\/\/letsgofitness.cl\/index.php\/wp-json\/wp\/v2\/types\/product"}],"wp:featuredmedia":[{"embeddable":true,"href":"https:\/\/letsgofitness.cl\/index.php\/wp-json\/wp\/v2\/media\/15192"}],"wp:attachment":[{"href":"https:\/\/letsgofitness.cl\/index.php\/wp-json\/wp\/v2\/media?parent=15191"}],"wp:term":[{"taxonomy":"product_brand","embeddable":true,"href":"https:\/\/letsgofitness.cl\/index.php\/wp-json\/wp\/v2\/product_brand?post=15191"},{"taxonomy":"product_cat","embeddable":true,"href":"https:\/\/letsgofitness.cl\/index.php\/wp-json\/wp\/v2\/product_cat?post=15191"},{"taxonomy":"product_tag","embeddable":true,"href":"https:\/\/letsgofitness.cl\/index.php\/wp-json\/wp\/v2\/product_tag?post=15191"}],"curies":[{"name":"wp","href":"https:\/\/api.w.org\/{rel}","templated":true}]}}