{"id":1519,"date":"2020-12-03T10:44:00","date_gmt":"2020-12-03T13:44:00","guid":{"rendered":"https:\/\/letsgofitness.cl\/?post_type=product&#038;p=1519"},"modified":"2026-04-10T11:08:49","modified_gmt":"2026-04-10T14:08:49","slug":"iso-lateral-leg-curl-profesional-peso-libre-olimpico-color-negro-gris","status":"publish","type":"product","link":"https:\/\/letsgofitness.cl\/index.php\/producto\/iso-lateral-leg-curl-profesional-peso-libre-olimpico-color-negro-gris\/","title":{"rendered":"ISO LATERAL LEG CURL PROFESIONAL REALLEADER USA"},"content":{"rendered":"<h6>Es la m\u00e1quina m\u00e1s adecuada para atacar los isquiotibiales de manera efectiva. El limitador de rango est\u00e1ndar permite limitar el inicio o el final del rango de movimiento. La versi\u00f3n isolateral del PLLC permite el entrenamiento independiente de las piernas para un desarrollo igual de la fuerza. El \u00e1ngulo divergente entre las almohadillas de la cadera y el pecho ayuda a reducir la tensi\u00f3n en la parte inferior de la espalda.<\/h6>\n<p>&nbsp;<\/p>\n<h6>\u00a0 \u00a0<strong>CARACTERISTICAS:<\/strong><\/h6>\n<ul>\n<li>El movimiento lateral ISO permite el desarrollo de la misma fuerza.<\/li>\n<li>Rodillo de espuma acolchado para levantar sin ninguna molestia.<\/li>\n<li>Los \u00e1ngulos perfectamente dise\u00f1ados permiten el movimiento convergente y divergente de los brazos de movimiento que permiten una trayectoria natural de movimiento.<\/li>\n<li>Ajustes superiores previos al estiramiento y el impacto preciso en los isquiotibiales.<\/li>\n<\/ul>\n<p>&nbsp;<\/p>\n<p>BENEFICIOS:<\/p>\n<ul>\n<li>Tener isquiotibiales fuertes y flexibles es un factor importante en la fuerza, el equilibrio y la resistencia general de un individuo.<\/li>\n<li>Esta fuerza tambi\u00e9n ayuda a evitar lesiones en la vida cotidiana y puede soportar entrenamientos pesados en el gimnasio.<\/li>\n<li>Los rizos de las piernas tambi\u00e9n contribuyen a mejorar la fuerza cardiovascular y el control del peso, lo que a su vez puede reducir y ayudar a prevenir el dolor cr\u00f3nico.<\/li>\n<\/ul>\n<p>&nbsp;<\/p>\n<h6>\u00a0 \u00a0<strong>DIMENSIONES Y PESO:<\/strong><\/h6>\n<ul>\n<li>Medidas<strong>:<\/strong> 180 x 135 x 100 CM<\/li>\n<li>Peso<strong>:<\/strong>\u00a0115kg.<\/li>\n<\/ul>\n","protected":false},"excerpt":{"rendered":"<p>Es la m\u00e1quina m\u00e1s adecuada para atacar los isquiotibiales de manera efectiva. El limitador de rango est\u00e1ndar permite limitar el inicio o el final del rango<span class=\"excerpt-hellip\"> [\u2026]<\/span><\/p>\n","protected":false},"featured_media":5806,"template":"","meta":{"_joinchat":[]},"product_brand":[],"product_cat":[124,122,32,47],"product_tag":[],"class_list":{"0":"post-1519","1":"product","2":"type-product","3":"status-publish","4":"has-post-thumbnail","6":"product_cat-ofertas","7":"product_cat-stock","8":"product_cat-profesional","9":"product_cat-peso-libre-profesional","11":"first","12":"outofstock","13":"shipping-taxable","14":"purchasable","15":"product-type-simple"},"_links":{"self":[{"href":"https:\/\/letsgofitness.cl\/index.php\/wp-json\/wp\/v2\/product\/1519","targetHints":{"allow":["GET"]}}],"collection":[{"href":"https:\/\/letsgofitness.cl\/index.php\/wp-json\/wp\/v2\/product"}],"about":[{"href":"https:\/\/letsgofitness.cl\/index.php\/wp-json\/wp\/v2\/types\/product"}],"wp:featuredmedia":[{"embeddable":true,"href":"https:\/\/letsgofitness.cl\/index.php\/wp-json\/wp\/v2\/media\/5806"}],"wp:attachment":[{"href":"https:\/\/letsgofitness.cl\/index.php\/wp-json\/wp\/v2\/media?parent=1519"}],"wp:term":[{"taxonomy":"product_brand","embeddable":true,"href":"https:\/\/letsgofitness.cl\/index.php\/wp-json\/wp\/v2\/product_brand?post=1519"},{"taxonomy":"product_cat","embeddable":true,"href":"https:\/\/letsgofitness.cl\/index.php\/wp-json\/wp\/v2\/product_cat?post=1519"},{"taxonomy":"product_tag","embeddable":true,"href":"https:\/\/letsgofitness.cl\/index.php\/wp-json\/wp\/v2\/product_tag?post=1519"}],"curies":[{"name":"wp","href":"https:\/\/api.w.org\/{rel}","templated":true}]}}