{"id":14879,"date":"2026-04-08T16:17:35","date_gmt":"2026-04-08T19:17:35","guid":{"rendered":"https:\/\/letsgofitness.cl\/?post_type=product&#038;p=14879"},"modified":"2026-04-10T11:13:00","modified_gmt":"2026-04-10T14:13:00","slug":"corebag-sand-bag-boss-strength-modelo-2","status":"publish","type":"product","link":"https:\/\/letsgofitness.cl\/index.php\/producto\/corebag-sand-bag-boss-strength-modelo-2\/","title":{"rendered":"COREBAG SAND BAG BOSS STRENGTH MODELO 2"},"content":{"rendered":"<p><strong>Caracter\u00edsticas t\u00e9cnicas:<\/strong><\/p>\n<ul>\n<li><strong>Corebag sand<\/strong>, se utilizan para entrenamiento de fuerza y acondicionamiento.<\/li>\n<li>Involucra m\u00faltiples grupos musculares, mejorando la fuerza.<\/li>\n<li>Adecuados para gimnasios gym home o al aire libre.<\/li>\n<li>Su forma compacta los hace f\u00e1ciles de almacenar y transportar.<\/li>\n<\/ul>\n","protected":false},"excerpt":{"rendered":"<p>Caracter\u00edsticas t\u00e9cnicas: Corebag sand, se utilizan para entrenamiento de fuerza y acondicionamiento. Involucra m\u00faltiples grupos musculares, mejorando la fuerza. Adecuados para gimnasios gym home o al<span class=\"excerpt-hellip\"> [\u2026]<\/span><\/p>\n","protected":false},"featured_media":14994,"template":"","meta":{"_joinchat":[]},"product_brand":[],"product_cat":[106],"product_tag":[],"class_list":{"0":"post-14879","1":"product","2":"type-product","3":"status-publish","4":"has-post-thumbnail","6":"product_cat-accesorios","8":"first","9":"instock","10":"shipping-taxable","11":"purchasable","12":"product-type-variable"},"_links":{"self":[{"href":"https:\/\/letsgofitness.cl\/index.php\/wp-json\/wp\/v2\/product\/14879","targetHints":{"allow":["GET"]}}],"collection":[{"href":"https:\/\/letsgofitness.cl\/index.php\/wp-json\/wp\/v2\/product"}],"about":[{"href":"https:\/\/letsgofitness.cl\/index.php\/wp-json\/wp\/v2\/types\/product"}],"wp:featuredmedia":[{"embeddable":true,"href":"https:\/\/letsgofitness.cl\/index.php\/wp-json\/wp\/v2\/media\/14994"}],"wp:attachment":[{"href":"https:\/\/letsgofitness.cl\/index.php\/wp-json\/wp\/v2\/media?parent=14879"}],"wp:term":[{"taxonomy":"product_brand","embeddable":true,"href":"https:\/\/letsgofitness.cl\/index.php\/wp-json\/wp\/v2\/product_brand?post=14879"},{"taxonomy":"product_cat","embeddable":true,"href":"https:\/\/letsgofitness.cl\/index.php\/wp-json\/wp\/v2\/product_cat?post=14879"},{"taxonomy":"product_tag","embeddable":true,"href":"https:\/\/letsgofitness.cl\/index.php\/wp-json\/wp\/v2\/product_tag?post=14879"}],"curies":[{"name":"wp","href":"https:\/\/api.w.org\/{rel}","templated":true}]}}